{"id":23622,"date":"2025-10-27T22:59:25","date_gmt":"2025-10-27T21:59:25","guid":{"rendered":"https:\/\/tremunpiercing.com\/?post_type=product&#038;p=23622"},"modified":"2026-04-09T10:04:55","modified_gmt":"2026-04-09T09:04:55","slug":"mystic-emerald","status":"publish","type":"product","link":"https:\/\/tremunpiercing.com\/es\/product\/mystic-emerald\/","title":{"rendered":"M\u00edstica - Esmeralda"},"content":{"rendered":"<p>El accesorio pasador de esmeralda Mystic personifica la uni\u00f3n del lujo y el dise\u00f1o sobrio. Con un impresionante centro de esmeralda de laboratorio y un brillante acento de gema blanca de Swarovski, esta pieza es el ep\u00edtome de un contraste vibrante y elegante en su colecci\u00f3n de accesorios. El sistema de pasador a presi\u00f3n 25G permite una f\u00e1cil instalaci\u00f3n, perfecto para piercings cicatrizados en oreja, h\u00e9lix o fosa nasal.<\/p>\n<p>Su dise\u00f1o ligero es tan seguro como bello y es totalmente hipoalerg\u00e9nico, por lo que resulta adecuado para un uso prolongado. Una verdadera pieza de joyer\u00eda fina para el cuerpo. Dise\u00f1ado para el artista que busca la elegancia y la artesan\u00eda, el Mystic Emerald es una hermosa adici\u00f3n a una exhibici\u00f3n de orejas curadas o piercings finos.<\/p>","protected":false},"excerpt":{"rendered":"<ul>\n<li>Accesorio pasador<\/li>\n<li>Calibre: 25G<\/li>\n<li>Material: Oro amarillo 14k<\/li>\n<li>Gema: Esmeralda de laboratorio + SW Blanco<\/li>\n<\/ul>","protected":false},"featured_media":23623,"comment_status":"closed","ping_status":"closed","template":"","meta":{"_acf_changed":false},"product_brand":[],"product_cat":[400,337,463],"product_tag":[187,188,189,205,206,190,183,184,207],"class_list":{"0":"post-23622","1":"product","2":"type-product","3":"status-publish","4":"has-post-thumbnail","6":"product_cat-tremun","7":"product_cat-gold-jewelry","8":"product_cat-tops-gold-tremun","9":"product_tag-conch","10":"product_tag-ear","11":"product_tag-helix","12":"product_tag-lobe","13":"product_tag-lobulo","14":"product_tag-oreja","15":"product_tag-perforacion","16":"product_tag-piercing","17":"product_tag-tragus","19":"first","20":"instock","21":"taxable","22":"shipping-taxable","23":"purchasable","24":"product-type-simple"},"acf":[],"gallery_images":[29201,29202],"_links":{"self":[{"href":"https:\/\/tremunpiercing.com\/es\/wp-json\/wp\/v2\/product\/23622","targetHints":{"allow":["GET"]}}],"collection":[{"href":"https:\/\/tremunpiercing.com\/es\/wp-json\/wp\/v2\/product"}],"about":[{"href":"https:\/\/tremunpiercing.com\/es\/wp-json\/wp\/v2\/types\/product"}],"replies":[{"embeddable":true,"href":"https:\/\/tremunpiercing.com\/es\/wp-json\/wp\/v2\/comments?post=23622"}],"version-history":[{"count":1,"href":"https:\/\/tremunpiercing.com\/es\/wp-json\/wp\/v2\/product\/23622\/revisions"}],"predecessor-version":[{"id":29203,"href":"https:\/\/tremunpiercing.com\/es\/wp-json\/wp\/v2\/product\/23622\/revisions\/29203"}],"wp:featuredmedia":[{"embeddable":true,"href":"https:\/\/tremunpiercing.com\/es\/wp-json\/wp\/v2\/media\/23623"}],"wp:attachment":[{"href":"https:\/\/tremunpiercing.com\/es\/wp-json\/wp\/v2\/media?parent=23622"}],"wp:term":[{"taxonomy":"product_brand","embeddable":true,"href":"https:\/\/tremunpiercing.com\/es\/wp-json\/wp\/v2\/product_brand?post=23622"},{"taxonomy":"product_cat","embeddable":true,"href":"https:\/\/tremunpiercing.com\/es\/wp-json\/wp\/v2\/product_cat?post=23622"},{"taxonomy":"product_tag","embeddable":true,"href":"https:\/\/tremunpiercing.com\/es\/wp-json\/wp\/v2\/product_tag?post=23622"}],"curies":[{"name":"wp","href":"https:\/\/api.w.org\/{rel}","templated":true}]}}