{"id":26315,"date":"2026-02-19T12:35:08","date_gmt":"2026-02-19T11:35:08","guid":{"rendered":"https:\/\/tremunpiercing.com\/?post_type=product&#038;p=26315"},"modified":"2026-04-22T16:24:04","modified_gmt":"2026-04-22T15:24:04","slug":"lucius-garnet-push-pin","status":"publish","type":"product","link":"https:\/\/tremunpiercing.com\/es\/product\/lucius-garnet-push-pin\/","title":{"rendered":"Pasador Lucius Granate"},"content":{"rendered":"<p>El Lucius Garnet es un valiente y bello ejemplo de joyer\u00eda perforada con rosca interna fabricada en oro amarillo macizo de 14 quilates. Esta pieza de 25G x 6mm cuenta con una gema de granate rojo muy profundo, mezclando lujo y seguridad profesional en un solo producto de piercing. El dise\u00f1o de pasador de empuje asegura inserciones f\u00e1ciles y el uso de ambos 16G y 14G labrets sin rosca en funci\u00f3n de su preferencia o disponibilidad. Los profesionales del piercing conf\u00edan en Lucius, y Lucius s\u00f3lo quiere lo mejor para sus clientes, y por eso, esta joya es perfecta para su base de clientes de gama alta que esperan lo mejor: joyas seguras, hipoalerg\u00e9nicas y de lujo. Puede a\u00f1adir el Lucius Garnet a su inventario al por mayor y ofrecer a sus clientes lujosas joyas cultivadas de grado m\u00e9dico para perforaciones corporales que pueden sentirse completamente seguros de su elecci\u00f3n.<\/p>","protected":false},"excerpt":{"rendered":"<ul>\n<li>Threadless<\/li>\n<li>Material: Oro amarillo 14k<\/li>\n<li>Gema Granate<\/li>\n<li>Calibre: 25G<\/li>\n<li>Tama\u00f1o: 6 mm<\/li>\n<\/ul>","protected":false},"featured_media":14464,"comment_status":"closed","ping_status":"closed","template":"","meta":{"_acf_changed":false},"product_brand":[],"product_cat":[337,451,400],"product_tag":[187,188,189,205,206,212,190,183,213,184,207],"class_list":{"0":"post-26315","1":"product","2":"type-product","3":"status-publish","4":"has-post-thumbnail","6":"product_cat-gold-jewelry","7":"product_cat-roman-collection","8":"product_cat-tremun","9":"product_tag-conch","10":"product_tag-ear","11":"product_tag-helix","12":"product_tag-lobe","13":"product_tag-lobulo","14":"product_tag-medusa","15":"product_tag-oreja","16":"product_tag-perforacion","17":"product_tag-philtrum","18":"product_tag-piercing","19":"product_tag-tragus","21":"first","22":"instock","23":"taxable","24":"shipping-taxable","25":"purchasable","26":"product-type-simple"},"acf":[],"gallery_images":[29186,29187],"_links":{"self":[{"href":"https:\/\/tremunpiercing.com\/es\/wp-json\/wp\/v2\/product\/26315","targetHints":{"allow":["GET"]}}],"collection":[{"href":"https:\/\/tremunpiercing.com\/es\/wp-json\/wp\/v2\/product"}],"about":[{"href":"https:\/\/tremunpiercing.com\/es\/wp-json\/wp\/v2\/types\/product"}],"replies":[{"embeddable":true,"href":"https:\/\/tremunpiercing.com\/es\/wp-json\/wp\/v2\/comments?post=26315"}],"version-history":[{"count":1,"href":"https:\/\/tremunpiercing.com\/es\/wp-json\/wp\/v2\/product\/26315\/revisions"}],"predecessor-version":[{"id":29188,"href":"https:\/\/tremunpiercing.com\/es\/wp-json\/wp\/v2\/product\/26315\/revisions\/29188"}],"wp:featuredmedia":[{"embeddable":true,"href":"https:\/\/tremunpiercing.com\/es\/wp-json\/wp\/v2\/media\/14464"}],"wp:attachment":[{"href":"https:\/\/tremunpiercing.com\/es\/wp-json\/wp\/v2\/media?parent=26315"}],"wp:term":[{"taxonomy":"product_brand","embeddable":true,"href":"https:\/\/tremunpiercing.com\/es\/wp-json\/wp\/v2\/product_brand?post=26315"},{"taxonomy":"product_cat","embeddable":true,"href":"https:\/\/tremunpiercing.com\/es\/wp-json\/wp\/v2\/product_cat?post=26315"},{"taxonomy":"product_tag","embeddable":true,"href":"https:\/\/tremunpiercing.com\/es\/wp-json\/wp\/v2\/product_tag?post=26315"}],"curies":[{"name":"wp","href":"https:\/\/api.w.org\/{rel}","templated":true}]}}