{"id":26351,"date":"2026-02-19T15:11:57","date_gmt":"2026-02-19T14:11:57","guid":{"rendered":"https:\/\/tremunpiercing.com\/?post_type=product&#038;p=26351"},"modified":"2026-03-17T01:39:13","modified_gmt":"2026-03-17T00:39:13","slug":"minerva-garnet-push-pin","status":"publish","type":"product","link":"https:\/\/tremunpiercing.com\/es\/product\/minerva-garnet-push-pin\/","title":{"rendered":"Pasador Minerva Granate"},"content":{"rendered":"<p>El alfiler Minerva Garnet Push es la uni\u00f3n del lujo del oro amarillo macizo de 14 quilates y el atrevido brillo de una gema de granate rojo intenso. Con un grosor de 25G y 6 mm, esta pieza sin rosca interna permite una inserci\u00f3n m\u00e1s f\u00e1cil y un uso sin irritaciones, lo que la convierte en una buena elecci\u00f3n para clientes sensibles o perforadores profesionales. La gema granate proporciona un espectacular estallido de color para crear un aspecto elevado que puede realzar cualquier colecci\u00f3n de joyas. Ideal para tiendas de tatuajes, estudios de piercing y minoristas de joyer\u00eda, el pasador Minerva Garnet logra un equilibrio entre elegancia y seguridad de grado m\u00e9dico.<\/p>","protected":false},"excerpt":{"rendered":"<ul>\n<li>Internamente sin hilos<\/li>\n<li>Material: Oro amarillo 14k<\/li>\n<li>Gema Granate<\/li>\n<li>Calibre: 25G<\/li>\n<li>Tama\u00f1o: 6 mm<\/li>\n<\/ul>","protected":false},"featured_media":14456,"comment_status":"closed","ping_status":"closed","template":"","meta":{"_acf_changed":false},"product_brand":[],"product_cat":[337,451,400],"product_tag":[187,188,189,205,206,212,190,183,213,184,207],"class_list":{"0":"post-26351","1":"product","2":"type-product","3":"status-publish","4":"has-post-thumbnail","6":"product_cat-gold-jewelry","7":"product_cat-roman-collection","8":"product_cat-tremun","9":"product_tag-conch","10":"product_tag-ear","11":"product_tag-helix","12":"product_tag-lobe","13":"product_tag-lobulo","14":"product_tag-medusa","15":"product_tag-oreja","16":"product_tag-perforacion","17":"product_tag-philtrum","18":"product_tag-piercing","19":"product_tag-tragus","21":"first","22":"outofstock","23":"taxable","24":"shipping-taxable","25":"purchasable","26":"product-type-simple"},"acf":[],"gallery_images":[],"_links":{"self":[{"href":"https:\/\/tremunpiercing.com\/es\/wp-json\/wp\/v2\/product\/26351","targetHints":{"allow":["GET"]}}],"collection":[{"href":"https:\/\/tremunpiercing.com\/es\/wp-json\/wp\/v2\/product"}],"about":[{"href":"https:\/\/tremunpiercing.com\/es\/wp-json\/wp\/v2\/types\/product"}],"replies":[{"embeddable":true,"href":"https:\/\/tremunpiercing.com\/es\/wp-json\/wp\/v2\/comments?post=26351"}],"version-history":[{"count":0,"href":"https:\/\/tremunpiercing.com\/es\/wp-json\/wp\/v2\/product\/26351\/revisions"}],"wp:featuredmedia":[{"embeddable":true,"href":"https:\/\/tremunpiercing.com\/es\/wp-json\/wp\/v2\/media\/14456"}],"wp:attachment":[{"href":"https:\/\/tremunpiercing.com\/es\/wp-json\/wp\/v2\/media?parent=26351"}],"wp:term":[{"taxonomy":"product_brand","embeddable":true,"href":"https:\/\/tremunpiercing.com\/es\/wp-json\/wp\/v2\/product_brand?post=26351"},{"taxonomy":"product_cat","embeddable":true,"href":"https:\/\/tremunpiercing.com\/es\/wp-json\/wp\/v2\/product_cat?post=26351"},{"taxonomy":"product_tag","embeddable":true,"href":"https:\/\/tremunpiercing.com\/es\/wp-json\/wp\/v2\/product_tag?post=26351"}],"curies":[{"name":"wp","href":"https:\/\/api.w.org\/{rel}","templated":true}]}}