{"id":5605,"date":"2023-08-09T17:08:36","date_gmt":"2023-08-09T16:08:36","guid":{"rendered":"https:\/\/tremunpiercing.com\/?post_type=product&#038;p=5605"},"modified":"2026-04-15T13:44:28","modified_gmt":"2026-04-15T12:44:28","slug":"tremun-diamond-push-pin-nostril","status":"publish","type":"product","link":"https:\/\/tremunpiercing.com\/es\/product\/tremun-diamond-push-pin-nostril\/","title":{"rendered":"Tremun Diamond (Pasador - Nariz)"},"content":{"rendered":"<p>El pasador Tremun Diamond es una opci\u00f3n de alta gama para piercings en fosas nasales, con un brillante diamante VS1 en un pasador macizo de oro amarillo o blanco de 14 quilates o platino. Excelente para su modesto di\u00e1metro de 2 mm, proporciona una luz suave y un brillo lujoso al tiempo que presume de calidad profesional y est\u00e1ndares de seguridad. Est\u00e1 hecho para labrets con pasador a presi\u00f3n, por lo que se ajusta perfectamente a la nariz y permite una inserci\u00f3n f\u00e1cil y tranquila sin sacrificar la comodidad del cliente. La joya es hipoalerg\u00e9nica, los materiales est\u00e1n fabricados o pulidos para que sean lo suficientemente suaves como para evitar cualquier molestia, por lo que ser\u00eda totalmente apta para pieles sensibles gracias a los materiales de joyer\u00eda corporal de alta calidad.<\/p>\n<p>Es perfecto para estudios de piercing, tiendas de tatuajes y minoristas profesionales de gama alta. Como una opci\u00f3n minimalista pero de alta calidad, el Tremun Diamond push pin es apropiado para la clientela que busca simplicidad, pero la seguridad de grado implante de joyer\u00eda corporal de alta calidad tambi\u00e9n satisfar\u00eda a muchos clientes. Para los perforadores profesionales, el excelente dise\u00f1o del pasador de ajuste del v\u00e1stago es extraordinariamente repetible incluso para un perforador principiante, y su excepcional durabilidad permite un uso estable durante a\u00f1os.<\/p>\n<p>Los pasadores Tremun Diamond elevan a\u00fan m\u00e1s el nivel de la cartera de piercings en los mercados europeo, estadounidense y brit\u00e1nico, donde hay demanda de detalles de alta gama y joyer\u00eda corporal fina. Su brillo de diamante y su preciso dise\u00f1o de pasador son ahora perfectos para los especiales de d\u00eda o de noche cuando se llevan joyas corporales finas.<\/p>","protected":false},"excerpt":{"rendered":"<ul>\n<li>Accesorio Push Pin<\/li>\n<li>Compatible con labrets de pasador a presi\u00f3n<\/li>\n<li>Material: Oro amarillo 14k u Oro blanco 14k, broche de platino<\/li>\n<li>Gema: Diamante VS1<\/li>\n<li>Di\u00e1metro: 2 mm<\/li>\n<\/ul>","protected":false},"featured_media":12539,"comment_status":"closed","ping_status":"closed","template":"","meta":{"_acf_changed":false},"product_brand":[],"product_cat":[337,463,400],"product_tag":[187,188,189,205,206,199,190,183,184,207],"class_list":{"0":"post-5605","1":"product","2":"type-product","3":"status-publish","4":"has-post-thumbnail","6":"product_cat-gold-jewelry","7":"product_cat-tops-gold-tremun","8":"product_cat-tremun","9":"product_tag-conch","10":"product_tag-ear","11":"product_tag-helix","12":"product_tag-lobe","13":"product_tag-lobulo","14":"product_tag-nostril","15":"product_tag-oreja","16":"product_tag-perforacion","17":"product_tag-piercing","18":"product_tag-tragus","20":"first","21":"instock","22":"taxable","23":"shipping-taxable","24":"purchasable","25":"product-type-variable"},"acf":[],"gallery_images":[29725,29724,12529,29723,29722],"_links":{"self":[{"href":"https:\/\/tremunpiercing.com\/es\/wp-json\/wp\/v2\/product\/5605","targetHints":{"allow":["GET"]}}],"collection":[{"href":"https:\/\/tremunpiercing.com\/es\/wp-json\/wp\/v2\/product"}],"about":[{"href":"https:\/\/tremunpiercing.com\/es\/wp-json\/wp\/v2\/types\/product"}],"replies":[{"embeddable":true,"href":"https:\/\/tremunpiercing.com\/es\/wp-json\/wp\/v2\/comments?post=5605"}],"version-history":[{"count":1,"href":"https:\/\/tremunpiercing.com\/es\/wp-json\/wp\/v2\/product\/5605\/revisions"}],"predecessor-version":[{"id":29726,"href":"https:\/\/tremunpiercing.com\/es\/wp-json\/wp\/v2\/product\/5605\/revisions\/29726"}],"wp:featuredmedia":[{"embeddable":true,"href":"https:\/\/tremunpiercing.com\/es\/wp-json\/wp\/v2\/media\/12539"}],"wp:attachment":[{"href":"https:\/\/tremunpiercing.com\/es\/wp-json\/wp\/v2\/media?parent=5605"}],"wp:term":[{"taxonomy":"product_brand","embeddable":true,"href":"https:\/\/tremunpiercing.com\/es\/wp-json\/wp\/v2\/product_brand?post=5605"},{"taxonomy":"product_cat","embeddable":true,"href":"https:\/\/tremunpiercing.com\/es\/wp-json\/wp\/v2\/product_cat?post=5605"},{"taxonomy":"product_tag","embeddable":true,"href":"https:\/\/tremunpiercing.com\/es\/wp-json\/wp\/v2\/product_tag?post=5605"}],"curies":[{"name":"wp","href":"https:\/\/api.w.org\/{rel}","templated":true}]}}