{"id":7592,"date":"2022-11-21T19:43:46","date_gmt":"2022-11-21T18:43:46","guid":{"rendered":"https:\/\/tremunpiercing.com\/?post_type=product&#038;p=7592"},"modified":"2025-09-30T13:02:39","modified_gmt":"2025-09-30T12:02:39","slug":"cavicide-surface-disinfectant-700ml","status":"publish","type":"product","link":"https:\/\/tremunpiercing.com\/es\/product\/cavicide-surface-disinfectant-700ml\/","title":{"rendered":"Cavicide Desinfectante de Superficies (700ml)"},"content":{"rendered":"<p>Desinfectante de superficies multifunci\u00f3n listo para usar, dise\u00f1ado para su uso en superficies duras y no porosas de dispositivos m\u00e9dicos no invasivos en cl\u00ednicas dentales, incluidas las \u00e1reas de atenci\u00f3n al paciente y los laboratorios.<\/p>\n<p><strong>Caracter\u00edstica:<\/strong><\/p>\n<ul>\n<li>Eficacia cl\u00ednica: Bactericida, Virucida, Fungicida, Tuberculicida y Levicida.<\/li>\n<li>Destruye la mayor\u00eda de los pat\u00f3genos en 3 minutos o menos.<\/li>\n<li>Rapidez: reduce el riesgo de contaminaci\u00f3n cruzada.<\/li>\n<li>Productos listos para usar, ya que no requieren diluci\u00f3n ni mezcla.<\/li>\n<li>Baja graduaci\u00f3n alcoh\u00f3lica (inferior a 20%) que ofrece una excelente compatibilidad con los materiales.<\/li>\n<li>Eficaz contra coronavirus y puede utilizarse en superficies de dispositivos m\u00e9dicos no invasivos.<\/li>\n<li>Aroma neutro.<\/li>\n<\/ul>\n<p><strong>Contenido: Envase de 700 ml.<\/strong><\/p>","protected":false},"excerpt":{"rendered":"<p>Desinfectante de superficies multifunci\u00f3n listo para usar, dise\u00f1ado para su uso en superficies duras y no porosas de dispositivos m\u00e9dicos no invasivos en cl\u00ednicas dentales, incluidas las \u00e1reas de atenci\u00f3n al paciente y los laboratorios.<\/p>\n<p><strong>Caracter\u00edstica:<\/strong><\/p>\n<ul>\n<li>Eficacia cl\u00ednica: Bactericida, Virucida, Fungicida, Tuberculicida y Levicida.<\/li>\n<li>Destruye la mayor\u00eda de los pat\u00f3genos en 3 minutos o menos.<\/li>\n<li>Rapidez: reduce el riesgo de contaminaci\u00f3n cruzada.<\/li>\n<li>Productos listos para usar, ya que no requieren diluci\u00f3n ni mezcla.<\/li>\n<li>Baja graduaci\u00f3n alcoh\u00f3lica (inferior a 20%) que ofrece una excelente compatibilidad con los materiales.<\/li>\n<li>Eficaz contra coronavirus y puede utilizarse en superficies de dispositivos m\u00e9dicos no invasivos.<\/li>\n<li>Aroma neutro.<\/li>\n<\/ul>","protected":false},"featured_media":7593,"comment_status":"closed","ping_status":"closed","template":"","meta":{"_acf_changed":false},"product_brand":[],"product_cat":[376,328],"product_tag":[279],"class_list":{"0":"post-7592","1":"product","2":"type-product","3":"status-publish","4":"has-post-thumbnail","6":"product_cat-medical-supplies","7":"product_cat-supplies","8":"product_tag-supplies","10":"first","11":"outofstock","12":"taxable","13":"shipping-taxable","14":"purchasable","15":"product-type-simple"},"acf":[],"gallery_images":[],"_links":{"self":[{"href":"https:\/\/tremunpiercing.com\/es\/wp-json\/wp\/v2\/product\/7592","targetHints":{"allow":["GET"]}}],"collection":[{"href":"https:\/\/tremunpiercing.com\/es\/wp-json\/wp\/v2\/product"}],"about":[{"href":"https:\/\/tremunpiercing.com\/es\/wp-json\/wp\/v2\/types\/product"}],"replies":[{"embeddable":true,"href":"https:\/\/tremunpiercing.com\/es\/wp-json\/wp\/v2\/comments?post=7592"}],"version-history":[{"count":0,"href":"https:\/\/tremunpiercing.com\/es\/wp-json\/wp\/v2\/product\/7592\/revisions"}],"wp:featuredmedia":[{"embeddable":true,"href":"https:\/\/tremunpiercing.com\/es\/wp-json\/wp\/v2\/media\/7593"}],"wp:attachment":[{"href":"https:\/\/tremunpiercing.com\/es\/wp-json\/wp\/v2\/media?parent=7592"}],"wp:term":[{"taxonomy":"product_brand","embeddable":true,"href":"https:\/\/tremunpiercing.com\/es\/wp-json\/wp\/v2\/product_brand?post=7592"},{"taxonomy":"product_cat","embeddable":true,"href":"https:\/\/tremunpiercing.com\/es\/wp-json\/wp\/v2\/product_cat?post=7592"},{"taxonomy":"product_tag","embeddable":true,"href":"https:\/\/tremunpiercing.com\/es\/wp-json\/wp\/v2\/product_tag?post=7592"}],"curies":[{"name":"wp","href":"https:\/\/api.w.org\/{rel}","templated":true}]}}