{"id":7684,"date":"2023-06-24T21:24:00","date_gmt":"2023-06-24T20:24:00","guid":{"rendered":"https:\/\/tremunpiercing.com\/?post_type=product&#038;p=7684"},"modified":"2026-04-19T23:04:00","modified_gmt":"2026-04-19T22:04:00","slug":"micro-labret-push-pin-16g","status":"publish","type":"product","link":"https:\/\/tremunpiercing.com\/es\/product\/micro-labret-push-pin-16g\/","title":{"rendered":"Micro Labret Push Pin 16G"},"content":{"rendered":"<p>El Micro Labret Push Pin (16G) es un art\u00edculo esencial para piercers, estudios de piercing, y proveedores al por mayor por igual. Hecho de titanio F-136 de grado implante, este poste labret 16G es seguro para piercings reci\u00e9n curados o cicatrizados, adem\u00e1s de ser hipoalerg\u00e9nico y resistente a la corrosi\u00f3n. El poste tiene un di\u00e1metro base de 3 mm y se presenta en longitudes de 5 mm, 6 mm, 7 mm, 8 mm y 9 mm. Este poste puede utilizarse para piercings de labio, tragus, h\u00e9lix y cart\u00edlago. <\/p>\n<p>Este poste est\u00e1 hecho para ser utilizado \u00fanicamente con accesorios de pasador de empuje, lo que permitir\u00e1 a su cliente expresar la libertad de personalizaci\u00f3n y autoexpresi\u00f3n al poder encajar varios topes (que se ajusten). El barbell tiene una base lisa y plana que contribuye a minimizar la irritaci\u00f3n de los tejidos y es f\u00e1cil de cambiar los extremos de los push-pin con fines de curaci\u00f3n o de peinado. Para el perforador profesional y el minorista de piercings, esta pieza es imprescindible en cualquier inventario de titanio: sustancial, fiable e ideal para ventas de gran volumen.<\/p>","protected":false},"excerpt":{"rendered":"<ul>\n<li>Pasador<\/li>\n<li>Compatible s\u00f3lo con accesorios con pasador<\/li>\n<li>Material: Titanio F-136 para implantes<\/li>\n<li>Galga: 16G<\/li>\n<li>Longitud: 5 mm, 6 mm, 7 mm, 8 mm, 9 mm<\/li>\n<li>Di\u00e1metro de la base: 3 mm<\/li>\n<\/ul>","protected":false},"featured_media":15055,"comment_status":"closed","ping_status":"closed","template":"","meta":{"_acf_changed":false},"product_brand":[],"product_cat":[340,344],"product_tag":[187,188,189,210,211,205,206,212,190,183,213,184,293,207],"class_list":{"0":"post-7684","1":"product","2":"type-product","3":"status-publish","4":"has-post-thumbnail","6":"product_cat-titanium-jewelry","7":"product_cat-labret-titanium-jeawelry","8":"product_tag-conch","9":"product_tag-ear","10":"product_tag-helix","11":"product_tag-labret","12":"product_tag-lip","13":"product_tag-lobe","14":"product_tag-lobulo","15":"product_tag-medusa","16":"product_tag-oreja","17":"product_tag-perforacion","18":"product_tag-philtrum","19":"product_tag-piercing","20":"product_tag-push-pin","21":"product_tag-tragus","23":"first","24":"instock","25":"taxable","26":"shipping-taxable","27":"purchasable","28":"product-type-variable"},"acf":[],"gallery_images":[15054,15053,15052],"_links":{"self":[{"href":"https:\/\/tremunpiercing.com\/es\/wp-json\/wp\/v2\/product\/7684","targetHints":{"allow":["GET"]}}],"collection":[{"href":"https:\/\/tremunpiercing.com\/es\/wp-json\/wp\/v2\/product"}],"about":[{"href":"https:\/\/tremunpiercing.com\/es\/wp-json\/wp\/v2\/types\/product"}],"replies":[{"embeddable":true,"href":"https:\/\/tremunpiercing.com\/es\/wp-json\/wp\/v2\/comments?post=7684"}],"version-history":[{"count":0,"href":"https:\/\/tremunpiercing.com\/es\/wp-json\/wp\/v2\/product\/7684\/revisions"}],"wp:featuredmedia":[{"embeddable":true,"href":"https:\/\/tremunpiercing.com\/es\/wp-json\/wp\/v2\/media\/15055"}],"wp:attachment":[{"href":"https:\/\/tremunpiercing.com\/es\/wp-json\/wp\/v2\/media?parent=7684"}],"wp:term":[{"taxonomy":"product_brand","embeddable":true,"href":"https:\/\/tremunpiercing.com\/es\/wp-json\/wp\/v2\/product_brand?post=7684"},{"taxonomy":"product_cat","embeddable":true,"href":"https:\/\/tremunpiercing.com\/es\/wp-json\/wp\/v2\/product_cat?post=7684"},{"taxonomy":"product_tag","embeddable":true,"href":"https:\/\/tremunpiercing.com\/es\/wp-json\/wp\/v2\/product_tag?post=7684"}],"curies":[{"name":"wp","href":"https:\/\/api.w.org\/{rel}","templated":true}]}}