{"id":7794,"date":"2023-10-12T17:00:59","date_gmt":"2023-10-12T16:00:59","guid":{"rendered":"https:\/\/tremunpiercing.com\/?post_type=product&#038;p=7794"},"modified":"2026-04-01T13:30:26","modified_gmt":"2026-04-01T12:30:26","slug":"tiffany","status":"publish","type":"product","link":"https:\/\/tremunpiercing.com\/es\/product\/tiffany\/","title":{"rendered":"Tiffany"},"content":{"rendered":"<p>El anillo clicker \u201cTiffany\u201d combina materiales de alta gama con un brillo refinado: forjado en titanio F-136 de grado de implante, calibre 16G, y con un estrecho di\u00e1metro interior de 8 mm, se puede llevar en varias ubicaciones de piercing diferentes: h\u00e9lix, concha, grajo, incluso tabique, o aros de cart\u00edlago muy ajustados. La circonita c\u00fabica engastada en bisel proporciona la cantidad justa de brillo sin dejar de tener un aspecto limpio y pulido. La bisagra del anillo permite colocarlo y quitarlo con facilidad, un factor importante para los estudios de piercing que desean agilizar al m\u00e1ximo los cambios de joyas, tanto para sus estilistas como para sus clientes.<\/p>\n<p>El titanio ASTM F-136, que no contiene n\u00edquel y es hipoalerg\u00e9nico, proporciona confianza a los piercings de orejas o cart\u00edlagos sensibles. Como mayorista o fabricante, disponer de este grado de anillo clicker le ayudar\u00e1 a ser m\u00e1s competitivo en los mercados de Europa, Reino Unido o Estados Unidos, donde los consumidores buscan materiales de calidad y dise\u00f1os elegantes. Disponer del clicker \u201cTiffany\u201d ofrece opciones a los estudios que buscan un aro de titanio de gama alta con un acabado pulido y un poco de brillo.<\/p>","protected":false},"excerpt":{"rendered":"<ul>\n<li>Anillo Clicker<\/li>\n<li>Material: Titanio F-136 para implantes<\/li>\n<li>Di\u00e1metro: 8 mm<\/li>\n<li>Galga: 16G<\/li>\n<li>Gema: Circonita c\u00fabica<\/li>\n<\/ul>","protected":false},"featured_media":12777,"comment_status":"closed","ping_status":"closed","template":"","meta":{"_acf_changed":false},"product_brand":[],"product_cat":[341,340],"product_tag":[192,193,202,179,180,194,188,189,195,196,226,190,183,184,197,198],"class_list":{"0":"post-7794","1":"product","2":"type-product","3":"status-publish","4":"has-post-thumbnail","6":"product_cat-rings-titanium-jewelry","7":"product_cat-titanium-jewelry","8":"product_tag-anillo","9":"product_tag-argolla","10":"product_tag-clicker","11":"product_tag-cristal","12":"product_tag-cz","13":"product_tag-daith","14":"product_tag-ear","15":"product_tag-helix","16":"product_tag-hinged-ring","17":"product_tag-nariz","18":"product_tag-opal","19":"product_tag-oreja","20":"product_tag-perforacion","21":"product_tag-piercing","22":"product_tag-ring","23":"product_tag-septum","25":"first","26":"instock","27":"taxable","28":"shipping-taxable","29":"purchasable","30":"product-type-simple"},"acf":[],"gallery_images":[28526,28527],"_links":{"self":[{"href":"https:\/\/tremunpiercing.com\/es\/wp-json\/wp\/v2\/product\/7794","targetHints":{"allow":["GET"]}}],"collection":[{"href":"https:\/\/tremunpiercing.com\/es\/wp-json\/wp\/v2\/product"}],"about":[{"href":"https:\/\/tremunpiercing.com\/es\/wp-json\/wp\/v2\/types\/product"}],"replies":[{"embeddable":true,"href":"https:\/\/tremunpiercing.com\/es\/wp-json\/wp\/v2\/comments?post=7794"}],"version-history":[{"count":1,"href":"https:\/\/tremunpiercing.com\/es\/wp-json\/wp\/v2\/product\/7794\/revisions"}],"predecessor-version":[{"id":28528,"href":"https:\/\/tremunpiercing.com\/es\/wp-json\/wp\/v2\/product\/7794\/revisions\/28528"}],"wp:featuredmedia":[{"embeddable":true,"href":"https:\/\/tremunpiercing.com\/es\/wp-json\/wp\/v2\/media\/12777"}],"wp:attachment":[{"href":"https:\/\/tremunpiercing.com\/es\/wp-json\/wp\/v2\/media?parent=7794"}],"wp:term":[{"taxonomy":"product_brand","embeddable":true,"href":"https:\/\/tremunpiercing.com\/es\/wp-json\/wp\/v2\/product_brand?post=7794"},{"taxonomy":"product_cat","embeddable":true,"href":"https:\/\/tremunpiercing.com\/es\/wp-json\/wp\/v2\/product_cat?post=7794"},{"taxonomy":"product_tag","embeddable":true,"href":"https:\/\/tremunpiercing.com\/es\/wp-json\/wp\/v2\/product_tag?post=7794"}],"curies":[{"name":"wp","href":"https:\/\/api.w.org\/{rel}","templated":true}]}}