{"id":7861,"date":"2023-10-17T15:11:45","date_gmt":"2023-10-17T14:11:45","guid":{"rendered":"https:\/\/tremunpiercing.com\/?post_type=product&#038;p=7861"},"modified":"2026-01-21T11:35:26","modified_gmt":"2026-01-21T10:35:26","slug":"ring-opening-pliers-big","status":"publish","type":"product","link":"https:\/\/tremunpiercing.com\/es\/product\/ring-opening-pliers-big\/","title":{"rendered":"Alicates para abrir anillas (grandes)"},"content":{"rendered":"<p>Los alicates para abrir anillos grandes de Suyai facilitan la manipulaci\u00f3n de joyas de gran calibre. Espec\u00edficos para piercers profesionales, estos alicates de gran resistencia son resistentes y perfectos para abrir anillos gruesos y joyas corporales de gran di\u00e1metro. No deforman ni rayan el metal mientras se trabaja. El cuerpo de acero inoxidable es resistente y durar\u00e1 muchos a\u00f1os de uso fiable; el dise\u00f1o ergon\u00f3mico permite comodidad y mayor control. <\/p>\n<p>Ideales para todos los piercings corporales, como orejas estiradas, joyer\u00eda genital o joyer\u00eda para piercings en pezones, estos alicates se adaptan completamente a las exigencias de trabajar con material de anillos de alta tensi\u00f3n sin problemas. Cada aspecto del producto ilustra la artesan\u00eda precisa y la calidad, por lo que una adici\u00f3n esencial a la configuraci\u00f3n de la colecci\u00f3n de herramientas de perforaci\u00f3n corporal profesional. Elija los alicates de apertura de anillos Boyd's Big Suyai para respaldar los procesos positivos de movimiento y estudio, a la vez que obtiene resultados cl\u00ednicos consistentes.<\/p>","protected":false},"excerpt":{"rendered":"<ul>\n<li>Alicates para abrir anillas (grandes)<\/li>\n<li>Marca: Suyai<\/li>\n<\/ul>","protected":false},"featured_media":7862,"comment_status":"closed","ping_status":"closed","template":"","meta":{"_acf_changed":false},"product_brand":[],"product_cat":[328,374],"product_tag":[237,233,184,361,235,236],"class_list":{"0":"post-7861","1":"product","2":"type-product","3":"status-publish","4":"has-post-thumbnail","6":"product_cat-supplies","7":"product_cat-tools","8":"product_tag-clamp","9":"product_tag-forceps","10":"product_tag-piercing","11":"product_tag-ring-opening-pliers","12":"product_tag-tools","13":"product_tag-tweezer","15":"first","16":"instock","17":"taxable","18":"shipping-taxable","19":"purchasable","20":"product-type-simple"},"acf":[],"gallery_images":[],"_links":{"self":[{"href":"https:\/\/tremunpiercing.com\/es\/wp-json\/wp\/v2\/product\/7861","targetHints":{"allow":["GET"]}}],"collection":[{"href":"https:\/\/tremunpiercing.com\/es\/wp-json\/wp\/v2\/product"}],"about":[{"href":"https:\/\/tremunpiercing.com\/es\/wp-json\/wp\/v2\/types\/product"}],"replies":[{"embeddable":true,"href":"https:\/\/tremunpiercing.com\/es\/wp-json\/wp\/v2\/comments?post=7861"}],"version-history":[{"count":0,"href":"https:\/\/tremunpiercing.com\/es\/wp-json\/wp\/v2\/product\/7861\/revisions"}],"wp:featuredmedia":[{"embeddable":true,"href":"https:\/\/tremunpiercing.com\/es\/wp-json\/wp\/v2\/media\/7862"}],"wp:attachment":[{"href":"https:\/\/tremunpiercing.com\/es\/wp-json\/wp\/v2\/media?parent=7861"}],"wp:term":[{"taxonomy":"product_brand","embeddable":true,"href":"https:\/\/tremunpiercing.com\/es\/wp-json\/wp\/v2\/product_brand?post=7861"},{"taxonomy":"product_cat","embeddable":true,"href":"https:\/\/tremunpiercing.com\/es\/wp-json\/wp\/v2\/product_cat?post=7861"},{"taxonomy":"product_tag","embeddable":true,"href":"https:\/\/tremunpiercing.com\/es\/wp-json\/wp\/v2\/product_tag?post=7861"}],"curies":[{"name":"wp","href":"https:\/\/api.w.org\/{rel}","templated":true}]}}