{"id":8367,"date":"2023-11-30T20:43:24","date_gmt":"2023-11-30T19:43:24","guid":{"rendered":"https:\/\/tremunpiercing.com\/?post_type=product&#038;p=8367"},"modified":"2026-04-17T15:14:29","modified_gmt":"2026-04-17T14:14:29","slug":"clap-customizable-display-for-accessories-top-only","status":"publish","type":"product","link":"https:\/\/tremunpiercing.com\/es\/product\/clap-customizable-display-for-accessories-top-only\/","title":{"rendered":"\u00a1Clap! Expositor personalizable para accesorios - S\u00f3lo arriba"},"content":{"rendered":"<p>\u00a1El expositor Clap! Custom Display Top est\u00e1 hecho para encajar perfectamente con tu base Clap!, para que puedas personalizar tu expositor para tu estudio de piercing. Disponible en blanco y negro, este expositor intercambiable le dar\u00e1 un aspecto elegante y profesional. Es perfecto para exhibir sus clickers, clavos, barras, u otras joyas, manteniendo su pantalla organizada y visualmente atractiva.<\/p>\n<p>Fabricado con materiales duraderos, est\u00e1 dise\u00f1ado para su uso diario en cualquier estudio sin dejar de ser elegante y moderno. Comb\u00ednelo con la base est\u00e1ndar de oreja de silicona como expositor completamente intercambiable y personalizable para impresionar a sus clientes con la organizaci\u00f3n de joyas.<\/p>","protected":false},"excerpt":{"rendered":"<ul>\n<li>Aplausos Top para accesorios<\/li>\n<li>Expositor personalizable para joyas de piercing<\/li>\n<li>La base se vende por separado<\/li>\n<li>Disponible en blanco y negro<\/li>\n<\/ul>","protected":false},"featured_media":8370,"comment_status":"closed","ping_status":"closed","template":"","meta":{"_acf_changed":false},"product_brand":[],"product_cat":[328,415,450,457,449],"product_tag":[],"class_list":{"0":"post-8367","1":"product","2":"type-product","3":"status-publish","4":"has-post-thumbnail","6":"product_cat-supplies","7":"product_cat-clap","8":"product_cat-clap-classic","9":"product_cat-clap-luxury","10":"product_cat-clap-elite","12":"first","13":"instock","14":"taxable","15":"shipping-taxable","16":"purchasable","17":"product-type-variable"},"acf":[],"gallery_images":[8371,8372,8373],"_links":{"self":[{"href":"https:\/\/tremunpiercing.com\/es\/wp-json\/wp\/v2\/product\/8367","targetHints":{"allow":["GET"]}}],"collection":[{"href":"https:\/\/tremunpiercing.com\/es\/wp-json\/wp\/v2\/product"}],"about":[{"href":"https:\/\/tremunpiercing.com\/es\/wp-json\/wp\/v2\/types\/product"}],"replies":[{"embeddable":true,"href":"https:\/\/tremunpiercing.com\/es\/wp-json\/wp\/v2\/comments?post=8367"}],"version-history":[{"count":1,"href":"https:\/\/tremunpiercing.com\/es\/wp-json\/wp\/v2\/product\/8367\/revisions"}],"predecessor-version":[{"id":29728,"href":"https:\/\/tremunpiercing.com\/es\/wp-json\/wp\/v2\/product\/8367\/revisions\/29728"}],"wp:featuredmedia":[{"embeddable":true,"href":"https:\/\/tremunpiercing.com\/es\/wp-json\/wp\/v2\/media\/8370"}],"wp:attachment":[{"href":"https:\/\/tremunpiercing.com\/es\/wp-json\/wp\/v2\/media?parent=8367"}],"wp:term":[{"taxonomy":"product_brand","embeddable":true,"href":"https:\/\/tremunpiercing.com\/es\/wp-json\/wp\/v2\/product_brand?post=8367"},{"taxonomy":"product_cat","embeddable":true,"href":"https:\/\/tremunpiercing.com\/es\/wp-json\/wp\/v2\/product_cat?post=8367"},{"taxonomy":"product_tag","embeddable":true,"href":"https:\/\/tremunpiercing.com\/es\/wp-json\/wp\/v2\/product_tag?post=8367"}],"curies":[{"name":"wp","href":"https:\/\/api.w.org\/{rel}","templated":true}]}}