{"id":8643,"date":"2023-12-15T21:26:31","date_gmt":"2023-12-15T20:26:31","guid":{"rendered":"https:\/\/tremunpiercing.com\/?post_type=product&#038;p=8643"},"modified":"2026-04-20T17:28:23","modified_gmt":"2026-04-20T16:28:23","slug":"sterile-field-with-oval-aperture","status":"publish","type":"product","link":"https:\/\/tremunpiercing.com\/es\/product\/sterile-field-with-oval-aperture\/","title":{"rendered":"Campo est\u00e9ril con apertura oval"},"content":{"rendered":"<p>El campo est\u00e9ril con apertura oval es esencial en cualquier estudio de piercing profesional. Cada campo est\u00e1 envuelto individualmente de forma est\u00e9ril y esterilizado con gas EO para una total seguridad durante el procedimiento. Mide 15 x 15 cm para aportar seguridad en un espacio de trabajo as\u00e9ptico, as\u00ed como claridad para permitir perforaciones limpias y precisas. La zona adhesiva interna protege el campo para que no se desprenda, reduciendo as\u00ed la posible contaminaci\u00f3n.<\/p>\n<p>Disponible en paquetes de 25 \u00f3 50 unidades, el campo est\u00e9ril es ideal para proporcionar un entorno de trabajo profesional y seguro para todos los piercings, ya sean de oreja, nariz o cuerpo. Este campo est\u00e9ril fue dise\u00f1ado para estrictas normas de higiene y es una gran opci\u00f3n para los estudios serios acerca de la seguridad y mantener la confianza de sus clientes.<\/p>","protected":false},"excerpt":{"rendered":"<ul>\n<li>Campo est\u00e9ril con apertura oval<\/li>\n<li>Envasado individualmente<\/li>\n<li>Tama\u00f1o: 15 x 15 cent\u00edmetros<\/li>\n<li>Ideal para crear un espacio de trabajo as\u00e9ptico para perforar<\/li>\n<li>Zona adhesiva interna para una mayor estabilidad<\/li>\n<li>EO Ga esterilizado<\/li>\n<li>50 y 25 unidades por paquete<\/li>\n<\/ul>","protected":false},"featured_media":8644,"comment_status":"closed","ping_status":"closed","template":"","meta":{"_acf_changed":false},"product_brand":[],"product_cat":[328,376],"product_tag":[390,393,392,391],"class_list":{"0":"post-8643","1":"product","2":"type-product","3":"status-publish","4":"has-post-thumbnail","6":"product_cat-supplies","7":"product_cat-medical-supplies","8":"product_tag-afetercare","9":"product_tag-aftercare-products","10":"product_tag-care","11":"product_tag-piercing-care","13":"first","14":"instock","15":"taxable","16":"shipping-taxable","17":"purchasable","18":"product-type-variable"},"acf":[],"gallery_images":[8645,8646],"_links":{"self":[{"href":"https:\/\/tremunpiercing.com\/es\/wp-json\/wp\/v2\/product\/8643","targetHints":{"allow":["GET"]}}],"collection":[{"href":"https:\/\/tremunpiercing.com\/es\/wp-json\/wp\/v2\/product"}],"about":[{"href":"https:\/\/tremunpiercing.com\/es\/wp-json\/wp\/v2\/types\/product"}],"replies":[{"embeddable":true,"href":"https:\/\/tremunpiercing.com\/es\/wp-json\/wp\/v2\/comments?post=8643"}],"version-history":[{"count":0,"href":"https:\/\/tremunpiercing.com\/es\/wp-json\/wp\/v2\/product\/8643\/revisions"}],"wp:featuredmedia":[{"embeddable":true,"href":"https:\/\/tremunpiercing.com\/es\/wp-json\/wp\/v2\/media\/8644"}],"wp:attachment":[{"href":"https:\/\/tremunpiercing.com\/es\/wp-json\/wp\/v2\/media?parent=8643"}],"wp:term":[{"taxonomy":"product_brand","embeddable":true,"href":"https:\/\/tremunpiercing.com\/es\/wp-json\/wp\/v2\/product_brand?post=8643"},{"taxonomy":"product_cat","embeddable":true,"href":"https:\/\/tremunpiercing.com\/es\/wp-json\/wp\/v2\/product_cat?post=8643"},{"taxonomy":"product_tag","embeddable":true,"href":"https:\/\/tremunpiercing.com\/es\/wp-json\/wp\/v2\/product_tag?post=8643"}],"curies":[{"name":"wp","href":"https:\/\/api.w.org\/{rel}","templated":true}]}}