{"id":8789,"date":"2024-01-12T19:40:46","date_gmt":"2024-01-12T18:40:46","guid":{"rendered":"https:\/\/tremunpiercing.com\/?post_type=product&#038;p=8789"},"modified":"2026-05-05T09:18:34","modified_gmt":"2026-05-05T08:18:34","slug":"prong-set-ball-white","status":"publish","type":"product","link":"https:\/\/tremunpiercing.com\/es\/product\/prong-set-ball-white\/","title":{"rendered":"Bola engastada \u00f3palo blanco"},"content":{"rendered":"<p>No hay nada mejor que una bola de \u00f3palo blanco. Un favorito de los clientes por su aspecto limpio y brillante, este extremo de bola est\u00e1 hecho de titanio seguro para el cuerpo con un engaste seguro. El \u00f3palo tiene un brillo suave y lechoso. Se enrosca f\u00e1cilmente en cualquier poste labret est\u00e1ndar. Esta es la punta ideal para un nuevo piercing en la fosa nasal o un simple clicker en el tabique. Tambi\u00e9n se vende bien para l\u00f3bulos y cart\u00edlagos. Abast\u00e9cete de este \u00e9xito de ventas.<\/p>","protected":false},"excerpt":{"rendered":"<ul>\n<li>Rosca interna<\/li>\n<li>Material: Titanio F-136 para implantes<\/li>\n<li>Di\u00e1metro: 3 mm - 4 mm<\/li>\n<li>Calibre: 16G - 14G<\/li>\n<li>Gema: \u00d3palo blanco<\/li>\n<li>Barra no incluida<\/li>\n<\/ul>","protected":false},"featured_media":18629,"comment_status":"closed","ping_status":"closed","template":"","meta":{"_acf_changed":false},"product_brand":[],"product_cat":[340,343],"product_tag":[187,179,180,188,209,189,210,211,212,199,190,183,213,184,214,185,207],"class_list":{"0":"post-8789","1":"product","2":"type-product","3":"status-publish","4":"has-post-thumbnail","6":"product_cat-titanium-jewelry","7":"product_cat-tops-titanium-jewelry","8":"product_tag-conch","9":"product_tag-cristal","10":"product_tag-cz","11":"product_tag-ear","12":"product_tag-faux-rook","13":"product_tag-helix","14":"product_tag-labret","15":"product_tag-lip","16":"product_tag-medusa","17":"product_tag-nostril","18":"product_tag-oreja","19":"product_tag-perforacion","20":"product_tag-philtrum","21":"product_tag-piercing","22":"product_tag-rook","23":"product_tag-shiny","24":"product_tag-tragus","26":"first","27":"instock","28":"taxable","29":"shipping-taxable","30":"purchasable","31":"product-type-variable"},"acf":[],"gallery_images":[28345,28346],"_links":{"self":[{"href":"https:\/\/tremunpiercing.com\/es\/wp-json\/wp\/v2\/product\/8789","targetHints":{"allow":["GET"]}}],"collection":[{"href":"https:\/\/tremunpiercing.com\/es\/wp-json\/wp\/v2\/product"}],"about":[{"href":"https:\/\/tremunpiercing.com\/es\/wp-json\/wp\/v2\/types\/product"}],"replies":[{"embeddable":true,"href":"https:\/\/tremunpiercing.com\/es\/wp-json\/wp\/v2\/comments?post=8789"}],"version-history":[{"count":1,"href":"https:\/\/tremunpiercing.com\/es\/wp-json\/wp\/v2\/product\/8789\/revisions"}],"predecessor-version":[{"id":28347,"href":"https:\/\/tremunpiercing.com\/es\/wp-json\/wp\/v2\/product\/8789\/revisions\/28347"}],"wp:featuredmedia":[{"embeddable":true,"href":"https:\/\/tremunpiercing.com\/es\/wp-json\/wp\/v2\/media\/18629"}],"wp:attachment":[{"href":"https:\/\/tremunpiercing.com\/es\/wp-json\/wp\/v2\/media?parent=8789"}],"wp:term":[{"taxonomy":"product_brand","embeddable":true,"href":"https:\/\/tremunpiercing.com\/es\/wp-json\/wp\/v2\/product_brand?post=8789"},{"taxonomy":"product_cat","embeddable":true,"href":"https:\/\/tremunpiercing.com\/es\/wp-json\/wp\/v2\/product_cat?post=8789"},{"taxonomy":"product_tag","embeddable":true,"href":"https:\/\/tremunpiercing.com\/es\/wp-json\/wp\/v2\/product_tag?post=8789"}],"curies":[{"name":"wp","href":"https:\/\/api.w.org\/{rel}","templated":true}]}}