{"id":8823,"date":"2024-01-16T20:39:57","date_gmt":"2024-01-16T19:39:57","guid":{"rendered":"https:\/\/tremunpiercing.com\/?post_type=product&#038;p=8823"},"modified":"2026-04-17T15:14:22","modified_gmt":"2026-04-17T14:14:22","slug":"clap-customizable-display-vertica-base","status":"publish","type":"product","link":"https:\/\/tremunpiercing.com\/es\/product\/clap-customizable-display-vertica-base\/","title":{"rendered":"\u00a1Aplaudir! Expositor personalizable - Base vertical"},"content":{"rendered":"<p>\u00bfTe frustra el desorden de tu encimera? \u00a1La respuesta es este expositor vertical que es la base del sistema Clap! Las tapas Clap! se colocan justo encima de la base. Puede apilar las tapas de dos en dos. Esto le permite mostrar a\u00fan m\u00e1s joyas sin utilizar m\u00e1s espacio en el mostrador. Es una forma inteligente de comercializar sus puntas y anillos m\u00e1s vendidos. Cree una presentaci\u00f3n impresionante para sus clientes con un aspecto fresco, limpio y moderno que les permita ver todo con claridad.<\/p>","protected":false},"excerpt":{"rendered":"<ul>\n<li>Aplauso Base vertical<\/li>\n<li>Expositor personalizable para joyas de piercing<\/li>\n<li>S\u00f3lo base<\/li>\n<li>La tapa se vende por separado<\/li>\n<li>Se pueden colocar hasta dos tapas encima<\/li>\n<\/ul>","protected":false},"featured_media":8977,"comment_status":"closed","ping_status":"closed","template":"","meta":{"_acf_changed":false},"product_brand":[],"product_cat":[328,415,450],"product_tag":[],"class_list":{"0":"post-8823","1":"product","2":"type-product","3":"status-publish","4":"has-post-thumbnail","6":"product_cat-supplies","7":"product_cat-clap","8":"product_cat-clap-classic","10":"first","11":"instock","12":"taxable","13":"shipping-taxable","14":"purchasable","15":"product-type-simple"},"acf":[],"gallery_images":[8976,8973,8825,8829,8826,8827,8828,8972,8974,8975,9100,9101,9102],"_links":{"self":[{"href":"https:\/\/tremunpiercing.com\/es\/wp-json\/wp\/v2\/product\/8823","targetHints":{"allow":["GET"]}}],"collection":[{"href":"https:\/\/tremunpiercing.com\/es\/wp-json\/wp\/v2\/product"}],"about":[{"href":"https:\/\/tremunpiercing.com\/es\/wp-json\/wp\/v2\/types\/product"}],"replies":[{"embeddable":true,"href":"https:\/\/tremunpiercing.com\/es\/wp-json\/wp\/v2\/comments?post=8823"}],"version-history":[{"count":1,"href":"https:\/\/tremunpiercing.com\/es\/wp-json\/wp\/v2\/product\/8823\/revisions"}],"predecessor-version":[{"id":28510,"href":"https:\/\/tremunpiercing.com\/es\/wp-json\/wp\/v2\/product\/8823\/revisions\/28510"}],"wp:featuredmedia":[{"embeddable":true,"href":"https:\/\/tremunpiercing.com\/es\/wp-json\/wp\/v2\/media\/8977"}],"wp:attachment":[{"href":"https:\/\/tremunpiercing.com\/es\/wp-json\/wp\/v2\/media?parent=8823"}],"wp:term":[{"taxonomy":"product_brand","embeddable":true,"href":"https:\/\/tremunpiercing.com\/es\/wp-json\/wp\/v2\/product_brand?post=8823"},{"taxonomy":"product_cat","embeddable":true,"href":"https:\/\/tremunpiercing.com\/es\/wp-json\/wp\/v2\/product_cat?post=8823"},{"taxonomy":"product_tag","embeddable":true,"href":"https:\/\/tremunpiercing.com\/es\/wp-json\/wp\/v2\/product_tag?post=8823"}],"curies":[{"name":"wp","href":"https:\/\/api.w.org\/{rel}","templated":true}]}}