{"id":9127,"date":"2024-03-12T21:07:41","date_gmt":"2024-03-12T20:07:41","guid":{"rendered":"https:\/\/tremunpiercing.com\/?post_type=product&#038;p=9127"},"modified":"2026-04-14T14:02:10","modified_gmt":"2026-04-14T13:02:10","slug":"dolomitri-triangle","status":"publish","type":"product","link":"https:\/\/tremunpiercing.com\/es\/product\/dolomitri-triangle\/","title":{"rendered":"Tri\u00e1ngulo de los Dolomitas"},"content":{"rendered":"<p>Inspirado en la geometr\u00eda, el Dolomiti Triangle de Shanga Jewellery hace gala de un dise\u00f1o de precisi\u00f3n y detalles brillantes. La pieza est\u00e1 fabricada en oro amarillo de 18 quilates y tiene forma triangular con brillantes piedras de circonita c\u00fabica que atrapan la luz. Con un tama\u00f1o aproximado de 8 mm x 5 mm, esta parte superior roscada se ajusta con seguridad a todos los postes de labret con rosca interna, por lo que es adecuada para conseguir una est\u00e9tica de piercing refinada en colocaciones en h\u00e9lice o en concha.<\/p>\n<p>El Tri\u00e1ngulo Dolomiti expresa la artesan\u00eda y el estilo caracter\u00edsticos de Shanga. Su calidad contempor\u00e1nea y duradera complace a los profesionales de cualquier estudio que busque almacenar joyas para piercing de oro de alta calidad.<\/p>","protected":false},"excerpt":{"rendered":"<ul>\n<li>Parte superior roscada<\/li>\n<li>Material: Oro Amarillo 18k<\/li>\n<li>Gema: Circonita c\u00fabica<\/li>\n<li>Calibre: 14G - 1,6 mm<\/li>\n<li>Compatible con postes labretales de rosca interna 14G<\/li>\n<li>Tama\u00f1o: 8 mm x 5 mm aprox.<\/li>\n<li>Marca: Shanga Jewellery<\/li>\n<\/ul>","protected":false},"featured_media":12798,"comment_status":"closed","ping_status":"closed","template":"","meta":{"_acf_changed":false},"product_brand":[],"product_cat":[337,398],"product_tag":[187,188,189,205,206,212,190,183,213,184,207],"class_list":{"0":"post-9127","1":"product","2":"type-product","3":"status-publish","4":"has-post-thumbnail","6":"product_cat-gold-jewelry","7":"product_cat-shanga","8":"product_tag-conch","9":"product_tag-ear","10":"product_tag-helix","11":"product_tag-lobe","12":"product_tag-lobulo","13":"product_tag-medusa","14":"product_tag-oreja","15":"product_tag-perforacion","16":"product_tag-philtrum","17":"product_tag-piercing","18":"product_tag-tragus","20":"first","21":"instock","22":"taxable","23":"shipping-taxable","24":"purchasable","25":"product-type-simple"},"acf":[],"gallery_images":[29653,29654],"_links":{"self":[{"href":"https:\/\/tremunpiercing.com\/es\/wp-json\/wp\/v2\/product\/9127","targetHints":{"allow":["GET"]}}],"collection":[{"href":"https:\/\/tremunpiercing.com\/es\/wp-json\/wp\/v2\/product"}],"about":[{"href":"https:\/\/tremunpiercing.com\/es\/wp-json\/wp\/v2\/types\/product"}],"replies":[{"embeddable":true,"href":"https:\/\/tremunpiercing.com\/es\/wp-json\/wp\/v2\/comments?post=9127"}],"version-history":[{"count":1,"href":"https:\/\/tremunpiercing.com\/es\/wp-json\/wp\/v2\/product\/9127\/revisions"}],"predecessor-version":[{"id":29655,"href":"https:\/\/tremunpiercing.com\/es\/wp-json\/wp\/v2\/product\/9127\/revisions\/29655"}],"wp:featuredmedia":[{"embeddable":true,"href":"https:\/\/tremunpiercing.com\/es\/wp-json\/wp\/v2\/media\/12798"}],"wp:attachment":[{"href":"https:\/\/tremunpiercing.com\/es\/wp-json\/wp\/v2\/media?parent=9127"}],"wp:term":[{"taxonomy":"product_brand","embeddable":true,"href":"https:\/\/tremunpiercing.com\/es\/wp-json\/wp\/v2\/product_brand?post=9127"},{"taxonomy":"product_cat","embeddable":true,"href":"https:\/\/tremunpiercing.com\/es\/wp-json\/wp\/v2\/product_cat?post=9127"},{"taxonomy":"product_tag","embeddable":true,"href":"https:\/\/tremunpiercing.com\/es\/wp-json\/wp\/v2\/product_tag?post=9127"}],"curies":[{"name":"wp","href":"https:\/\/api.w.org\/{rel}","templated":true}]}}