{"id":9184,"date":"2024-03-13T17:18:55","date_gmt":"2024-03-13T16:18:55","guid":{"rendered":"https:\/\/tremunpiercing.com\/?post_type=product&#038;p=9184"},"modified":"2026-04-14T13:59:00","modified_gmt":"2026-04-14T12:59:00","slug":"marquise-tetris","status":"publish","type":"product","link":"https:\/\/tremunpiercing.com\/es\/product\/marquise-tetris\/","title":{"rendered":"Marquesa Tetris"},"content":{"rendered":"<p>La pieza Marquise Tetris Threaded Top de Shanga Jewellery permite que el dise\u00f1o geom\u00e9trico encuentre la armon\u00eda con un brillo llamativo. Hecho a mano de oro amarillo de 18 quilates con circonio c\u00fabico de corte marquise, este top apilado \u00fanico est\u00e1 dise\u00f1ado para adaptarse c\u00f3modamente a cualquier h\u00e9lice, concha, o perforaci\u00f3n plana en su colecci\u00f3n de joyas para el cuerpo.<\/p>\n<p>Dise\u00f1ado para rosca interna 14G, este top premium est\u00e1 dise\u00f1ado para ser estable y c\u00f3modo a la vez que mantiene el brillo. El acabado pulido y la simetr\u00eda geom\u00e9trica le confieren un atractivo moderno a la vez que le permiten destacar entre otros piercings. Cada gema est\u00e1 asegurada de forma que maximiza el brillo, que se hace m\u00e1s evidente en la oreja. Este precioso top es el complemento definitivo para un estudio que desee elevar la calidad de sus selecciones de top y, al mismo tiempo, llevar joyas de oro de dise\u00f1o exclusivo que atraigan todas las miradas.<\/p>","protected":false},"excerpt":{"rendered":"<ul>\n<li>Parte superior roscada<\/li>\n<li>Material: Oro Amarillo 18k<\/li>\n<li>Gema: Circonita c\u00fabica<\/li>\n<li>Calibre: 14G - 1,6 mm<\/li>\n<li>Compatible con postes labretales de rosca interna 14G<\/li>\n<li>Marca: Shanga Jewellery<\/li>\n<\/ul>","protected":false},"featured_media":13277,"comment_status":"closed","ping_status":"closed","template":"","meta":{"_acf_changed":false},"product_brand":[],"product_cat":[337,398],"product_tag":[187,188,189,205,206,212,190,183,213,184,207],"class_list":{"0":"post-9184","1":"product","2":"type-product","3":"status-publish","4":"has-post-thumbnail","6":"product_cat-gold-jewelry","7":"product_cat-shanga","8":"product_tag-conch","9":"product_tag-ear","10":"product_tag-helix","11":"product_tag-lobe","12":"product_tag-lobulo","13":"product_tag-medusa","14":"product_tag-oreja","15":"product_tag-perforacion","16":"product_tag-philtrum","17":"product_tag-piercing","18":"product_tag-tragus","20":"first","21":"instock","22":"taxable","23":"shipping-taxable","24":"purchasable","25":"product-type-simple"},"acf":[],"gallery_images":[29650,29649],"_links":{"self":[{"href":"https:\/\/tremunpiercing.com\/es\/wp-json\/wp\/v2\/product\/9184","targetHints":{"allow":["GET"]}}],"collection":[{"href":"https:\/\/tremunpiercing.com\/es\/wp-json\/wp\/v2\/product"}],"about":[{"href":"https:\/\/tremunpiercing.com\/es\/wp-json\/wp\/v2\/types\/product"}],"replies":[{"embeddable":true,"href":"https:\/\/tremunpiercing.com\/es\/wp-json\/wp\/v2\/comments?post=9184"}],"version-history":[{"count":2,"href":"https:\/\/tremunpiercing.com\/es\/wp-json\/wp\/v2\/product\/9184\/revisions"}],"predecessor-version":[{"id":29652,"href":"https:\/\/tremunpiercing.com\/es\/wp-json\/wp\/v2\/product\/9184\/revisions\/29652"}],"wp:featuredmedia":[{"embeddable":true,"href":"https:\/\/tremunpiercing.com\/es\/wp-json\/wp\/v2\/media\/13277"}],"wp:attachment":[{"href":"https:\/\/tremunpiercing.com\/es\/wp-json\/wp\/v2\/media?parent=9184"}],"wp:term":[{"taxonomy":"product_brand","embeddable":true,"href":"https:\/\/tremunpiercing.com\/es\/wp-json\/wp\/v2\/product_brand?post=9184"},{"taxonomy":"product_cat","embeddable":true,"href":"https:\/\/tremunpiercing.com\/es\/wp-json\/wp\/v2\/product_cat?post=9184"},{"taxonomy":"product_tag","embeddable":true,"href":"https:\/\/tremunpiercing.com\/es\/wp-json\/wp\/v2\/product_tag?post=9184"}],"curies":[{"name":"wp","href":"https:\/\/api.w.org\/{rel}","templated":true}]}}