{"id":9556,"date":"2024-06-04T14:43:40","date_gmt":"2024-06-04T13:43:40","guid":{"rendered":"https:\/\/tremunpiercing.com\/?post_type=product&#038;p=9556"},"modified":"2026-04-17T15:14:21","modified_gmt":"2026-04-17T14:14:21","slug":"clap-luxury-costumizable-display-horizontal-base","status":"publish","type":"product","link":"https:\/\/tremunpiercing.com\/es\/product\/clap-luxury-costumizable-display-horizontal-base\/","title":{"rendered":"\u00a1CLAP! LUJO - Pantalla personalizable - Base horizontal"},"content":{"rendered":"<p>\u00a1La base horizontal CLAP! Luxury Customizable Display Horizontal Base es la plataforma definitiva para construir un expositor de joyer\u00eda profesional f\u00e1cil de personalizar seg\u00fan sus necesidades. Esta base vers\u00e1til es perfecta para estudios de piercing, mayoristas y minoristas por igual. Una vez adquirida la elegante base, puede utilizarse para alojar hasta cuatro tapas intercambiables y exponerlas met\u00f3dicamente. Fabricada con materiales de calidad y construida para ser robusta y duradera, esta base mantendr\u00e1 las joyas seguras y expuestas de la mejor manera posible. Este estilo de exposici\u00f3n horizontal permite una visi\u00f3n clara de las colecciones de joyas, como las de piercing, y es el complemento perfecto para un mostrador, una exposici\u00f3n o un expositor de tienda.<\/p>\n<p>Aunque las tapas se compran por separado de la base, tendr\u00e1 total flexibilidad para crear la combinaci\u00f3n perfecta de expositores que mejor se adapte a su inventario (por ejemplo, barras, anillos con bisagras o tapas de piedras preciosas). Presente una imagen de marca sofisticada a sus clientes con un sistema de exposici\u00f3n que es continuamente funcional a medida que crece su negocio. Este sistema de exposici\u00f3n es pr\u00e1ctico, divertido, elegante y vers\u00e1til; el sistema de exposici\u00f3n \u00fanico ideal para los profesionales del piercing que buscan opciones de presentaci\u00f3n sorprendentes.<\/p>","protected":false},"excerpt":{"rendered":"<ul>\n<li>Aplauso Base horizontal<\/li>\n<li>Expositor personalizable para joyas de piercing<\/li>\n<li>S\u00f3lo base<\/li>\n<li>Las tapas se venden por separado<\/li>\n<li>Se pueden colocar hasta cuatro tapas encima<\/li>\n<\/ul>","protected":false},"featured_media":9557,"comment_status":"closed","ping_status":"closed","template":"","meta":{"_acf_changed":false},"product_brand":[],"product_cat":[328,415,457],"product_tag":[],"class_list":{"0":"post-9556","1":"product","2":"type-product","3":"status-publish","4":"has-post-thumbnail","6":"product_cat-supplies","7":"product_cat-clap","8":"product_cat-clap-luxury","10":"first","11":"instock","12":"taxable","13":"shipping-taxable","14":"purchasable","15":"product-type-simple"},"acf":[],"gallery_images":[9558,9559,9560,9561,9562,9563,9564],"_links":{"self":[{"href":"https:\/\/tremunpiercing.com\/es\/wp-json\/wp\/v2\/product\/9556","targetHints":{"allow":["GET"]}}],"collection":[{"href":"https:\/\/tremunpiercing.com\/es\/wp-json\/wp\/v2\/product"}],"about":[{"href":"https:\/\/tremunpiercing.com\/es\/wp-json\/wp\/v2\/types\/product"}],"replies":[{"embeddable":true,"href":"https:\/\/tremunpiercing.com\/es\/wp-json\/wp\/v2\/comments?post=9556"}],"version-history":[{"count":1,"href":"https:\/\/tremunpiercing.com\/es\/wp-json\/wp\/v2\/product\/9556\/revisions"}],"predecessor-version":[{"id":28501,"href":"https:\/\/tremunpiercing.com\/es\/wp-json\/wp\/v2\/product\/9556\/revisions\/28501"}],"wp:featuredmedia":[{"embeddable":true,"href":"https:\/\/tremunpiercing.com\/es\/wp-json\/wp\/v2\/media\/9557"}],"wp:attachment":[{"href":"https:\/\/tremunpiercing.com\/es\/wp-json\/wp\/v2\/media?parent=9556"}],"wp:term":[{"taxonomy":"product_brand","embeddable":true,"href":"https:\/\/tremunpiercing.com\/es\/wp-json\/wp\/v2\/product_brand?post=9556"},{"taxonomy":"product_cat","embeddable":true,"href":"https:\/\/tremunpiercing.com\/es\/wp-json\/wp\/v2\/product_cat?post=9556"},{"taxonomy":"product_tag","embeddable":true,"href":"https:\/\/tremunpiercing.com\/es\/wp-json\/wp\/v2\/product_tag?post=9556"}],"curies":[{"name":"wp","href":"https:\/\/api.w.org\/{rel}","templated":true}]}}