{"id":9870,"date":"2024-07-15T16:49:11","date_gmt":"2024-07-15T15:49:11","guid":{"rendered":"https:\/\/tremunpiercing.com\/?post_type=product&#038;p=9870"},"modified":"2026-04-10T14:23:33","modified_gmt":"2026-04-10T13:23:33","slug":"marion","status":"publish","type":"product","link":"https:\/\/tremunpiercing.com\/es\/product\/marion\/","title":{"rendered":"Marion"},"content":{"rendered":"<p>La joya de piercing Marion es una combinaci\u00f3n perfecta de durabilidad y sofisticaci\u00f3n. Fabricado con titanio F-136 de grado de implante, este tope 16G con rosca interna permite un uso seguro e hipoalerg\u00e9nico para uso profesional. Dise\u00f1ado con una gema de circonita c\u00fabica de 5,7 mm para maximizar el brillo y resaltar lo mejor de cualquier piercing, su tama\u00f1o permite una colocaci\u00f3n vers\u00e1til, siendo las opciones m\u00e1s populares los piercings de cart\u00edlago, h\u00e9lix y l\u00f3bulo.<\/p>\n<p>La rosca interna permite una inserci\u00f3n profesional suave, con la m\u00ednima incomodidad e irritaci\u00f3n para su cliente. Marion ofrece estilo y funcionalidad a los estudios de piercing y a los proveedores de joyer\u00eda, lo que lo convierte en un art\u00edculo de inventario deseable de gama alta. Los materiales de primera calidad, junto con el dise\u00f1o atemporal, ofrecen un uso satisfactorio tanto para los piercers como para los clientes. Una gran pieza de joyer\u00eda para profesionales que buscan ofrecer a su clientela joyer\u00eda corporal elegante y fiable.<\/p>","protected":false},"excerpt":{"rendered":"<ul>\n<li>Rosca interna<\/li>\n<li>Material: Titanio F-136 para implantes<\/li>\n<li>Galga: 16G<\/li>\n<li>Gema: Circonita c\u00fabica<\/li>\n<li>Tama\u00f1o: 5,7 mm<\/li>\n<\/ul>","protected":false},"featured_media":12404,"comment_status":"closed","ping_status":"closed","template":"","meta":{"_acf_changed":false},"product_brand":[],"product_cat":[340,343],"product_tag":[187,179,180,188,209,189,210,211,212,190,183,184,207],"class_list":{"0":"post-9870","1":"product","2":"type-product","3":"status-publish","4":"has-post-thumbnail","6":"product_cat-titanium-jewelry","7":"product_cat-tops-titanium-jewelry","8":"product_tag-conch","9":"product_tag-cristal","10":"product_tag-cz","11":"product_tag-ear","12":"product_tag-faux-rook","13":"product_tag-helix","14":"product_tag-labret","15":"product_tag-lip","16":"product_tag-medusa","17":"product_tag-oreja","18":"product_tag-perforacion","19":"product_tag-piercing","20":"product_tag-tragus","22":"first","23":"instock","24":"taxable","25":"shipping-taxable","26":"purchasable","27":"product-type-simple"},"acf":[],"gallery_images":[28223,28224],"_links":{"self":[{"href":"https:\/\/tremunpiercing.com\/es\/wp-json\/wp\/v2\/product\/9870","targetHints":{"allow":["GET"]}}],"collection":[{"href":"https:\/\/tremunpiercing.com\/es\/wp-json\/wp\/v2\/product"}],"about":[{"href":"https:\/\/tremunpiercing.com\/es\/wp-json\/wp\/v2\/types\/product"}],"replies":[{"embeddable":true,"href":"https:\/\/tremunpiercing.com\/es\/wp-json\/wp\/v2\/comments?post=9870"}],"version-history":[{"count":1,"href":"https:\/\/tremunpiercing.com\/es\/wp-json\/wp\/v2\/product\/9870\/revisions"}],"predecessor-version":[{"id":28225,"href":"https:\/\/tremunpiercing.com\/es\/wp-json\/wp\/v2\/product\/9870\/revisions\/28225"}],"wp:featuredmedia":[{"embeddable":true,"href":"https:\/\/tremunpiercing.com\/es\/wp-json\/wp\/v2\/media\/12404"}],"wp:attachment":[{"href":"https:\/\/tremunpiercing.com\/es\/wp-json\/wp\/v2\/media?parent=9870"}],"wp:term":[{"taxonomy":"product_brand","embeddable":true,"href":"https:\/\/tremunpiercing.com\/es\/wp-json\/wp\/v2\/product_brand?post=9870"},{"taxonomy":"product_cat","embeddable":true,"href":"https:\/\/tremunpiercing.com\/es\/wp-json\/wp\/v2\/product_cat?post=9870"},{"taxonomy":"product_tag","embeddable":true,"href":"https:\/\/tremunpiercing.com\/es\/wp-json\/wp\/v2\/product_tag?post=9870"}],"curies":[{"name":"wp","href":"https:\/\/api.w.org\/{rel}","templated":true}]}}