{"id":10109,"date":"2024-08-21T18:47:30","date_gmt":"2024-08-21T17:47:30","guid":{"rendered":"https:\/\/tremunpiercing.com\/?post_type=product&#038;p=10109"},"modified":"2026-04-14T12:02:06","modified_gmt":"2026-04-14T11:02:06","slug":"alisea-1-with-bullets","status":"publish","type":"product","link":"https:\/\/tremunpiercing.com\/fr\/product\/alisea-1-with-bullets\/","title":{"rendered":"Alisea 1 avec balles"},"content":{"rendered":"<p>L'Alisea 1 With Bullets est une belle addition \u00e0 la collection de piercings en or de Shanga Jewellery. Ce top en or jaune 18 carats sans filetage est orn\u00e9 de brillantes pierres en zircone cubique en forme de balle, qui donnent de la profondeur et de la brillance \u00e0 n'importe quel piercing. L'Alisea 1 est compatible avec les tenons de labret non filet\u00e9s 16G et 14G, ce qui permet au pierceur d'obtenir un ajustement s\u00fbr et professionnel. Disponible en petite et grande taille, l'Alisea 1 peut \u00eatre port\u00e9 \u00e0 plusieurs endroits, tels que l'h\u00e9lix, le tragus et le lobe.<\/p>\n<p>Les clients et les perceurs appr\u00e9cient l'Alisea 1 pour son audace et son \u00e9l\u00e9gance. Il convient donc aux personnes int\u00e9ress\u00e9es par des bijoux qui ont du caract\u00e8re et un aspect luxueux. Con\u00e7ue pour durer et pour les professionnels, cette pi\u00e8ce repr\u00e9sente la vision de Shanga pour un produit de qualit\u00e9 avec des \u00e9l\u00e9ments de design modernes. L'Alisea 1 est une excellente option pour les grossistes et les d\u00e9taillants de piercings qui cherchent \u00e0 rehausser leur collection de bijoux de piercings haut de gamme.<\/p>","protected":false},"excerpt":{"rendered":"<ul>\n<li>Sans filetage - Dessus de goupille de pouss\u00e9e<\/li>\n<li>Mati\u00e8re : Or jaune 18k<\/li>\n<li>Gemmes : Zircone cubique<\/li>\n<li>Compatible avec les tenons de labret non filet\u00e9s 16G et 14G<\/li>\n<li>Taille : Grand - Petit<\/li>\n<li>Marque : Shanga Jewellery<\/li>\n<\/ul>","protected":false},"featured_media":10112,"comment_status":"closed","ping_status":"closed","template":"","meta":{"_acf_changed":false},"product_brand":[],"product_cat":[337,398],"product_tag":[187,188,189,205,206,212,190,183,213,184,207],"class_list":{"0":"post-10109","1":"product","2":"type-product","3":"status-publish","4":"has-post-thumbnail","6":"product_cat-gold-jewelry","7":"product_cat-shanga","8":"product_tag-conch","9":"product_tag-ear","10":"product_tag-helix","11":"product_tag-lobe","12":"product_tag-lobulo","13":"product_tag-medusa","14":"product_tag-oreja","15":"product_tag-perforacion","16":"product_tag-philtrum","17":"product_tag-piercing","18":"product_tag-tragus","20":"first","21":"instock","22":"taxable","23":"shipping-taxable","24":"purchasable","25":"product-type-variable"},"acf":[],"gallery_images":[29628,29629],"_links":{"self":[{"href":"https:\/\/tremunpiercing.com\/fr\/wp-json\/wp\/v2\/product\/10109","targetHints":{"allow":["GET"]}}],"collection":[{"href":"https:\/\/tremunpiercing.com\/fr\/wp-json\/wp\/v2\/product"}],"about":[{"href":"https:\/\/tremunpiercing.com\/fr\/wp-json\/wp\/v2\/types\/product"}],"replies":[{"embeddable":true,"href":"https:\/\/tremunpiercing.com\/fr\/wp-json\/wp\/v2\/comments?post=10109"}],"version-history":[{"count":1,"href":"https:\/\/tremunpiercing.com\/fr\/wp-json\/wp\/v2\/product\/10109\/revisions"}],"predecessor-version":[{"id":29630,"href":"https:\/\/tremunpiercing.com\/fr\/wp-json\/wp\/v2\/product\/10109\/revisions\/29630"}],"wp:featuredmedia":[{"embeddable":true,"href":"https:\/\/tremunpiercing.com\/fr\/wp-json\/wp\/v2\/media\/10112"}],"wp:attachment":[{"href":"https:\/\/tremunpiercing.com\/fr\/wp-json\/wp\/v2\/media?parent=10109"}],"wp:term":[{"taxonomy":"product_brand","embeddable":true,"href":"https:\/\/tremunpiercing.com\/fr\/wp-json\/wp\/v2\/product_brand?post=10109"},{"taxonomy":"product_cat","embeddable":true,"href":"https:\/\/tremunpiercing.com\/fr\/wp-json\/wp\/v2\/product_cat?post=10109"},{"taxonomy":"product_tag","embeddable":true,"href":"https:\/\/tremunpiercing.com\/fr\/wp-json\/wp\/v2\/product_tag?post=10109"}],"curies":[{"name":"wp","href":"https:\/\/api.w.org\/{rel}","templated":true}]}}