{"id":10119,"date":"2024-08-21T19:10:34","date_gmt":"2024-08-21T18:10:34","guid":{"rendered":"https:\/\/tremunpiercing.com\/?post_type=product&#038;p=10119"},"modified":"2025-12-04T14:10:24","modified_gmt":"2025-12-04T13:10:24","slug":"square-alisea-1","status":"publish","type":"product","link":"https:\/\/tremunpiercing.com\/fr\/product\/square-alisea-1\/","title":{"rendered":"Square Alisea 1"},"content":{"rendered":"<p>Le Square Alisea 1 de Shanga Jewellery est la combinaison parfaite du luxe et de la praticit\u00e9 pour vos professionnels du piercing pr\u00e9f\u00e9r\u00e9s. Fabriqu\u00e9 en or jaune 18 carats massif, cet embout sans fil est orn\u00e9 d'une brillante pierre de zirconium cubique en son centre, pour une finition nette et discr\u00e8te. Compatible avec les tenons de labret non filet\u00e9s 16G et 14G, le Square Alisea 1 offre aux pierceurs une compatibilit\u00e9 facile et un ajustement confortable tout en s\u00e9curisant le bijou en place.<\/p>\n<p>Le Square Alisea 1 est disponible en grandes et petites tailles pour vos clients qui aiment l'option de l'appel de la discr\u00e9tion et plus tout avec des looks de d\u00e9claration \u00e0 offrir \u00e0 nos clients. Ce bijou peut \u00eatre mis en place pour les premiers piercings et pour un usage quotidien. Il pr\u00e9sente des avantages en tant que bijou de piercing car il est l\u00e9ger mais aussi durable pour un port \u00e0 long terme et il est con\u00e7u avec le look intemporel carr\u00e9-tourn\u00e9 pour les clients \u00e0 la recherche d'un luxe minimaliste.<\/p>\n<p>Le Square Alisea 1 est une excellente pi\u00e8ce pour le studio de piercing, le magasin de tatouage ou le fournisseur en gros. Le Square Alisea 1 est une excellente repr\u00e9sentation de la qualit\u00e9 et de l'artisanat ainsi que du design moderne de la ligne Shanga. En stockant le Square Alisea 1, vous garantirez \u00e0 vos clients l'acc\u00e8s \u00e0 des bijoux de piercing de premi\u00e8re qualit\u00e9 pour une utilisation quotidienne et un style d'espace auriculaire occasionnel.<\/p>","protected":false},"excerpt":{"rendered":"<ul>\n<li>Sans filetage - Dessus de goupille de pouss\u00e9e<\/li>\n<li>Mati\u00e8re : Or jaune 18k, \u00e9pingle \u00e0 nourrice<\/li>\n<li>Gemmes : Zircone cubique<\/li>\n<li>Compatible avec les tenons de labret non filet\u00e9s 16G et 14G<\/li>\n<li>Taille : Grand - Petit<\/li>\n<li>Marque : Shanga Jewellery<\/li>\n<\/ul>","protected":false},"featured_media":10122,"comment_status":"closed","ping_status":"closed","template":"","meta":{"_acf_changed":false},"product_brand":[],"product_cat":[337,398],"product_tag":[187,188,189,205,206,212,190,183,213,184,207],"class_list":{"0":"post-10119","1":"product","2":"type-product","3":"status-publish","4":"has-post-thumbnail","6":"product_cat-gold-jewelry","7":"product_cat-shanga","8":"product_tag-conch","9":"product_tag-ear","10":"product_tag-helix","11":"product_tag-lobe","12":"product_tag-lobulo","13":"product_tag-medusa","14":"product_tag-oreja","15":"product_tag-perforacion","16":"product_tag-philtrum","17":"product_tag-piercing","18":"product_tag-tragus","20":"first","21":"instock","22":"taxable","23":"shipping-taxable","24":"product-type-variable"},"acf":[],"gallery_images":[],"_links":{"self":[{"href":"https:\/\/tremunpiercing.com\/fr\/wp-json\/wp\/v2\/product\/10119","targetHints":{"allow":["GET"]}}],"collection":[{"href":"https:\/\/tremunpiercing.com\/fr\/wp-json\/wp\/v2\/product"}],"about":[{"href":"https:\/\/tremunpiercing.com\/fr\/wp-json\/wp\/v2\/types\/product"}],"replies":[{"embeddable":true,"href":"https:\/\/tremunpiercing.com\/fr\/wp-json\/wp\/v2\/comments?post=10119"}],"version-history":[{"count":0,"href":"https:\/\/tremunpiercing.com\/fr\/wp-json\/wp\/v2\/product\/10119\/revisions"}],"wp:featuredmedia":[{"embeddable":true,"href":"https:\/\/tremunpiercing.com\/fr\/wp-json\/wp\/v2\/media\/10122"}],"wp:attachment":[{"href":"https:\/\/tremunpiercing.com\/fr\/wp-json\/wp\/v2\/media?parent=10119"}],"wp:term":[{"taxonomy":"product_brand","embeddable":true,"href":"https:\/\/tremunpiercing.com\/fr\/wp-json\/wp\/v2\/product_brand?post=10119"},{"taxonomy":"product_cat","embeddable":true,"href":"https:\/\/tremunpiercing.com\/fr\/wp-json\/wp\/v2\/product_cat?post=10119"},{"taxonomy":"product_tag","embeddable":true,"href":"https:\/\/tremunpiercing.com\/fr\/wp-json\/wp\/v2\/product_tag?post=10119"}],"curies":[{"name":"wp","href":"https:\/\/api.w.org\/{rel}","templated":true}]}}