{"id":10127,"date":"2024-08-21T20:11:21","date_gmt":"2024-08-21T19:11:21","guid":{"rendered":"https:\/\/tremunpiercing.com\/?post_type=product&#038;p=10127"},"modified":"2026-04-14T11:27:28","modified_gmt":"2026-04-14T10:27:28","slug":"foresta-2-0","status":"publish","type":"product","link":"https:\/\/tremunpiercing.com\/fr\/product\/foresta-2-0\/","title":{"rendered":"Foresta 2.0"},"content":{"rendered":"<p>Le Foresta 2.0 de Shanga Jewellery est une pi\u00e8ce d'art \u00e0 porter inspir\u00e9e de la nature, fabriqu\u00e9e en or jaune massif 18 carats et mesurant 2,5 mm x 8,7 mm. Il s'agit d'un top sans fil avec des zircons cubiques de haute qualit\u00e9 qui cr\u00e9ent une d\u00e9licate variation de hauteur pour contribuer \u00e0 l'allongement de l'apparence g\u00e9n\u00e9rale. Le m\u00e9canisme de la goupille est con\u00e7u pour \u00eatre utilis\u00e9 avec des tenons de labret 16G et 14G, ce qui apporte une touche de fra\u00eecheur \u00e0 votre client\u00e8le de pierceurs professionnels.<\/p>\n<p>Cette pi\u00e8ce particuli\u00e8re convient parfaitement aux projets de conservation de l'oreille avec d'autres bijoux, ajoutant un \u00e9quilibre vertical, un scintillement et des qualit\u00e9s de point de discussion \u00e0 n'importe quel piercing. Sa beaut\u00e9 simple et discr\u00e8te permet de l'empiler et de l'associer \u00e0 presque tous les autres bijoux sans qu'il soit trop visible. Comme toutes les pi\u00e8ces de la collection Shanga, le Foresta 2.0 est con\u00e7u pour \u00eatre hypoallerg\u00e9nique, confortable pour un port \u00e0 long terme et pour conserver son \u00e9clat poli. Pour les studios de piercing professionnels et les magasins de d\u00e9tail, le Foresta 2.0 est une option solide \u00e0 proposer aux clients qui recherchent des bijoux aux lignes \u00e9pur\u00e9es, des mat\u00e9riaux de luxe et une conception et une ex\u00e9cution de qualit\u00e9 professionnelle.<\/p>","protected":false},"excerpt":{"rendered":"<ul>\n<li>Partie sup\u00e9rieure non filet\u00e9e, tige en acier inoxydable 25ga<\/li>\n<li>Mati\u00e8re : Or jaune 18k<\/li>\n<li>Taille : 2,5mm x 8,7mm<\/li>\n<li>Gemmes : Zircone cubique<\/li>\n<li>Compatible avec les tenons de labret 16G et 14G \u00e0 broche poussoir<\/li>\n<li>Marque : Shanga Jewellery<\/li>\n<\/ul>","protected":false},"featured_media":12787,"comment_status":"closed","ping_status":"closed","template":"","meta":{"_acf_changed":false},"product_brand":[],"product_cat":[337,398],"product_tag":[187,188,189,205,206,212,190,183,213,184,207],"class_list":{"0":"post-10127","1":"product","2":"type-product","3":"status-publish","4":"has-post-thumbnail","6":"product_cat-gold-jewelry","7":"product_cat-shanga","8":"product_tag-conch","9":"product_tag-ear","10":"product_tag-helix","11":"product_tag-lobe","12":"product_tag-lobulo","13":"product_tag-medusa","14":"product_tag-oreja","15":"product_tag-perforacion","16":"product_tag-philtrum","17":"product_tag-piercing","18":"product_tag-tragus","20":"first","21":"instock","22":"taxable","23":"shipping-taxable","24":"purchasable","25":"product-type-simple"},"acf":[],"gallery_images":[29622,29621],"_links":{"self":[{"href":"https:\/\/tremunpiercing.com\/fr\/wp-json\/wp\/v2\/product\/10127","targetHints":{"allow":["GET"]}}],"collection":[{"href":"https:\/\/tremunpiercing.com\/fr\/wp-json\/wp\/v2\/product"}],"about":[{"href":"https:\/\/tremunpiercing.com\/fr\/wp-json\/wp\/v2\/types\/product"}],"replies":[{"embeddable":true,"href":"https:\/\/tremunpiercing.com\/fr\/wp-json\/wp\/v2\/comments?post=10127"}],"version-history":[{"count":1,"href":"https:\/\/tremunpiercing.com\/fr\/wp-json\/wp\/v2\/product\/10127\/revisions"}],"predecessor-version":[{"id":29623,"href":"https:\/\/tremunpiercing.com\/fr\/wp-json\/wp\/v2\/product\/10127\/revisions\/29623"}],"wp:featuredmedia":[{"embeddable":true,"href":"https:\/\/tremunpiercing.com\/fr\/wp-json\/wp\/v2\/media\/12787"}],"wp:attachment":[{"href":"https:\/\/tremunpiercing.com\/fr\/wp-json\/wp\/v2\/media?parent=10127"}],"wp:term":[{"taxonomy":"product_brand","embeddable":true,"href":"https:\/\/tremunpiercing.com\/fr\/wp-json\/wp\/v2\/product_brand?post=10127"},{"taxonomy":"product_cat","embeddable":true,"href":"https:\/\/tremunpiercing.com\/fr\/wp-json\/wp\/v2\/product_cat?post=10127"},{"taxonomy":"product_tag","embeddable":true,"href":"https:\/\/tremunpiercing.com\/fr\/wp-json\/wp\/v2\/product_tag?post=10127"}],"curies":[{"name":"wp","href":"https:\/\/api.w.org\/{rel}","templated":true}]}}