{"id":10132,"date":"2024-08-21T20:46:53","date_gmt":"2024-08-21T19:46:53","guid":{"rendered":"https:\/\/tremunpiercing.com\/?post_type=product&#038;p=10132"},"modified":"2026-04-14T11:28:28","modified_gmt":"2026-04-14T10:28:28","slug":"vanessa","status":"publish","type":"product","link":"https:\/\/tremunpiercing.com\/fr\/product\/vanessa\/","title":{"rendered":"Vanessa"},"content":{"rendered":"<p>La monture Vanessa de Shanga Jewellery est con\u00e7ue pour celles qui souhaitent avoir une \u00e9l\u00e9gance impressionnante. Le superbe top en or massif 18 carats a une taille de 7,5 mm et comporte une magnifique pierre centrale en zircone cubique. Le design filet\u00e9 14G assure un ajustement s\u00fbr et professionnel ; il fonctionne parfaitement avec les bagues de labret 14G. La partie sup\u00e9rieure filet\u00e9e Vanessa convient aux piercings du cartilage de l'oreille ou de la l\u00e8vre et pr\u00e9sente une pierre pr\u00e9cieuse de taille audacieuse, ainsi qu'une finition propre et confortable. Cette pi\u00e8ce a \u00e9t\u00e9 cr\u00e9\u00e9e pour les studios de piercing et les bijouteries, offrant l'assurance d'un confort hypoallerg\u00e9nique que les clients peuvent porter et auquel ils peuvent faire confiance pour une longue dur\u00e9e.<\/p>\n<p>La pierre pr\u00e9cieuse en zircon cubique scintillante se d\u00e9tache magnifiquement de l'or chaud, ce qui rend cette pi\u00e8ce passionnante mais extr\u00eamement facile \u00e0 porter, que ce soit au quotidien ou lors d'une occasion sp\u00e9ciale. L'embout filet\u00e9 Vanessa est un ajout luxueux \u00e0 toute collection de bijoux ; c'est le type de bijou qui pla\u00eet particuli\u00e8rement aux clients qui appr\u00e9cient un piercing d'apparat tout en ayant une pi\u00e8ce confortable et durable.<\/p>","protected":false},"excerpt":{"rendered":"<ul>\n<li>Dessus filet\u00e9<\/li>\n<li>Mati\u00e8re : Or jaune 18k<\/li>\n<li>Jauge : 14G<\/li>\n<li>Taille : 7,5 mm<\/li>\n<li>Gemmes : Zircone cubique<\/li>\n<li>Compatible avec les poteaux de labret 14G<\/li>\n<li>Marque : Shanga Jewellery<\/li>\n<\/ul>","protected":false},"featured_media":10133,"comment_status":"closed","ping_status":"closed","template":"","meta":{"_acf_changed":false},"product_brand":[],"product_cat":[337,398],"product_tag":[187,188,189,205,206,212,190,183,213,184,207],"class_list":{"0":"post-10132","1":"product","2":"type-product","3":"status-publish","4":"has-post-thumbnail","6":"product_cat-gold-jewelry","7":"product_cat-shanga","8":"product_tag-conch","9":"product_tag-ear","10":"product_tag-helix","11":"product_tag-lobe","12":"product_tag-lobulo","13":"product_tag-medusa","14":"product_tag-oreja","15":"product_tag-perforacion","16":"product_tag-philtrum","17":"product_tag-piercing","18":"product_tag-tragus","20":"first","21":"instock","22":"taxable","23":"shipping-taxable","24":"purchasable","25":"product-type-simple"},"acf":[],"gallery_images":[29624,29625],"_links":{"self":[{"href":"https:\/\/tremunpiercing.com\/fr\/wp-json\/wp\/v2\/product\/10132","targetHints":{"allow":["GET"]}}],"collection":[{"href":"https:\/\/tremunpiercing.com\/fr\/wp-json\/wp\/v2\/product"}],"about":[{"href":"https:\/\/tremunpiercing.com\/fr\/wp-json\/wp\/v2\/types\/product"}],"replies":[{"embeddable":true,"href":"https:\/\/tremunpiercing.com\/fr\/wp-json\/wp\/v2\/comments?post=10132"}],"version-history":[{"count":1,"href":"https:\/\/tremunpiercing.com\/fr\/wp-json\/wp\/v2\/product\/10132\/revisions"}],"predecessor-version":[{"id":29626,"href":"https:\/\/tremunpiercing.com\/fr\/wp-json\/wp\/v2\/product\/10132\/revisions\/29626"}],"wp:featuredmedia":[{"embeddable":true,"href":"https:\/\/tremunpiercing.com\/fr\/wp-json\/wp\/v2\/media\/10133"}],"wp:attachment":[{"href":"https:\/\/tremunpiercing.com\/fr\/wp-json\/wp\/v2\/media?parent=10132"}],"wp:term":[{"taxonomy":"product_brand","embeddable":true,"href":"https:\/\/tremunpiercing.com\/fr\/wp-json\/wp\/v2\/product_brand?post=10132"},{"taxonomy":"product_cat","embeddable":true,"href":"https:\/\/tremunpiercing.com\/fr\/wp-json\/wp\/v2\/product_cat?post=10132"},{"taxonomy":"product_tag","embeddable":true,"href":"https:\/\/tremunpiercing.com\/fr\/wp-json\/wp\/v2\/product_tag?post=10132"}],"curies":[{"name":"wp","href":"https:\/\/api.w.org\/{rel}","templated":true}]}}