{"id":10139,"date":"2024-08-21T21:07:20","date_gmt":"2024-08-21T20:07:20","guid":{"rendered":"https:\/\/tremunpiercing.com\/?post_type=product&#038;p=10139"},"modified":"2026-04-14T13:11:28","modified_gmt":"2026-04-14T12:11:28","slug":"alisea-4-with-bullets-copy","status":"publish","type":"product","link":"https:\/\/tremunpiercing.com\/fr\/product\/alisea-4-with-bullets-copy\/","title":{"rendered":"Panarea"},"content":{"rendered":"<p>Introduisez l'\u00e9l\u00e9gance d'inspiration italienne dans vos piercings avec le Panarea de Shanga Jewellery ! Cet embout filet\u00e9 est fabriqu\u00e9 en or jaune 18 carats de haute qualit\u00e9 et comporte de magnifiques pierres en zircon cubique qui scintilleront dans n'importe quelle lumi\u00e8re ou sc\u00e8ne ! Disponible en plusieurs tailles, Panarea offre une grande flexibilit\u00e9 pour diverses options de placement, du cartilage de l'oreille aux narines ou aux piercings de la l\u00e8vre. Panarea est con\u00e7u pour s'adapter en toute s\u00e9curit\u00e9 aux tenons de labret filet\u00e9s des tailles 16G et 14G, garantissant \u00e0 la fois un ajustement professionnel et une fiabilit\u00e9, tout en \u00e9tant l\u00e9ger et confortable pour vos clients. Le style non filet\u00e9 vous permet de changer de bijou en toute s\u00e9curit\u00e9.<\/p>\n<p>Les mat\u00e9riaux luxueux et le design \u00e9l\u00e9gant de Panarea en font un \u00e9l\u00e9ment de design important pour tout studio de piercing et\/ou d\u00e9taillant de bijoux qui offre \u00e0 ses clients un moyen d'ajouter de l'\u00e9l\u00e9gance ou quelque chose de sp\u00e9cial \u00e0 leurs bijoux corporels. Robuste, hypoallerg\u00e9nique et \u00e9l\u00e9gant, ce bijou est aussi polyvalent que simple !<\/p>","protected":false},"excerpt":{"rendered":"<ul>\n<li>Dessus filet\u00e9<\/li>\n<li>Mati\u00e8re : Or jaune 18k<\/li>\n<li>Gemmes : Zircone cubique<\/li>\n<li>Compatible avec les poteaux de labret 16G et 14G<\/li>\n<li>Taille : Grand - Petit<\/li>\n<li>Marque : Shanga Jewellery<\/li>\n<\/ul>","protected":false},"featured_media":10142,"comment_status":"closed","ping_status":"closed","template":"","meta":{"_acf_changed":false},"product_brand":[],"product_cat":[337,398],"product_tag":[187,188,189,205,206,212,190,183,213,184,207],"class_list":{"0":"post-10139","1":"product","2":"type-product","3":"status-publish","4":"has-post-thumbnail","6":"product_cat-gold-jewelry","7":"product_cat-shanga","8":"product_tag-conch","9":"product_tag-ear","10":"product_tag-helix","11":"product_tag-lobe","12":"product_tag-lobulo","13":"product_tag-medusa","14":"product_tag-oreja","15":"product_tag-perforacion","16":"product_tag-philtrum","17":"product_tag-piercing","18":"product_tag-tragus","20":"first","21":"instock","22":"featured","23":"taxable","24":"shipping-taxable","25":"purchasable","26":"product-type-variable"},"acf":[],"gallery_images":[29636,29635],"_links":{"self":[{"href":"https:\/\/tremunpiercing.com\/fr\/wp-json\/wp\/v2\/product\/10139","targetHints":{"allow":["GET"]}}],"collection":[{"href":"https:\/\/tremunpiercing.com\/fr\/wp-json\/wp\/v2\/product"}],"about":[{"href":"https:\/\/tremunpiercing.com\/fr\/wp-json\/wp\/v2\/types\/product"}],"replies":[{"embeddable":true,"href":"https:\/\/tremunpiercing.com\/fr\/wp-json\/wp\/v2\/comments?post=10139"}],"version-history":[{"count":1,"href":"https:\/\/tremunpiercing.com\/fr\/wp-json\/wp\/v2\/product\/10139\/revisions"}],"predecessor-version":[{"id":29637,"href":"https:\/\/tremunpiercing.com\/fr\/wp-json\/wp\/v2\/product\/10139\/revisions\/29637"}],"wp:featuredmedia":[{"embeddable":true,"href":"https:\/\/tremunpiercing.com\/fr\/wp-json\/wp\/v2\/media\/10142"}],"wp:attachment":[{"href":"https:\/\/tremunpiercing.com\/fr\/wp-json\/wp\/v2\/media?parent=10139"}],"wp:term":[{"taxonomy":"product_brand","embeddable":true,"href":"https:\/\/tremunpiercing.com\/fr\/wp-json\/wp\/v2\/product_brand?post=10139"},{"taxonomy":"product_cat","embeddable":true,"href":"https:\/\/tremunpiercing.com\/fr\/wp-json\/wp\/v2\/product_cat?post=10139"},{"taxonomy":"product_tag","embeddable":true,"href":"https:\/\/tremunpiercing.com\/fr\/wp-json\/wp\/v2\/product_tag?post=10139"}],"curies":[{"name":"wp","href":"https:\/\/api.w.org\/{rel}","templated":true}]}}