{"id":10146,"date":"2024-08-21T21:37:08","date_gmt":"2024-08-21T20:37:08","guid":{"rendered":"https:\/\/tremunpiercing.com\/?post_type=product&#038;p=10146"},"modified":"2026-02-18T00:55:36","modified_gmt":"2026-02-17T23:55:36","slug":"square-alisea-4-with-bullets","status":"publish","type":"product","link":"https:\/\/tremunpiercing.com\/fr\/product\/square-alisea-4-with-bullets\/","title":{"rendered":"Square Alisea 4 avec des balles"},"content":{"rendered":"<p>Alliant design contemporain et luxe intemporel, le Square Alisea 4 With Bullets de Shanga Jewellery est r\u00e9alis\u00e9 en or jaune 18 carats. Le fermoir \u00e0 tige filet\u00e9e pr\u00e9sente des pierres en zircon cubique scintillantes serties dans une forme carr\u00e9e avec des accents d\u00e9taill\u00e9s en forme d'ogive. Les tailles propos\u00e9es permettent aux pierceurs d'adapter leur style \u00e0 leur esth\u00e9tique personnelle et \u00e0 l'emplacement de leurs clients. Le syst\u00e8me d'ajustement non filet\u00e9, qui est s\u00fbr et qui offre deux options pour la compatibilit\u00e9 de Jones avec les tenons de labret non filet\u00e9s 16G et 14G, est pratique pour l'utilisation au bureau.<\/p>\n<p>Le Square Alisea 4 est un excellent bijou d'oreille, pour les l\u00e8vres et pour tous les cas o\u00f9 l'on souhaite un bijou plus grand et plus remarquable. Le mat\u00e9riau en or hypoallerg\u00e9nique vous permet de prendre en compte le confort et l'esth\u00e9tique dans le processus de conception. Le Square Alisea 4 est un compl\u00e9ment id\u00e9al pour les studios de piercing et les d\u00e9taillants. Il repr\u00e9sente une option moderne et \u00e9l\u00e9gante pour les bijoux en zircone cubique de qualit\u00e9. Parfaitement adapt\u00e9 \u00e0 toute collection professionnelle, il peut \u00eatre port\u00e9 seul ou associ\u00e9 \u00e0 d'autres bijoux.<\/p>","protected":false},"excerpt":{"rendered":"<ul>\n<li>Sans filetage - Dessus de goupille de pouss\u00e9e<\/li>\n<li>Mati\u00e8re : Or jaune 18k, tige en acier inoxydable<\/li>\n<li>Gemmes : Zircone cubique<\/li>\n<li>Compatible avec les tenons de labret non filet\u00e9s 16G et 14G<\/li>\n<li>Taille : Grand - Petit<\/li>\n<li>Marque : Shanga Jewellery<\/li>\n<\/ul>","protected":false},"featured_media":10149,"comment_status":"closed","ping_status":"closed","template":"","meta":{"_acf_changed":false},"product_brand":[],"product_cat":[337,398],"product_tag":[187,188,189,205,206,212,190,183,213,184,207],"class_list":{"0":"post-10146","1":"product","2":"type-product","3":"status-publish","4":"has-post-thumbnail","6":"product_cat-gold-jewelry","7":"product_cat-shanga","8":"product_tag-conch","9":"product_tag-ear","10":"product_tag-helix","11":"product_tag-lobe","12":"product_tag-lobulo","13":"product_tag-medusa","14":"product_tag-oreja","15":"product_tag-perforacion","16":"product_tag-philtrum","17":"product_tag-piercing","18":"product_tag-tragus","20":"first","21":"instock","22":"taxable","23":"shipping-taxable","24":"product-type-variable"},"acf":[],"gallery_images":[],"_links":{"self":[{"href":"https:\/\/tremunpiercing.com\/fr\/wp-json\/wp\/v2\/product\/10146","targetHints":{"allow":["GET"]}}],"collection":[{"href":"https:\/\/tremunpiercing.com\/fr\/wp-json\/wp\/v2\/product"}],"about":[{"href":"https:\/\/tremunpiercing.com\/fr\/wp-json\/wp\/v2\/types\/product"}],"replies":[{"embeddable":true,"href":"https:\/\/tremunpiercing.com\/fr\/wp-json\/wp\/v2\/comments?post=10146"}],"version-history":[{"count":0,"href":"https:\/\/tremunpiercing.com\/fr\/wp-json\/wp\/v2\/product\/10146\/revisions"}],"wp:featuredmedia":[{"embeddable":true,"href":"https:\/\/tremunpiercing.com\/fr\/wp-json\/wp\/v2\/media\/10149"}],"wp:attachment":[{"href":"https:\/\/tremunpiercing.com\/fr\/wp-json\/wp\/v2\/media?parent=10146"}],"wp:term":[{"taxonomy":"product_brand","embeddable":true,"href":"https:\/\/tremunpiercing.com\/fr\/wp-json\/wp\/v2\/product_brand?post=10146"},{"taxonomy":"product_cat","embeddable":true,"href":"https:\/\/tremunpiercing.com\/fr\/wp-json\/wp\/v2\/product_cat?post=10146"},{"taxonomy":"product_tag","embeddable":true,"href":"https:\/\/tremunpiercing.com\/fr\/wp-json\/wp\/v2\/product_tag?post=10146"}],"curies":[{"name":"wp","href":"https:\/\/api.w.org\/{rel}","templated":true}]}}