{"id":10157,"date":"2024-08-22T15:05:05","date_gmt":"2024-08-22T14:05:05","guid":{"rendered":"https:\/\/tremunpiercing.com\/?post_type=product&#038;p=10157"},"modified":"2025-12-04T16:10:04","modified_gmt":"2025-12-04T15:10:04","slug":"venezia","status":"publish","type":"product","link":"https:\/\/tremunpiercing.com\/fr\/product\/venezia\/","title":{"rendered":"V\u00e9n\u00e9tie"},"content":{"rendered":"<p>Le top sans fil Venezia de Shanga Jewellery est une belle addition \u00e0 tous les piercings et ne manquera pas d'apporter une \u00e9l\u00e9gance d'inspiration italienne \u00e0 votre bo\u00eete \u00e0 bijoux. L'\u00e9pingle \u00e0 nourrice Venezia est en or jaune 18 carats et comporte d'\u00e9blouissantes pierres en zircon cubique. La broche Venezia est disponible en deux tailles : grande (5,4 mm x 4 mm) et petite (3,9 mm x 2,9 mm), ce qui permet de r\u00e9pondre \u00e0 vos go\u00fbts personnels ou de placer vos bijoux comme vous le souhaitez. La clause filet\u00e9e s\u00e9curis\u00e9e cr\u00e9e un ajustement s\u00fbr et confortable pour le perceur et le client, tout en permettant de changer facilement de bijou. L'embout non filet\u00e9 Venezia est compatible avec les tenons de labret non filet\u00e9s 16G et 14G et s'adapte \u00e0 une grande vari\u00e9t\u00e9 de piercings, y compris les l\u00e8vres, les oreilles et les narines.<\/p>\n<p>La combinaison classique d'or et de pierres en fait une pi\u00e8ce solide pour les studios qui cherchent \u00e0 stocker des bijoux de qualit\u00e9 sup\u00e9rieure, hypoallerg\u00e9niques et conformes aux normes professionnelles. La finition luxueuse et le design bien con\u00e7u du Venezia en font un produit charmant pour les d\u00e9taillants de piercing et les professionnels \u00e0 la recherche de hauts de forme en or fin que leurs clients appr\u00e9cieront.<\/p>","protected":false},"excerpt":{"rendered":"<ul>\n<li>Sans filetage - Dessus de goupille de pouss\u00e9e<\/li>\n<li>Mati\u00e8re : Or jaune 18k, tige en acier inoxydable<\/li>\n<li>Gemmes : Zircone cubique<\/li>\n<li>Compatible avec les tenons de labret non filet\u00e9s 16G et 14G<\/li>\n<li>Taille : Grande 5.4mm x 4mm - Petite 3.9mm x 2.9mm<\/li>\n<li>Marque : Shanga Jewellery<\/li>\n<\/ul>","protected":false},"featured_media":10160,"comment_status":"closed","ping_status":"closed","template":"","meta":{"_acf_changed":false},"product_brand":[],"product_cat":[337,398],"product_tag":[187,188,189,205,206,212,190,183,213,184,207],"class_list":{"0":"post-10157","1":"product","2":"type-product","3":"status-publish","4":"has-post-thumbnail","6":"product_cat-gold-jewelry","7":"product_cat-shanga","8":"product_tag-conch","9":"product_tag-ear","10":"product_tag-helix","11":"product_tag-lobe","12":"product_tag-lobulo","13":"product_tag-medusa","14":"product_tag-oreja","15":"product_tag-perforacion","16":"product_tag-philtrum","17":"product_tag-piercing","18":"product_tag-tragus","20":"first","21":"instock","22":"taxable","23":"shipping-taxable","24":"product-type-variable"},"acf":[],"gallery_images":[],"_links":{"self":[{"href":"https:\/\/tremunpiercing.com\/fr\/wp-json\/wp\/v2\/product\/10157","targetHints":{"allow":["GET"]}}],"collection":[{"href":"https:\/\/tremunpiercing.com\/fr\/wp-json\/wp\/v2\/product"}],"about":[{"href":"https:\/\/tremunpiercing.com\/fr\/wp-json\/wp\/v2\/types\/product"}],"replies":[{"embeddable":true,"href":"https:\/\/tremunpiercing.com\/fr\/wp-json\/wp\/v2\/comments?post=10157"}],"version-history":[{"count":0,"href":"https:\/\/tremunpiercing.com\/fr\/wp-json\/wp\/v2\/product\/10157\/revisions"}],"wp:featuredmedia":[{"embeddable":true,"href":"https:\/\/tremunpiercing.com\/fr\/wp-json\/wp\/v2\/media\/10160"}],"wp:attachment":[{"href":"https:\/\/tremunpiercing.com\/fr\/wp-json\/wp\/v2\/media?parent=10157"}],"wp:term":[{"taxonomy":"product_brand","embeddable":true,"href":"https:\/\/tremunpiercing.com\/fr\/wp-json\/wp\/v2\/product_brand?post=10157"},{"taxonomy":"product_cat","embeddable":true,"href":"https:\/\/tremunpiercing.com\/fr\/wp-json\/wp\/v2\/product_cat?post=10157"},{"taxonomy":"product_tag","embeddable":true,"href":"https:\/\/tremunpiercing.com\/fr\/wp-json\/wp\/v2\/product_tag?post=10157"}],"curies":[{"name":"wp","href":"https:\/\/api.w.org\/{rel}","templated":true}]}}