{"id":10168,"date":"2024-08-22T16:17:26","date_gmt":"2024-08-22T15:17:26","guid":{"rendered":"https:\/\/tremunpiercing.com\/?post_type=product&#038;p=10168"},"modified":"2025-12-04T13:22:32","modified_gmt":"2025-12-04T12:22:32","slug":"pear-chevron-2","status":"publish","type":"product","link":"https:\/\/tremunpiercing.com\/fr\/product\/pear-chevron-2\/","title":{"rendered":"Chevron poire"},"content":{"rendered":"<p>Le Pear Chevron est un magnifique bijou de Shanga Jewellery destin\u00e9 aux perceurs professionnels. Fabriqu\u00e9 en or jaune 18 carats, l'embout sans fil comprend une pierre en zircone cubique taill\u00e9e en forme de poire. Il est vendu en deux tailles, une grande de 3,3 mm x 5,5 mm et une petite de 2,2 mm x 4,5 mm, afin de permettre une certaine flexibilit\u00e9 pour les piercings de l'h\u00e9lix, du tragus, de la narine et du lobe. Le style chevron de la partie sup\u00e9rieure du bijou fait ressortir l'\u00e9clat de la gemme tout en offrant un style angulaire moderne et audacieux. Il est polyvalent et s'adapte \u00e0 des tenons de labret non filet\u00e9s 16G et 14G, offrant au professionnel du piercing un ajustement confortable et s\u00fbr.<\/p>\n<p>Sa nature \u00e0 la fois \u00e9l\u00e9gante et pratique vous offre suffisamment de flexibilit\u00e9 pour s\u00e9duire les clients minimalistes et audacieux, ce qui explique pourquoi les professionnels l'adorent. Cette pi\u00e8ce est particuli\u00e8rement utile pour les clients en gros et les bijouteries en raison de sa silhouette unique qui ajoute de la diversit\u00e9 aux bijoux de haute qualit\u00e9 d'une collection de piercings.<\/p>","protected":false},"excerpt":{"rendered":"<ul>\n<li>Partie sup\u00e9rieure non filet\u00e9e - tige en acier inoxydable 25ga<\/li>\n<li>Mati\u00e8re : Or jaune 18k<\/li>\n<li>Gemmes : Zircone cubique<\/li>\n<li>Compatible avec les tenons de labret non filet\u00e9s 16G et 14G<\/li>\n<li>Taille : Grand 3,3mm x 5,5mm - Petit 2,2mm x 4,5mm<\/li>\n<li>Marque : Shanga Jewellery<\/li>\n<\/ul>","protected":false},"featured_media":10171,"comment_status":"closed","ping_status":"closed","template":"","meta":{"_acf_changed":false},"product_brand":[],"product_cat":[337,398],"product_tag":[187,188,189,205,206,212,190,183,213,184,207],"class_list":{"0":"post-10168","1":"product","2":"type-product","3":"status-publish","4":"has-post-thumbnail","6":"product_cat-gold-jewelry","7":"product_cat-shanga","8":"product_tag-conch","9":"product_tag-ear","10":"product_tag-helix","11":"product_tag-lobe","12":"product_tag-lobulo","13":"product_tag-medusa","14":"product_tag-oreja","15":"product_tag-perforacion","16":"product_tag-philtrum","17":"product_tag-piercing","18":"product_tag-tragus","20":"first","21":"instock","22":"featured","23":"taxable","24":"shipping-taxable","25":"product-type-variable"},"acf":[],"gallery_images":[10172],"_links":{"self":[{"href":"https:\/\/tremunpiercing.com\/fr\/wp-json\/wp\/v2\/product\/10168","targetHints":{"allow":["GET"]}}],"collection":[{"href":"https:\/\/tremunpiercing.com\/fr\/wp-json\/wp\/v2\/product"}],"about":[{"href":"https:\/\/tremunpiercing.com\/fr\/wp-json\/wp\/v2\/types\/product"}],"replies":[{"embeddable":true,"href":"https:\/\/tremunpiercing.com\/fr\/wp-json\/wp\/v2\/comments?post=10168"}],"version-history":[{"count":0,"href":"https:\/\/tremunpiercing.com\/fr\/wp-json\/wp\/v2\/product\/10168\/revisions"}],"wp:featuredmedia":[{"embeddable":true,"href":"https:\/\/tremunpiercing.com\/fr\/wp-json\/wp\/v2\/media\/10171"}],"wp:attachment":[{"href":"https:\/\/tremunpiercing.com\/fr\/wp-json\/wp\/v2\/media?parent=10168"}],"wp:term":[{"taxonomy":"product_brand","embeddable":true,"href":"https:\/\/tremunpiercing.com\/fr\/wp-json\/wp\/v2\/product_brand?post=10168"},{"taxonomy":"product_cat","embeddable":true,"href":"https:\/\/tremunpiercing.com\/fr\/wp-json\/wp\/v2\/product_cat?post=10168"},{"taxonomy":"product_tag","embeddable":true,"href":"https:\/\/tremunpiercing.com\/fr\/wp-json\/wp\/v2\/product_tag?post=10168"}],"curies":[{"name":"wp","href":"https:\/\/api.w.org\/{rel}","templated":true}]}}