{"id":10177,"date":"2024-08-22T20:26:05","date_gmt":"2024-08-22T19:26:05","guid":{"rendered":"https:\/\/tremunpiercing.com\/?post_type=product&#038;p=10177"},"modified":"2026-04-14T10:59:52","modified_gmt":"2026-04-14T09:59:52","slug":"baguette-with-bullets","status":"publish","type":"product","link":"https:\/\/tremunpiercing.com\/fr\/product\/baguette-with-bullets\/","title":{"rendered":"Baguette \u00e0 balles"},"content":{"rendered":"<p>Le Baguette With Bullets de Shanga Jewellery pr\u00e9sente un design \u00e9l\u00e9gant et audacieux en mati\u00e8re de bijoux corporels haut de gamme. Fabriqu\u00e9 en or jaune 18 carats, ce bijou sans fil mesure 2,9 mm x 6,9 mm et comporte en son centre un cristal de zircon cubique en forme de baguette. Chaque c\u00f4t\u00e9 du bijou est orn\u00e9 d'un d\u00e9tail en forme de balle, ce qui lui conf\u00e8re une touche d'originalit\u00e9 tout en en faisant un bijou corporel luxueux. Le haut du bijou s'adapte \u00e0 des tenons de labret 16G ou 14G et reste de qualit\u00e9 professionnelle. Il est con\u00e7u pour les bijoux d'h\u00e9lix, de tragus, de lobe ou de narine et r\u00e9pond au d\u00e9sir des clients de disposer d'un bijou qui se distingue par son style et sa sophistication.<\/p>\n<p>Les clients cherchant \u00e0 acheter en gros appr\u00e9cieront la qualit\u00e9 de fabrication de ce bijou corporel ainsi que son style moderne, qui s'ajoute aux collections de n'importe quel cr\u00e9ateur. La Baguette avec Bullets est pr\u00e9cise, durable et \u00e0 la pointe de la mode, ce qui en fait un bijou de choix pour les studios et les d\u00e9taillants.<\/p>","protected":false},"excerpt":{"rendered":"<ul>\n<li>Couvercle non filet\u00e9 - tige en acier inoxydable de 25 ga<\/li>\n<li>Mati\u00e8re : Or jaune 18k<\/li>\n<li>Taille : 2,9mm x 6,9mm<\/li>\n<li>Gemmes : Zircone cubique<\/li>\n<li>Compatible avec les labrets non filet\u00e9s 16G et 14G<\/li>\n<li>Marque : Shanga Jewellery<\/li>\n<\/ul>","protected":false},"featured_media":10178,"comment_status":"closed","ping_status":"closed","template":"","meta":{"_acf_changed":false},"product_brand":[],"product_cat":[337,398],"product_tag":[187,188,189,205,206,212,190,183,213,184,207],"class_list":{"0":"post-10177","1":"product","2":"type-product","3":"status-publish","4":"has-post-thumbnail","6":"product_cat-gold-jewelry","7":"product_cat-shanga","8":"product_tag-conch","9":"product_tag-ear","10":"product_tag-helix","11":"product_tag-lobe","12":"product_tag-lobulo","13":"product_tag-medusa","14":"product_tag-oreja","15":"product_tag-perforacion","16":"product_tag-philtrum","17":"product_tag-piercing","18":"product_tag-tragus","20":"first","21":"instock","22":"taxable","23":"shipping-taxable","24":"purchasable","25":"product-type-simple"},"acf":[],"gallery_images":[29617,29616],"_links":{"self":[{"href":"https:\/\/tremunpiercing.com\/fr\/wp-json\/wp\/v2\/product\/10177","targetHints":{"allow":["GET"]}}],"collection":[{"href":"https:\/\/tremunpiercing.com\/fr\/wp-json\/wp\/v2\/product"}],"about":[{"href":"https:\/\/tremunpiercing.com\/fr\/wp-json\/wp\/v2\/types\/product"}],"replies":[{"embeddable":true,"href":"https:\/\/tremunpiercing.com\/fr\/wp-json\/wp\/v2\/comments?post=10177"}],"version-history":[{"count":1,"href":"https:\/\/tremunpiercing.com\/fr\/wp-json\/wp\/v2\/product\/10177\/revisions"}],"predecessor-version":[{"id":28961,"href":"https:\/\/tremunpiercing.com\/fr\/wp-json\/wp\/v2\/product\/10177\/revisions\/28961"}],"wp:featuredmedia":[{"embeddable":true,"href":"https:\/\/tremunpiercing.com\/fr\/wp-json\/wp\/v2\/media\/10178"}],"wp:attachment":[{"href":"https:\/\/tremunpiercing.com\/fr\/wp-json\/wp\/v2\/media?parent=10177"}],"wp:term":[{"taxonomy":"product_brand","embeddable":true,"href":"https:\/\/tremunpiercing.com\/fr\/wp-json\/wp\/v2\/product_brand?post=10177"},{"taxonomy":"product_cat","embeddable":true,"href":"https:\/\/tremunpiercing.com\/fr\/wp-json\/wp\/v2\/product_cat?post=10177"},{"taxonomy":"product_tag","embeddable":true,"href":"https:\/\/tremunpiercing.com\/fr\/wp-json\/wp\/v2\/product_tag?post=10177"}],"curies":[{"name":"wp","href":"https:\/\/api.w.org\/{rel}","templated":true}]}}