{"id":10179,"date":"2024-08-22T20:38:18","date_gmt":"2024-08-22T19:38:18","guid":{"rendered":"https:\/\/tremunpiercing.com\/?post_type=product&#038;p=10179"},"modified":"2026-04-14T10:55:03","modified_gmt":"2026-04-14T09:55:03","slug":"baguette-double-point","status":"publish","type":"product","link":"https:\/\/tremunpiercing.com\/fr\/product\/baguette-double-point\/","title":{"rendered":"Baguette Double Point"},"content":{"rendered":"<p>Le Baguette Double Point de Shanga Jewelry est un capuchon \u00e9l\u00e9gant et sans fil con\u00e7u pour votre pierceur ou celui de votre client ! Le top en or jaune 18 carats est un top de style push-pin de 2,9 mm x 5,5 mm et comporte une magnifique pierre baguette en zircon cubique sertie dans une monture \u00e0 deux pointes. La pr\u00e9cision de ce design moderne rehaussera n'importe quel piercing gr\u00e2ce \u00e0 son style tranchant.<\/p>\n<p>Minimaliste et luxueux, le double point baguette est l'un des styles les plus populaires aupr\u00e8s des clients qui pr\u00e9f\u00e8rent un look propre et contemporain. La partie sup\u00e9rieure convient aux tenons de labret sans fil 16G et 14G et peut \u00eatre port\u00e9e dans des placements tels que la narine, le tragus, l'h\u00e9lix et les lobes avec confort et facilit\u00e9. Pour les acheteurs en gros et en studio, le double point baguette est un produit de premi\u00e8re qualit\u00e9 qui est fonctionnel, am\u00e9liore l'inventaire et constitue un choix de premier ordre parmi les perceurs et les clients.<\/p>","protected":false},"excerpt":{"rendered":"<ul>\n<li>Top sans fil<\/li>\n<li>Mati\u00e8re : Or jaune 18k<\/li>\n<li>Taille : : 2,9mm x 5,5mm<\/li>\n<li>Gemmes : Zircone cubique<\/li>\n<li>Compatible avec les tenons de labret non filet\u00e9s 16G et 14G<\/li>\n<li>Marque : Shanga Jewellery<\/li>\n<\/ul>","protected":false},"featured_media":12792,"comment_status":"closed","ping_status":"closed","template":"","meta":{"_acf_changed":false},"product_brand":[],"product_cat":[337,398],"product_tag":[187,188,189,205,206,212,190,183,213,184,207],"class_list":{"0":"post-10179","1":"product","2":"type-product","3":"status-publish","4":"has-post-thumbnail","6":"product_cat-gold-jewelry","7":"product_cat-shanga","8":"product_tag-conch","9":"product_tag-ear","10":"product_tag-helix","11":"product_tag-lobe","12":"product_tag-lobulo","13":"product_tag-medusa","14":"product_tag-oreja","15":"product_tag-perforacion","16":"product_tag-philtrum","17":"product_tag-piercing","18":"product_tag-tragus","20":"first","21":"instock","22":"featured","23":"taxable","24":"shipping-taxable","25":"purchasable","26":"product-type-simple"},"acf":[],"gallery_images":[29615,29614],"_links":{"self":[{"href":"https:\/\/tremunpiercing.com\/fr\/wp-json\/wp\/v2\/product\/10179","targetHints":{"allow":["GET"]}}],"collection":[{"href":"https:\/\/tremunpiercing.com\/fr\/wp-json\/wp\/v2\/product"}],"about":[{"href":"https:\/\/tremunpiercing.com\/fr\/wp-json\/wp\/v2\/types\/product"}],"replies":[{"embeddable":true,"href":"https:\/\/tremunpiercing.com\/fr\/wp-json\/wp\/v2\/comments?post=10179"}],"version-history":[{"count":1,"href":"https:\/\/tremunpiercing.com\/fr\/wp-json\/wp\/v2\/product\/10179\/revisions"}],"predecessor-version":[{"id":28960,"href":"https:\/\/tremunpiercing.com\/fr\/wp-json\/wp\/v2\/product\/10179\/revisions\/28960"}],"wp:featuredmedia":[{"embeddable":true,"href":"https:\/\/tremunpiercing.com\/fr\/wp-json\/wp\/v2\/media\/12792"}],"wp:attachment":[{"href":"https:\/\/tremunpiercing.com\/fr\/wp-json\/wp\/v2\/media?parent=10179"}],"wp:term":[{"taxonomy":"product_brand","embeddable":true,"href":"https:\/\/tremunpiercing.com\/fr\/wp-json\/wp\/v2\/product_brand?post=10179"},{"taxonomy":"product_cat","embeddable":true,"href":"https:\/\/tremunpiercing.com\/fr\/wp-json\/wp\/v2\/product_cat?post=10179"},{"taxonomy":"product_tag","embeddable":true,"href":"https:\/\/tremunpiercing.com\/fr\/wp-json\/wp\/v2\/product_tag?post=10179"}],"curies":[{"name":"wp","href":"https:\/\/api.w.org\/{rel}","templated":true}]}}