{"id":10187,"date":"2024-08-22T20:59:17","date_gmt":"2024-08-22T19:59:17","guid":{"rendered":"https:\/\/tremunpiercing.com\/?post_type=product&#038;p=10187"},"modified":"2026-04-14T10:42:56","modified_gmt":"2026-04-14T09:42:56","slug":"timanfaya-with-beads","status":"publish","type":"product","link":"https:\/\/tremunpiercing.com\/fr\/product\/timanfaya-with-beads\/","title":{"rendered":"Timanfaya avec perles"},"content":{"rendered":"<p>Le Timanfaya With Beads de Shanga Jewellery est un top sans fil unique cr\u00e9\u00e9 pour celles qui aiment les bijoux qui ont de la personnalit\u00e9 et de l'\u00e9l\u00e9gance. Fabriqu\u00e9 en or jaune 18 carats, ce top de 5,1 mm x 5,9 mm est orn\u00e9 de magnifiques zircons cubiques sertis dans un d\u00e9licat arrangement de perles d'or assorties. Ce design cr\u00e9e un aspect textur\u00e9 unique qui \u00e9tablit un juste \u00e9quilibre entre l'\u00e9clat et l'\u00e9l\u00e9gance.<\/p>\n<p>Con\u00e7u pour s'adapter aux tenons de labret 16G et 14G, cet article peut \u00eatre utilis\u00e9 professionnellement en toute confiance. Le top Timanfaya With Beads, pi\u00e8ce polyvalente, convient au tragus, \u00e0 l'h\u00e9lix, au lobe et au cartilage et plaira certainement aux clients qui recherchent un design audacieux et une belle qualit\u00e9. Les acheteurs en gros et les studios peuvent proposer le Timanfaya With Beads \u00e0 leurs clients en tant que collection distincte, devenant ainsi plus attrayants dans les pr\u00e9sentoirs de piercings. Les d\u00e9tails et la qualit\u00e9 de fabrication de cette pi\u00e8ce refl\u00e8tent le luxe et la cr\u00e9ativit\u00e9 n\u00e9cessaires pour en faire un article remarquable pour la vente au d\u00e9tail de bijoux corporels et pour impressionner vos clients.<\/p>","protected":false},"excerpt":{"rendered":"<ul>\n<li>Haut sans fil<\/li>\n<li>Mati\u00e8re : Or jaune 18k<\/li>\n<li>Taille : 5,1mm x 5,9mm<\/li>\n<li>Gemmes : Zircone cubique<\/li>\n<li>Compatible avec les tenons de labret 16G et 14G \u00e0 broche poussoir<\/li>\n<li>Marque : Shanga Jewellery<\/li>\n<\/ul>","protected":false},"featured_media":10188,"comment_status":"closed","ping_status":"closed","template":"","meta":{"_acf_changed":false},"product_brand":[],"product_cat":[337,398],"product_tag":[187,188,189,205,206,212,190,183,213,184,207],"class_list":{"0":"post-10187","1":"product","2":"type-product","3":"status-publish","4":"has-post-thumbnail","6":"product_cat-gold-jewelry","7":"product_cat-shanga","8":"product_tag-conch","9":"product_tag-ear","10":"product_tag-helix","11":"product_tag-lobe","12":"product_tag-lobulo","13":"product_tag-medusa","14":"product_tag-oreja","15":"product_tag-perforacion","16":"product_tag-philtrum","17":"product_tag-piercing","18":"product_tag-tragus","20":"first","21":"instock","22":"taxable","23":"shipping-taxable","24":"purchasable","25":"product-type-simple"},"acf":[],"gallery_images":[29612,29611],"_links":{"self":[{"href":"https:\/\/tremunpiercing.com\/fr\/wp-json\/wp\/v2\/product\/10187","targetHints":{"allow":["GET"]}}],"collection":[{"href":"https:\/\/tremunpiercing.com\/fr\/wp-json\/wp\/v2\/product"}],"about":[{"href":"https:\/\/tremunpiercing.com\/fr\/wp-json\/wp\/v2\/types\/product"}],"replies":[{"embeddable":true,"href":"https:\/\/tremunpiercing.com\/fr\/wp-json\/wp\/v2\/comments?post=10187"}],"version-history":[{"count":1,"href":"https:\/\/tremunpiercing.com\/fr\/wp-json\/wp\/v2\/product\/10187\/revisions"}],"predecessor-version":[{"id":29613,"href":"https:\/\/tremunpiercing.com\/fr\/wp-json\/wp\/v2\/product\/10187\/revisions\/29613"}],"wp:featuredmedia":[{"embeddable":true,"href":"https:\/\/tremunpiercing.com\/fr\/wp-json\/wp\/v2\/media\/10188"}],"wp:attachment":[{"href":"https:\/\/tremunpiercing.com\/fr\/wp-json\/wp\/v2\/media?parent=10187"}],"wp:term":[{"taxonomy":"product_brand","embeddable":true,"href":"https:\/\/tremunpiercing.com\/fr\/wp-json\/wp\/v2\/product_brand?post=10187"},{"taxonomy":"product_cat","embeddable":true,"href":"https:\/\/tremunpiercing.com\/fr\/wp-json\/wp\/v2\/product_cat?post=10187"},{"taxonomy":"product_tag","embeddable":true,"href":"https:\/\/tremunpiercing.com\/fr\/wp-json\/wp\/v2\/product_tag?post=10187"}],"curies":[{"name":"wp","href":"https:\/\/api.w.org\/{rel}","templated":true}]}}