{"id":11444,"date":"2024-10-09T20:58:15","date_gmt":"2024-10-09T19:58:15","guid":{"rendered":"https:\/\/tremunpiercing.com\/?post_type=product&#038;p=11444"},"modified":"2026-04-13T14:30:49","modified_gmt":"2026-04-13T13:30:49","slug":"kathy","status":"publish","type":"product","link":"https:\/\/tremunpiercing.com\/fr\/product\/kathy\/","title":{"rendered":"Kathy"},"content":{"rendered":"<p>Le clou \u00e0 filetage interne Kathy est une am\u00e9lioration haut de gamme pour ceux qui pratiquent le piercing de mani\u00e8re professionnelle. Fabriqu\u00e9 en or jaune 14 carats massif, ce clou allie luxe et s\u00e9curit\u00e9. D'une taille de 7 mm et d'un poids de 14 g, ce clou est orn\u00e9 d'une zircone cubique qui \u00e9blouira tout le monde. Dot\u00e9 d'un filetage interne pour une insertion plus facile et une meilleure s\u00e9curit\u00e9, ce clou est con\u00e7u pour prot\u00e9ger les tissus d\u00e9licats lors de l'insertion. Fabriqu\u00e9 \u00e0 partir de mat\u00e9riaux hypoallerg\u00e9niques et r\u00e9sistant au ternissement, ce clou est durable et conservera son \u00e9clat pendant longtemps tout en restant confortable. Ce clou est id\u00e9al pour les piercings au labret, au tragus ou au cartilage. Ajoutez le goujon Kathy au stock de votre studio pour offrir \u00e0 vos clients des bijoux corporels haut de gamme et s\u00fbrs.<\/p>","protected":false},"excerpt":{"rendered":"<ul>\n<li>Filetage interne<\/li>\n<li>Mati\u00e8re : Or jaune 14k<\/li>\n<li>Gemmes : Zircone cubique<\/li>\n<li>Jauge : 14G<\/li>\n<li>Taille : 7 mm<\/li>\n<\/ul>","protected":false},"featured_media":18608,"comment_status":"closed","ping_status":"closed","template":"","meta":{"_acf_changed":false},"product_brand":[],"product_cat":[337,463,400],"product_tag":[187,188,189,205,206,212,190,183,213,184,207],"class_list":{"0":"post-11444","1":"product","2":"type-product","3":"status-publish","4":"has-post-thumbnail","6":"product_cat-gold-jewelry","7":"product_cat-tops-gold-tremun","8":"product_cat-tremun","9":"product_tag-conch","10":"product_tag-ear","11":"product_tag-helix","12":"product_tag-lobe","13":"product_tag-lobulo","14":"product_tag-medusa","15":"product_tag-oreja","16":"product_tag-perforacion","17":"product_tag-philtrum","18":"product_tag-piercing","19":"product_tag-tragus","21":"first","22":"instock","23":"taxable","24":"shipping-taxable","25":"purchasable","26":"product-type-simple"},"acf":[],"gallery_images":[29579,29578],"_links":{"self":[{"href":"https:\/\/tremunpiercing.com\/fr\/wp-json\/wp\/v2\/product\/11444","targetHints":{"allow":["GET"]}}],"collection":[{"href":"https:\/\/tremunpiercing.com\/fr\/wp-json\/wp\/v2\/product"}],"about":[{"href":"https:\/\/tremunpiercing.com\/fr\/wp-json\/wp\/v2\/types\/product"}],"replies":[{"embeddable":true,"href":"https:\/\/tremunpiercing.com\/fr\/wp-json\/wp\/v2\/comments?post=11444"}],"version-history":[{"count":1,"href":"https:\/\/tremunpiercing.com\/fr\/wp-json\/wp\/v2\/product\/11444\/revisions"}],"predecessor-version":[{"id":29580,"href":"https:\/\/tremunpiercing.com\/fr\/wp-json\/wp\/v2\/product\/11444\/revisions\/29580"}],"wp:featuredmedia":[{"embeddable":true,"href":"https:\/\/tremunpiercing.com\/fr\/wp-json\/wp\/v2\/media\/18608"}],"wp:attachment":[{"href":"https:\/\/tremunpiercing.com\/fr\/wp-json\/wp\/v2\/media?parent=11444"}],"wp:term":[{"taxonomy":"product_brand","embeddable":true,"href":"https:\/\/tremunpiercing.com\/fr\/wp-json\/wp\/v2\/product_brand?post=11444"},{"taxonomy":"product_cat","embeddable":true,"href":"https:\/\/tremunpiercing.com\/fr\/wp-json\/wp\/v2\/product_cat?post=11444"},{"taxonomy":"product_tag","embeddable":true,"href":"https:\/\/tremunpiercing.com\/fr\/wp-json\/wp\/v2\/product_tag?post=11444"}],"curies":[{"name":"wp","href":"https:\/\/api.w.org\/{rel}","templated":true}]}}