{"id":12235,"date":"2024-11-12T01:15:11","date_gmt":"2024-11-12T00:15:11","guid":{"rendered":"https:\/\/tremunpiercing.com\/?post_type=product&#038;p=12235"},"modified":"2026-04-19T16:14:27","modified_gmt":"2026-04-19T15:14:27","slug":"micro-labret-push-pin-18g","status":"publish","type":"product","link":"https:\/\/tremunpiercing.com\/fr\/product\/micro-labret-push-pin-18g\/","title":{"rendered":"Micro Labret Push Pin 18G"},"content":{"rendered":"<p>L'\u00e9pingle \u00e0 lacet en titane de 6 mm en 18G est un bijou de base appropri\u00e9 pour les perceurs professionnels et les grossistes. Fabriqu\u00e9 en titane F-136 de qualit\u00e9 implantaire, il garantit une biocompatibilit\u00e9 maximale et une usure durable. Disponible dans des longueurs de 6 mm \u00e0 10 mm et avec une base plate de 3 mm, ce tenon s'adapte \u00e0 tous les accessoires non filet\u00e9s. Durable et l\u00e9ger, il est en passe de devenir le mat\u00e9riau pr\u00e9f\u00e9r\u00e9 pour les piercings d'incident. Les syst\u00e8mes de goupilles simples permettent une utilisation ais\u00e9e. Chacun d'entre eux devra \u00eatre v\u00e9rifi\u00e9 et s'adaptera \u00e0 votre piercing une fois qu'il sera compl\u00e8tement cicatris\u00e9, \u00e0 moins, bien s\u00fbr, qu'ils ne s'adaptent pas, car il ne s'agit que d'\u00e9pingles \u00e0 pousser et qu'elles ne sont pas totalement s\u00fbres ! Convenant aux piercings de la l\u00e8vre, de l'h\u00e9lix, du tragus et du cartilage, il s'agit de l'outil unique dont nous avons tous besoin et qui est indispensable \u00e0 tout studio de piercing. Les grossistes et les d\u00e9taillants peuvent \u00eatre assur\u00e9s de sa demande, car il constitue la base de la collection de piercings d'un professionnel !<\/p>","protected":false},"excerpt":{"rendered":"<ul>\n<li>Goupille de pouss\u00e9e<\/li>\n<li>Compatible uniquement avec les accessoires de type \"push pin\".<\/li>\n<li>Mat\u00e9riau : Titane de qualit\u00e9 implantaire F-136<\/li>\n<li>Jauge : 18G<\/li>\n<li>Longueur : 6mm, 7mm, 8mm, 9mm, 10mm<\/li>\n<li>Diam\u00e8tre de la base : 3 mm<\/li>\n<\/ul>","protected":false},"featured_media":15052,"comment_status":"closed","ping_status":"closed","template":"","meta":{"_acf_changed":false},"product_brand":[],"product_cat":[340,344],"product_tag":[187,188,189,210,211,205,206,212,190,183,213,184,293,207],"class_list":{"0":"post-12235","1":"product","2":"type-product","3":"status-publish","4":"has-post-thumbnail","6":"product_cat-titanium-jewelry","7":"product_cat-labret-titanium-jeawelry","8":"product_tag-conch","9":"product_tag-ear","10":"product_tag-helix","11":"product_tag-labret","12":"product_tag-lip","13":"product_tag-lobe","14":"product_tag-lobulo","15":"product_tag-medusa","16":"product_tag-oreja","17":"product_tag-perforacion","18":"product_tag-philtrum","19":"product_tag-piercing","20":"product_tag-push-pin","21":"product_tag-tragus","23":"first","24":"instock","25":"taxable","26":"shipping-taxable","27":"purchasable","28":"product-type-variable"},"acf":[],"gallery_images":[15055,15054,15053],"_links":{"self":[{"href":"https:\/\/tremunpiercing.com\/fr\/wp-json\/wp\/v2\/product\/12235","targetHints":{"allow":["GET"]}}],"collection":[{"href":"https:\/\/tremunpiercing.com\/fr\/wp-json\/wp\/v2\/product"}],"about":[{"href":"https:\/\/tremunpiercing.com\/fr\/wp-json\/wp\/v2\/types\/product"}],"replies":[{"embeddable":true,"href":"https:\/\/tremunpiercing.com\/fr\/wp-json\/wp\/v2\/comments?post=12235"}],"version-history":[{"count":0,"href":"https:\/\/tremunpiercing.com\/fr\/wp-json\/wp\/v2\/product\/12235\/revisions"}],"wp:featuredmedia":[{"embeddable":true,"href":"https:\/\/tremunpiercing.com\/fr\/wp-json\/wp\/v2\/media\/15052"}],"wp:attachment":[{"href":"https:\/\/tremunpiercing.com\/fr\/wp-json\/wp\/v2\/media?parent=12235"}],"wp:term":[{"taxonomy":"product_brand","embeddable":true,"href":"https:\/\/tremunpiercing.com\/fr\/wp-json\/wp\/v2\/product_brand?post=12235"},{"taxonomy":"product_cat","embeddable":true,"href":"https:\/\/tremunpiercing.com\/fr\/wp-json\/wp\/v2\/product_cat?post=12235"},{"taxonomy":"product_tag","embeddable":true,"href":"https:\/\/tremunpiercing.com\/fr\/wp-json\/wp\/v2\/product_tag?post=12235"}],"curies":[{"name":"wp","href":"https:\/\/api.w.org\/{rel}","templated":true}]}}