{"id":12467,"date":"2024-12-06T20:02:01","date_gmt":"2024-12-06T19:02:01","guid":{"rendered":"https:\/\/tremunpiercing.com\/?post_type=product&#038;p=12467"},"modified":"2026-04-13T14:26:32","modified_gmt":"2026-04-13T13:26:32","slug":"maria-yellow-gold-with-sapphires","status":"publish","type":"product","link":"https:\/\/tremunpiercing.com\/fr\/product\/maria-yellow-gold-with-sapphires\/","title":{"rendered":"Maria Or jaune avec saphirs"},"content":{"rendered":"<h2>Bague \u00e0 cliquet en saphir<\/h2>\n<p>La bague \u00e0 cliquet en or jaune Laboratory Sapphire Maria est con\u00e7ue pour les studios et les boutiques qui appr\u00e9cient les bijoux en pierres pr\u00e9cieuses de haute qualit\u00e9. Le clicker 16G en or jaune 14 carats massif a un diam\u00e8tre de 8 mm, ce qui le rend suffisamment polyvalent pour \u00eatre port\u00e9 dans une vari\u00e9t\u00e9 de piercings, tels que le septum, le daith et le cartilage. La rang\u00e9e de saphirs cultiv\u00e9s en laboratoire apporte une magnifique couleur bleue \u00e0 la pi\u00e8ce, ajoutant \u00e0 la fois esth\u00e9tique et \u00e9thique au design.<\/p>\n<p>Le fermoir s\u00e9curis\u00e9 est facile \u00e0 mettre et \u00e0 enlever pour les professionnels, sans compromettre le confort de leurs clients. Cette pi\u00e8ce ajoute une nouvelle option de pierre pr\u00e9cieuse de classe aux collections de gros que vos clients peuvent acheter clairement sans sacrifier la qualit\u00e9. La bague \u00e0 cliquet Laboratory Sapphire Maria Yellow Gold est durable, \u00e9l\u00e9gante et intemporelle pour le studio de piercing exigeant qui cherche quelque chose de haut de gamme \u00e0 offrir \u00e0 ses clients qui ont pu \u00eatre d\u00e9\u00e7us par les centres qui n'offrent que des bijoux de qualit\u00e9 inf\u00e9rieure.<\/p>","protected":false},"excerpt":{"rendered":"<ul>\n<li>Anneau Clicker<\/li>\n<li>Mati\u00e8re : Or jaune 14K<\/li>\n<li>Diam\u00e8tre : 8 mm<\/li>\n<li>Jauge : 16G<\/li>\n<li>Gemmes : Saphirs de laboratoire<\/li>\n<\/ul>","protected":false},"featured_media":12469,"comment_status":"closed","ping_status":"closed","template":"","meta":{"_acf_changed":false},"product_brand":[],"product_cat":[337,464,400],"product_tag":[192,193,202,179,180,194,188,189,195,196,226,190,183,184,197,198],"class_list":{"0":"post-12467","1":"product","2":"type-product","3":"status-publish","4":"has-post-thumbnail","6":"product_cat-gold-jewelry","7":"product_cat-rings-gold-tremun","8":"product_cat-tremun","9":"product_tag-anillo","10":"product_tag-argolla","11":"product_tag-clicker","12":"product_tag-cristal","13":"product_tag-cz","14":"product_tag-daith","15":"product_tag-ear","16":"product_tag-helix","17":"product_tag-hinged-ring","18":"product_tag-nariz","19":"product_tag-opal","20":"product_tag-oreja","21":"product_tag-perforacion","22":"product_tag-piercing","23":"product_tag-ring","24":"product_tag-septum","26":"first","27":"instock","28":"taxable","29":"shipping-taxable","30":"purchasable","31":"product-type-simple"},"acf":[],"gallery_images":[29572,29573],"_links":{"self":[{"href":"https:\/\/tremunpiercing.com\/fr\/wp-json\/wp\/v2\/product\/12467","targetHints":{"allow":["GET"]}}],"collection":[{"href":"https:\/\/tremunpiercing.com\/fr\/wp-json\/wp\/v2\/product"}],"about":[{"href":"https:\/\/tremunpiercing.com\/fr\/wp-json\/wp\/v2\/types\/product"}],"replies":[{"embeddable":true,"href":"https:\/\/tremunpiercing.com\/fr\/wp-json\/wp\/v2\/comments?post=12467"}],"version-history":[{"count":1,"href":"https:\/\/tremunpiercing.com\/fr\/wp-json\/wp\/v2\/product\/12467\/revisions"}],"predecessor-version":[{"id":29574,"href":"https:\/\/tremunpiercing.com\/fr\/wp-json\/wp\/v2\/product\/12467\/revisions\/29574"}],"wp:featuredmedia":[{"embeddable":true,"href":"https:\/\/tremunpiercing.com\/fr\/wp-json\/wp\/v2\/media\/12469"}],"wp:attachment":[{"href":"https:\/\/tremunpiercing.com\/fr\/wp-json\/wp\/v2\/media?parent=12467"}],"wp:term":[{"taxonomy":"product_brand","embeddable":true,"href":"https:\/\/tremunpiercing.com\/fr\/wp-json\/wp\/v2\/product_brand?post=12467"},{"taxonomy":"product_cat","embeddable":true,"href":"https:\/\/tremunpiercing.com\/fr\/wp-json\/wp\/v2\/product_cat?post=12467"},{"taxonomy":"product_tag","embeddable":true,"href":"https:\/\/tremunpiercing.com\/fr\/wp-json\/wp\/v2\/product_tag?post=12467"}],"curies":[{"name":"wp","href":"https:\/\/api.w.org\/{rel}","templated":true}]}}