{"id":12668,"date":"2024-12-19T01:38:03","date_gmt":"2024-12-19T00:38:03","guid":{"rendered":"https:\/\/tremunpiercing.com\/?post_type=product&#038;p=12668"},"modified":"2026-04-18T10:25:47","modified_gmt":"2026-04-18T09:25:47","slug":"micro-labret-push-pin-post-only-base-3mm","status":"publish","type":"product","link":"https:\/\/tremunpiercing.com\/fr\/product\/micro-labret-push-pin-post-only-base-3mm\/","title":{"rendered":"Micro Labret Push Pin (POST ONLY) (Base 3mm)"},"content":{"rendered":"<p>Le tenon Micro Labret Push Pin est un compl\u00e9ment essentiel pour tous les studios de piercing professionnels. Con\u00e7u sp\u00e9cifiquement pour les t\u00eates de push pin, ce tenon est fabriqu\u00e9 \u00e0 partir d'un implant en titane de premi\u00e8re qualit\u00e9 (F-136) qui offre s\u00e9curit\u00e9, durabilit\u00e9 et biocompatibilit\u00e9 pour tous les types de peau. Propos\u00e9 dans une largeur fine de calibre 20G et des longueurs de 5 mm, 6 mm ou 7 mm, vous pouvez m\u00e9langer et assortir comme vous le souhaitez en fonction de l'emplacement du piercing que votre client pr\u00e9f\u00e8re. Le tenon Micro Labret Push Pin est universel et convient \u00e0 presque tous les clients, avec l'avantage suppl\u00e9mentaire d'offrir un confort exceptionnel pendant le processus de cicatrisation. Avec une base plate de 3 mm, le tenon Micro Labret Push Pin reste confortablement plac\u00e9 contre la peau tout en offrant une bonne tenue stable avec peu d'irritation.<\/p>\n<p>Le Micro Labret Push Pin est un post-only, ce qui permet au pierceur de m\u00e9langer et d'assortir avec le catalogue d'accessoires de push pin disponibles, ce qui est ce que tout pierceur recherche dans une collection de bijoux. Le labret \u00e9tant fabriqu\u00e9 en titane l\u00e9ger mais durable est une autre raison pour laquelle les experts en piercing du monde entier font confiance \u00e0 leurs micro-labrets pour leurs propri\u00e9t\u00e9s hypoallerg\u00e9niques et leur durabilit\u00e9. Ils constituent une autre option de vente en gros int\u00e9ressante pour votre studio, votre boutique de tatouage ou votre d\u00e9taillant qui cherche \u00e0 \u00e9largir son stock de piercings de qualit\u00e9 avec des r\u00e9sultats de niveau professionnel.<\/p>","protected":false},"excerpt":{"rendered":"<ul>\n<li>Goupille de pouss\u00e9e<\/li>\n<li>Compatible uniquement avec les accessoires de type \"push pin\".<\/li>\n<li>Mat\u00e9riau : Titane de qualit\u00e9 implantaire F-136<\/li>\n<li>Jauge : 20G<\/li>\n<li>Longueur : 5mm, 6mm, 7mm<\/li>\n<li>Diam\u00e8tre de la base : 3 mm<\/li>\n<\/ul>","protected":false},"featured_media":15054,"comment_status":"closed","ping_status":"closed","template":"","meta":{"_acf_changed":false},"product_brand":[],"product_cat":[340,344],"product_tag":[187,188,189,210,211,205,206,212,190,183,213,184,293,207],"class_list":{"0":"post-12668","1":"product","2":"type-product","3":"status-publish","4":"has-post-thumbnail","6":"product_cat-titanium-jewelry","7":"product_cat-labret-titanium-jeawelry","8":"product_tag-conch","9":"product_tag-ear","10":"product_tag-helix","11":"product_tag-labret","12":"product_tag-lip","13":"product_tag-lobe","14":"product_tag-lobulo","15":"product_tag-medusa","16":"product_tag-oreja","17":"product_tag-perforacion","18":"product_tag-philtrum","19":"product_tag-piercing","20":"product_tag-push-pin","21":"product_tag-tragus","23":"first","24":"instock","25":"taxable","26":"shipping-taxable","27":"purchasable","28":"product-type-variable"},"acf":[],"gallery_images":[15055,15053,15052],"_links":{"self":[{"href":"https:\/\/tremunpiercing.com\/fr\/wp-json\/wp\/v2\/product\/12668","targetHints":{"allow":["GET"]}}],"collection":[{"href":"https:\/\/tremunpiercing.com\/fr\/wp-json\/wp\/v2\/product"}],"about":[{"href":"https:\/\/tremunpiercing.com\/fr\/wp-json\/wp\/v2\/types\/product"}],"replies":[{"embeddable":true,"href":"https:\/\/tremunpiercing.com\/fr\/wp-json\/wp\/v2\/comments?post=12668"}],"version-history":[{"count":0,"href":"https:\/\/tremunpiercing.com\/fr\/wp-json\/wp\/v2\/product\/12668\/revisions"}],"wp:featuredmedia":[{"embeddable":true,"href":"https:\/\/tremunpiercing.com\/fr\/wp-json\/wp\/v2\/media\/15054"}],"wp:attachment":[{"href":"https:\/\/tremunpiercing.com\/fr\/wp-json\/wp\/v2\/media?parent=12668"}],"wp:term":[{"taxonomy":"product_brand","embeddable":true,"href":"https:\/\/tremunpiercing.com\/fr\/wp-json\/wp\/v2\/product_brand?post=12668"},{"taxonomy":"product_cat","embeddable":true,"href":"https:\/\/tremunpiercing.com\/fr\/wp-json\/wp\/v2\/product_cat?post=12668"},{"taxonomy":"product_tag","embeddable":true,"href":"https:\/\/tremunpiercing.com\/fr\/wp-json\/wp\/v2\/product_tag?post=12668"}],"curies":[{"name":"wp","href":"https:\/\/api.w.org\/{rel}","templated":true}]}}