{"id":13047,"date":"2025-01-10T17:35:50","date_gmt":"2025-01-10T16:35:50","guid":{"rendered":"https:\/\/tremunpiercing.com\/?post_type=product&#038;p=13047"},"modified":"2026-04-13T10:55:40","modified_gmt":"2026-04-13T09:55:40","slug":"microflower-white-gold","status":"publish","type":"product","link":"https:\/\/tremunpiercing.com\/fr\/product\/microflower-white-gold\/","title":{"rendered":"Microflower Or blanc"},"content":{"rendered":"<p>Le Microflower White Gold est un article fin et sophistiqu\u00e9 fabriqu\u00e9 par Shanga Jewellery. Il est con\u00e7u pour les professionnels qui aiment les collections de bijoux corporels plus \u00e9l\u00e9gants et sophistiqu\u00e9s tout en ayant un bijou corporel tr\u00e8s fonctionnel et pratique. Il est fabriqu\u00e9 en or blanc 18 carats et est dot\u00e9 d'une tige filet\u00e9e qui s'adapte \u00e0 des tenons de labret non filet\u00e9s 16G ou 14G. Il est id\u00e9al pour tous les types de piercings. Il comporte des zircons cubiques \u00e9tincelants avec des fleurs de 4 mm pour ajouter une touche finale d'\u00e9l\u00e9gance aux piercings du cartilage, du tragus ou du lobe. Les studios de piercing et les d\u00e9taillants appr\u00e9cieront le fait qu'il s'agit d'un mod\u00e8le enti\u00e8rement sans fil, ce qui signifie qu'il peut \u00eatre fix\u00e9 rapidement et facilement sur les clients tout en \u00e9tant tr\u00e8s confortable pour ces derniers.<\/p>\n<p>Le Microflower est fabriqu\u00e9 en or 18 carats de premi\u00e8re qualit\u00e9, ce qui garantit une brillance durable et une biocompatibilit\u00e9 pour les clients qui souhaitent un bijou corporel de luxe. Cet article est un best-seller ann\u00e9e apr\u00e8s ann\u00e9e, car il allie style, durabilit\u00e9 et s\u00e9curit\u00e9 dans un classique, ce qui en fait un bijou corporel incontournable pour les collections professionnelles.<\/p>","protected":false},"excerpt":{"rendered":"<ul>\n<li>Partie sup\u00e9rieure non filet\u00e9e - tige en acier inoxydable 25ga<\/li>\n<li>Mati\u00e8re : Or blanc 18k<\/li>\n<li>Gemmes : Zircone cubique<\/li>\n<li>Compatible avec les tenons de labret non filet\u00e9s 16G et 14G<\/li>\n<li>Taille : 4 mm environ<\/li>\n<li>Marque : Shanga Jewellery<\/li>\n<\/ul>","protected":false},"featured_media":13050,"comment_status":"closed","ping_status":"closed","template":"","meta":{"_acf_changed":false},"product_brand":[],"product_cat":[337,398],"product_tag":[187,188,189,205,206,212,190,183,213,184,207],"class_list":{"0":"post-13047","1":"product","2":"type-product","3":"status-publish","4":"has-post-thumbnail","6":"product_cat-gold-jewelry","7":"product_cat-shanga","8":"product_tag-conch","9":"product_tag-ear","10":"product_tag-helix","11":"product_tag-lobe","12":"product_tag-lobulo","13":"product_tag-medusa","14":"product_tag-oreja","15":"product_tag-perforacion","16":"product_tag-philtrum","17":"product_tag-piercing","18":"product_tag-tragus","20":"first","21":"instock","22":"taxable","23":"shipping-taxable","24":"purchasable","25":"product-type-simple"},"acf":[],"gallery_images":[29522,29523],"_links":{"self":[{"href":"https:\/\/tremunpiercing.com\/fr\/wp-json\/wp\/v2\/product\/13047","targetHints":{"allow":["GET"]}}],"collection":[{"href":"https:\/\/tremunpiercing.com\/fr\/wp-json\/wp\/v2\/product"}],"about":[{"href":"https:\/\/tremunpiercing.com\/fr\/wp-json\/wp\/v2\/types\/product"}],"replies":[{"embeddable":true,"href":"https:\/\/tremunpiercing.com\/fr\/wp-json\/wp\/v2\/comments?post=13047"}],"version-history":[{"count":1,"href":"https:\/\/tremunpiercing.com\/fr\/wp-json\/wp\/v2\/product\/13047\/revisions"}],"predecessor-version":[{"id":28943,"href":"https:\/\/tremunpiercing.com\/fr\/wp-json\/wp\/v2\/product\/13047\/revisions\/28943"}],"wp:featuredmedia":[{"embeddable":true,"href":"https:\/\/tremunpiercing.com\/fr\/wp-json\/wp\/v2\/media\/13050"}],"wp:attachment":[{"href":"https:\/\/tremunpiercing.com\/fr\/wp-json\/wp\/v2\/media?parent=13047"}],"wp:term":[{"taxonomy":"product_brand","embeddable":true,"href":"https:\/\/tremunpiercing.com\/fr\/wp-json\/wp\/v2\/product_brand?post=13047"},{"taxonomy":"product_cat","embeddable":true,"href":"https:\/\/tremunpiercing.com\/fr\/wp-json\/wp\/v2\/product_cat?post=13047"},{"taxonomy":"product_tag","embeddable":true,"href":"https:\/\/tremunpiercing.com\/fr\/wp-json\/wp\/v2\/product_tag?post=13047"}],"curies":[{"name":"wp","href":"https:\/\/api.w.org\/{rel}","templated":true}]}}