{"id":13530,"date":"2025-02-06T18:00:35","date_gmt":"2025-02-06T17:00:35","guid":{"rendered":"https:\/\/tremunpiercing.com\/?post_type=product&#038;p=13530"},"modified":"2026-03-24T23:31:09","modified_gmt":"2026-03-24T22:31:09","slug":"cluster-sapphire-blue-cz","status":"publish","type":"product","link":"https:\/\/tremunpiercing.com\/fr\/product\/cluster-sapphire-blue-cz\/","title":{"rendered":"Cluster saphir bleu CZ"},"content":{"rendered":"<p>Le Cluster Sapphire Blue CZ est l'\u00e9quilibre parfait entre la profondeur et l'\u00e9l\u00e9gance que vous pouvez confier \u00e0 des professionnels. Fabriqu\u00e9e en titane F-136 de qualit\u00e9 implantaire, cette pi\u00e8ce est dot\u00e9e d'un filetage interne et sera s\u00fbre, durable et hypoallerg\u00e9nique pour chaque client. Elle comporte des zircons cubiques de 4 mm, 3 mm et 2 mm d'un bleu saphir \u00e9clatant. Enfin, cette grappe 14G est souvent choisie par les studios de piercing, les magasins de tatouage et les distributeurs de bijoux corporels qui souhaitent acheter en gros des bijoux de piercing de qualit\u00e9 m\u00e9dicale.<\/p>\n<p>&nbsp;<\/p>","protected":false},"excerpt":{"rendered":"<ul>\n<li>Filetage interne<\/li>\n<li>Mat\u00e9riau : Titane de qualit\u00e9 implantaire F-136<\/li>\n<li>Tailles des pierres pr\u00e9cieuses : 4mm, 3mm et 2mm<\/li>\n<li>Jauge : 14G<\/li>\n<li>Gemmes : Zircone cubique<\/li>\n<\/ul>","protected":false},"featured_media":13816,"comment_status":"closed","ping_status":"closed","template":"","meta":{"_acf_changed":false},"product_brand":[],"product_cat":[340,343],"product_tag":[225,187,179,180,188,189,190,200,183,184,185],"class_list":{"0":"post-13530","1":"product","2":"type-product","3":"status-publish","4":"has-post-thumbnail","6":"product_cat-titanium-jewelry","7":"product_cat-tops-titanium-jewelry","8":"product_tag-cluster","9":"product_tag-conch","10":"product_tag-cristal","11":"product_tag-cz","12":"product_tag-ear","13":"product_tag-helix","14":"product_tag-oreja","15":"product_tag-ornamental","16":"product_tag-perforacion","17":"product_tag-piercing","18":"product_tag-shiny","20":"first","21":"instock","22":"taxable","23":"shipping-taxable","24":"purchasable","25":"product-type-simple"},"acf":[],"gallery_images":[27884,27883],"_links":{"self":[{"href":"https:\/\/tremunpiercing.com\/fr\/wp-json\/wp\/v2\/product\/13530","targetHints":{"allow":["GET"]}}],"collection":[{"href":"https:\/\/tremunpiercing.com\/fr\/wp-json\/wp\/v2\/product"}],"about":[{"href":"https:\/\/tremunpiercing.com\/fr\/wp-json\/wp\/v2\/types\/product"}],"replies":[{"embeddable":true,"href":"https:\/\/tremunpiercing.com\/fr\/wp-json\/wp\/v2\/comments?post=13530"}],"version-history":[{"count":1,"href":"https:\/\/tremunpiercing.com\/fr\/wp-json\/wp\/v2\/product\/13530\/revisions"}],"predecessor-version":[{"id":27886,"href":"https:\/\/tremunpiercing.com\/fr\/wp-json\/wp\/v2\/product\/13530\/revisions\/27886"}],"wp:featuredmedia":[{"embeddable":true,"href":"https:\/\/tremunpiercing.com\/fr\/wp-json\/wp\/v2\/media\/13816"}],"wp:attachment":[{"href":"https:\/\/tremunpiercing.com\/fr\/wp-json\/wp\/v2\/media?parent=13530"}],"wp:term":[{"taxonomy":"product_brand","embeddable":true,"href":"https:\/\/tremunpiercing.com\/fr\/wp-json\/wp\/v2\/product_brand?post=13530"},{"taxonomy":"product_cat","embeddable":true,"href":"https:\/\/tremunpiercing.com\/fr\/wp-json\/wp\/v2\/product_cat?post=13530"},{"taxonomy":"product_tag","embeddable":true,"href":"https:\/\/tremunpiercing.com\/fr\/wp-json\/wp\/v2\/product_tag?post=13530"}],"curies":[{"name":"wp","href":"https:\/\/api.w.org\/{rel}","templated":true}]}}