{"id":13531,"date":"2025-02-06T18:16:49","date_gmt":"2025-02-06T17:16:49","guid":{"rendered":"https:\/\/tremunpiercing.com\/?post_type=product&#038;p=13531"},"modified":"2026-03-30T18:33:16","modified_gmt":"2026-03-30T17:33:16","slug":"cluster-topaz-blue-cz","status":"publish","type":"product","link":"https:\/\/tremunpiercing.com\/fr\/product\/cluster-topaz-blue-cz\/","title":{"rendered":"Cluster Topaze Bleu CZ"},"content":{"rendered":"<p>Ajoutez une touche de couleur amusante \u00e0 votre collection avec le Cluster Topaz Blue CZ ! Fabriqu\u00e9e en titane F-136 de qualit\u00e9 implantaire, cette pi\u00e8ce \u00e0 filetage interne se caract\u00e9rise par sa qualit\u00e9, sa solidit\u00e9, sa s\u00e9curit\u00e9 et son aspect professionnellement poli. L'ensemble de trois gemmes en zircone cubique (4 mm, 3 mm et 2 mm) de couleur bleu topaze se distinguera sur les oreilles perc\u00e9es, les l\u00e8vres et le cartilage partout o\u00f9 vous achetez des bijoux de piercing en ligne. Ce bijou est hypoallerg\u00e9nique et tr\u00e8s l\u00e9ger, c'est pourquoi les fournisseurs de bijoux de piercing et les studios de tatouage du monde entier, y compris les pierceurs professionnels, utilisent ce bijou dans leurs boutiques.<\/p>\n<p>L'article de 14g offre aux perceurs professionnels une option qu'ils peuvent utiliser et fournir \u00e0 chaque client. Pour les fournisseurs de bijoux corporels et les boutiques de piercing qui commandent en gros, ajoutez-le \u00e0 votre collection ! Parfait pour le consommateur qui souhaite acheter des bijoux de piercing en ligne ; ajoutez-le \u00e0 votre panier, stockez en cons\u00e9quence et achetez en toute confiance.<\/p>\n<p>&nbsp;<\/p>","protected":false},"excerpt":{"rendered":"<ul>\n<li>Filetage interne<\/li>\n<li>Mat\u00e9riau : Titane de qualit\u00e9 implantaire F-136<\/li>\n<li>Tailles des pierres pr\u00e9cieuses : 4mm, 3mm et 2mm<\/li>\n<li>Jauge : 14G<\/li>\n<li>Gemmes : Zircone cubique<\/li>\n<\/ul>","protected":false},"featured_media":13814,"comment_status":"closed","ping_status":"closed","template":"","meta":{"_acf_changed":false},"product_brand":[],"product_cat":[340,343],"product_tag":[225,187,179,180,188,189,190,200,183,184,185],"class_list":{"0":"post-13531","1":"product","2":"type-product","3":"status-publish","4":"has-post-thumbnail","6":"product_cat-titanium-jewelry","7":"product_cat-tops-titanium-jewelry","8":"product_tag-cluster","9":"product_tag-conch","10":"product_tag-cristal","11":"product_tag-cz","12":"product_tag-ear","13":"product_tag-helix","14":"product_tag-oreja","15":"product_tag-ornamental","16":"product_tag-perforacion","17":"product_tag-piercing","18":"product_tag-shiny","20":"first","21":"instock","22":"taxable","23":"shipping-taxable","24":"purchasable","25":"product-type-simple"},"acf":[],"gallery_images":[27881,27882],"_links":{"self":[{"href":"https:\/\/tremunpiercing.com\/fr\/wp-json\/wp\/v2\/product\/13531","targetHints":{"allow":["GET"]}}],"collection":[{"href":"https:\/\/tremunpiercing.com\/fr\/wp-json\/wp\/v2\/product"}],"about":[{"href":"https:\/\/tremunpiercing.com\/fr\/wp-json\/wp\/v2\/types\/product"}],"replies":[{"embeddable":true,"href":"https:\/\/tremunpiercing.com\/fr\/wp-json\/wp\/v2\/comments?post=13531"}],"version-history":[{"count":1,"href":"https:\/\/tremunpiercing.com\/fr\/wp-json\/wp\/v2\/product\/13531\/revisions"}],"predecessor-version":[{"id":27885,"href":"https:\/\/tremunpiercing.com\/fr\/wp-json\/wp\/v2\/product\/13531\/revisions\/27885"}],"wp:featuredmedia":[{"embeddable":true,"href":"https:\/\/tremunpiercing.com\/fr\/wp-json\/wp\/v2\/media\/13814"}],"wp:attachment":[{"href":"https:\/\/tremunpiercing.com\/fr\/wp-json\/wp\/v2\/media?parent=13531"}],"wp:term":[{"taxonomy":"product_brand","embeddable":true,"href":"https:\/\/tremunpiercing.com\/fr\/wp-json\/wp\/v2\/product_brand?post=13531"},{"taxonomy":"product_cat","embeddable":true,"href":"https:\/\/tremunpiercing.com\/fr\/wp-json\/wp\/v2\/product_cat?post=13531"},{"taxonomy":"product_tag","embeddable":true,"href":"https:\/\/tremunpiercing.com\/fr\/wp-json\/wp\/v2\/product_tag?post=13531"}],"curies":[{"name":"wp","href":"https:\/\/api.w.org\/{rel}","templated":true}]}}