{"id":13600,"date":"2025-02-07T17:13:04","date_gmt":"2025-02-07T16:13:04","guid":{"rendered":"https:\/\/tremunpiercing.com\/?post_type=product&#038;p=13600"},"modified":"2026-04-10T22:54:07","modified_gmt":"2026-04-10T21:54:07","slug":"aurora-amethyst","status":"publish","type":"product","link":"https:\/\/tremunpiercing.com\/fr\/product\/aurora-amethyst\/","title":{"rendered":"Aurore Am\u00e9thyste"},"content":{"rendered":"<p>L'Aurora Amethyst est un bijou de piercing professionnel \u00e0 filetage interne de qualit\u00e9 sup\u00e9rieure, parfait pour les studios de piercing, les boutiques de piercing ou les studios de tatouage. Fabriqu\u00e9 en titane F-136 de qualit\u00e9 implantaire, cet accessoire de classe mondiale offre aux clients la s\u00e9curit\u00e9 et la durabilit\u00e9 les plus \u00e9lev\u00e9es d'un produit de qualit\u00e9 implantaire, ainsi que le confort hypoallerg\u00e9nique qu'ils m\u00e9ritent. L'exquise am\u00e9thyste violette est taill\u00e9e en forme de goutte d'eau (8 mm x 6 mm) et pr\u00e9sente une finition hautement polie et \u00e9clatante qui met en valeur n'importe quel piercing.<\/p>\n<p>Soyez les premiers \u00e0 adopter ce bijou de corps s\u00fbr, parfait pour les piercings d'oreille, les piercings de l\u00e8vre ou tout autre placement personnalis\u00e9, qui allie le luxe \u00e0 une norme m\u00e9dicale, alors approvisionnez-vous dans notre boutique de bijoux de corps en gros aupr\u00e8s d'un vendeur en ligne Cranmary et offrez \u00e0 vos clients une option de pierre pr\u00e9cieuse haut de gamme qu'ils appr\u00e9cieront. Achetez des bijoux de piercing en ligne aupr\u00e8s d'un fournisseur de bijoux corporels et de bijoux de piercing de confiance qui vous appr\u00e9cie en tant que client. Des bijoux corporels adapt\u00e9s et s\u00fbrs.<\/p>","protected":false},"excerpt":{"rendered":"<ul>\n<li>Filetage interne<\/li>\n<li>Mat\u00e9riau : Titane de qualit\u00e9 implantaire F-136<\/li>\n<li>Jauge : 16G<\/li>\n<li>Gemmes : Am\u00e9thyste<\/li>\n<li>Taille : 8mm x 6mm<\/li>\n<\/ul>","protected":false},"featured_media":13834,"comment_status":"closed","ping_status":"closed","template":"","meta":{"_acf_changed":false},"product_brand":[],"product_cat":[340,343],"product_tag":[187,220,188,189,210,205,206,212,222,190,183,213,184,207],"class_list":{"0":"post-13600","1":"product","2":"type-product","3":"status-publish","4":"has-post-thumbnail","6":"product_cat-titanium-jewelry","7":"product_cat-tops-titanium-jewelry","8":"product_tag-conch","9":"product_tag-dermal","10":"product_tag-ear","11":"product_tag-helix","12":"product_tag-labret","13":"product_tag-lobe","14":"product_tag-lobulo","15":"product_tag-medusa","16":"product_tag-microdermal","17":"product_tag-oreja","18":"product_tag-perforacion","19":"product_tag-philtrum","20":"product_tag-piercing","21":"product_tag-tragus","23":"first","24":"instock","25":"taxable","26":"shipping-taxable","27":"purchasable","28":"product-type-simple"},"acf":[],"gallery_images":[27843,27842],"_links":{"self":[{"href":"https:\/\/tremunpiercing.com\/fr\/wp-json\/wp\/v2\/product\/13600","targetHints":{"allow":["GET"]}}],"collection":[{"href":"https:\/\/tremunpiercing.com\/fr\/wp-json\/wp\/v2\/product"}],"about":[{"href":"https:\/\/tremunpiercing.com\/fr\/wp-json\/wp\/v2\/types\/product"}],"replies":[{"embeddable":true,"href":"https:\/\/tremunpiercing.com\/fr\/wp-json\/wp\/v2\/comments?post=13600"}],"version-history":[{"count":1,"href":"https:\/\/tremunpiercing.com\/fr\/wp-json\/wp\/v2\/product\/13600\/revisions"}],"predecessor-version":[{"id":27844,"href":"https:\/\/tremunpiercing.com\/fr\/wp-json\/wp\/v2\/product\/13600\/revisions\/27844"}],"wp:featuredmedia":[{"embeddable":true,"href":"https:\/\/tremunpiercing.com\/fr\/wp-json\/wp\/v2\/media\/13834"}],"wp:attachment":[{"href":"https:\/\/tremunpiercing.com\/fr\/wp-json\/wp\/v2\/media?parent=13600"}],"wp:term":[{"taxonomy":"product_brand","embeddable":true,"href":"https:\/\/tremunpiercing.com\/fr\/wp-json\/wp\/v2\/product_brand?post=13600"},{"taxonomy":"product_cat","embeddable":true,"href":"https:\/\/tremunpiercing.com\/fr\/wp-json\/wp\/v2\/product_cat?post=13600"},{"taxonomy":"product_tag","embeddable":true,"href":"https:\/\/tremunpiercing.com\/fr\/wp-json\/wp\/v2\/product_tag?post=13600"}],"curies":[{"name":"wp","href":"https:\/\/api.w.org\/{rel}","templated":true}]}}