{"id":13612,"date":"2025-02-07T17:30:48","date_gmt":"2025-02-07T16:30:48","guid":{"rendered":"https:\/\/tremunpiercing.com\/?post_type=product&#038;p=13612"},"modified":"2026-04-22T16:18:53","modified_gmt":"2026-04-22T15:18:53","slug":"michelle","status":"publish","type":"product","link":"https:\/\/tremunpiercing.com\/fr\/product\/michelle\/","title":{"rendered":"Michelle"},"content":{"rendered":"<p>Le Michelle Internally Threaded Top est fabriqu\u00e9 en titane F-136 de qualit\u00e9 implantaire, ce qui vous garantit s\u00e9curit\u00e9 et solidit\u00e9, ainsi qu'un \u00e9clat durable. D'une taille de 16G, l'embout Michelle est dot\u00e9 d'une superbe pierre en zircone cubique de 10 mm, dont l'\u00e9clat pur ne peut \u00eatre confondu avec quoi que ce soit d'autre. Elle est ph\u00e9nom\u00e9nale dans un piercing d'oreille, de nez ou dermique. Elle est dot\u00e9e d'un filetage interne et d'un ajustement lisse, ce qui \u00e9vite toute g\u00eane ou irritation lors de sa mise en place. La lumi\u00e8re qu'il refl\u00e8te est paradisiaque en raison de sa taille brillante et de son \u00e9clat qui ne perd pas son lustre, peu importe le nombre de fois que vous le portez, et qui convient \u00e0 tous les jours ou \u00e0 une occasion sp\u00e9ciale. Le Michelle Top est durable, hypoallerg\u00e9nique et \u00e9l\u00e9gant, comme tous les autres bijoux corporels que portent vos professionnels ou que veulent vos clients.<\/p>","protected":false},"excerpt":{"rendered":"<ul>\n<li>Filetage interne<\/li>\n<li>Mat\u00e9riau : Titane de qualit\u00e9 implantaire F-136<\/li>\n<li>Jauge : 16G<\/li>\n<li>Gemmes : Zircone cubique<\/li>\n<li>Taille des pierres : 10mm<\/li>\n<\/ul>","protected":false},"featured_media":16456,"comment_status":"closed","ping_status":"closed","template":"","meta":{"_acf_changed":false},"product_brand":[],"product_cat":[340,343],"product_tag":[187,220,188,189,210,205,206,212,222,190,183,213,184,207],"class_list":{"0":"post-13612","1":"product","2":"type-product","3":"status-publish","4":"has-post-thumbnail","6":"product_cat-titanium-jewelry","7":"product_cat-tops-titanium-jewelry","8":"product_tag-conch","9":"product_tag-dermal","10":"product_tag-ear","11":"product_tag-helix","12":"product_tag-labret","13":"product_tag-lobe","14":"product_tag-lobulo","15":"product_tag-medusa","16":"product_tag-microdermal","17":"product_tag-oreja","18":"product_tag-perforacion","19":"product_tag-philtrum","20":"product_tag-piercing","21":"product_tag-tragus","23":"first","24":"instock","25":"taxable","26":"shipping-taxable","27":"purchasable","28":"product-type-simple"},"acf":[],"gallery_images":[27825,27826],"_links":{"self":[{"href":"https:\/\/tremunpiercing.com\/fr\/wp-json\/wp\/v2\/product\/13612","targetHints":{"allow":["GET"]}}],"collection":[{"href":"https:\/\/tremunpiercing.com\/fr\/wp-json\/wp\/v2\/product"}],"about":[{"href":"https:\/\/tremunpiercing.com\/fr\/wp-json\/wp\/v2\/types\/product"}],"replies":[{"embeddable":true,"href":"https:\/\/tremunpiercing.com\/fr\/wp-json\/wp\/v2\/comments?post=13612"}],"version-history":[{"count":1,"href":"https:\/\/tremunpiercing.com\/fr\/wp-json\/wp\/v2\/product\/13612\/revisions"}],"predecessor-version":[{"id":27829,"href":"https:\/\/tremunpiercing.com\/fr\/wp-json\/wp\/v2\/product\/13612\/revisions\/27829"}],"wp:featuredmedia":[{"embeddable":true,"href":"https:\/\/tremunpiercing.com\/fr\/wp-json\/wp\/v2\/media\/16456"}],"wp:attachment":[{"href":"https:\/\/tremunpiercing.com\/fr\/wp-json\/wp\/v2\/media?parent=13612"}],"wp:term":[{"taxonomy":"product_brand","embeddable":true,"href":"https:\/\/tremunpiercing.com\/fr\/wp-json\/wp\/v2\/product_brand?post=13612"},{"taxonomy":"product_cat","embeddable":true,"href":"https:\/\/tremunpiercing.com\/fr\/wp-json\/wp\/v2\/product_cat?post=13612"},{"taxonomy":"product_tag","embeddable":true,"href":"https:\/\/tremunpiercing.com\/fr\/wp-json\/wp\/v2\/product_tag?post=13612"}],"curies":[{"name":"wp","href":"https:\/\/api.w.org\/{rel}","templated":true}]}}