{"id":13622,"date":"2025-02-07T18:19:08","date_gmt":"2025-02-07T17:19:08","guid":{"rendered":"https:\/\/tremunpiercing.com\/?post_type=product&#038;p=13622"},"modified":"2025-09-03T07:57:06","modified_gmt":"2025-09-03T06:57:06","slug":"threadless-insertion-pin-titanium","status":"publish","type":"product","link":"https:\/\/tremunpiercing.com\/fr\/product\/threadless-insertion-pin-titanium\/","title":{"rendered":"Goupille d'insertion non filet\u00e9e Titane"},"content":{"rendered":"<p>La broche d'insertion non filet\u00e9e en titane est un outil professionnel essentiel pour les perceurs, con\u00e7u pour faciliter l'insertion des bijoux en toute s\u00e9curit\u00e9. La broche d'insertion non filet\u00e9e est fabriqu\u00e9e en titane F-136 de qualit\u00e9 implantaire ; elle est biocompatible, l\u00e9g\u00e8re et r\u00e9sistante \u00e0 la corrosion, ce qui en fait le mat\u00e9riau de pr\u00e9dilection pour toute proc\u00e9dure de piercing o\u00f9 la s\u00e9curit\u00e9 est primordiale. Avec une longueur de 30 mm et un calibre de 18G (1 mm), cette broche d'insertion sans fil est tr\u00e8s maniable pour guider les bijoux sans fil \u00e0 travers les piercings ouverts, frais et\/ou cicatris\u00e9s, en causant le moins d'inconfort possible au client. La finition lisse et polie du titane ne tra\u00eene pas et permet une trajectoire douce tout en minimisant les traumatismes ou l'inconfort lors du changement ou de la mise en place d'un nouveau bijou.<\/p>\n<p>En outre, le titane est hypoallerg\u00e9nique, ce qui rend la broche d'insertion sans fil adapt\u00e9e aux clients sensibles et \u00e0 la s\u00e9curit\u00e9 continue dans les studios de piercing d\u00e9velopp\u00e9s et entretenus par des professionnels. La broche d'insertion sans fil est \u00e9galement facile \u00e0 nettoyer, durable et digne de confiance. Si vous \u00eates un studio ou un professionnel soucieux de la pr\u00e9cision et du confort de vos clients, la broche d'insertion non filet\u00e9e en titane est l'option fiable et de qualit\u00e9 sup\u00e9rieure pour les broches d'insertion.<\/p>","protected":false},"excerpt":{"rendered":"<ul>\n<li>Sans filetage Goupille d'insertion<\/li>\n<li>Mat\u00e9riau : Titane de qualit\u00e9 implantaire F-136<\/li>\n<li>Jauge : 18G - 1mm<\/li>\n<li>Longueur : 30 mm<\/li>\n<\/ul>","protected":false},"featured_media":7187,"comment_status":"closed","ping_status":"closed","template":"","meta":{"_acf_changed":false},"product_brand":[],"product_cat":[328,374],"product_tag":[313,314,311,279,312],"class_list":{"0":"post-13622","1":"product","2":"type-product","3":"status-publish","4":"has-post-thumbnail","6":"product_cat-supplies","7":"product_cat-tools","8":"product_tag-herramientas","9":"product_tag-insercion","10":"product_tag-insertion-pin","11":"product_tag-supplies","12":"product_tag-supply","14":"first","15":"instock","16":"taxable","17":"shipping-taxable","18":"purchasable","19":"product-type-simple"},"acf":[],"gallery_images":[7185,7186],"_links":{"self":[{"href":"https:\/\/tremunpiercing.com\/fr\/wp-json\/wp\/v2\/product\/13622","targetHints":{"allow":["GET"]}}],"collection":[{"href":"https:\/\/tremunpiercing.com\/fr\/wp-json\/wp\/v2\/product"}],"about":[{"href":"https:\/\/tremunpiercing.com\/fr\/wp-json\/wp\/v2\/types\/product"}],"replies":[{"embeddable":true,"href":"https:\/\/tremunpiercing.com\/fr\/wp-json\/wp\/v2\/comments?post=13622"}],"version-history":[{"count":0,"href":"https:\/\/tremunpiercing.com\/fr\/wp-json\/wp\/v2\/product\/13622\/revisions"}],"wp:featuredmedia":[{"embeddable":true,"href":"https:\/\/tremunpiercing.com\/fr\/wp-json\/wp\/v2\/media\/7187"}],"wp:attachment":[{"href":"https:\/\/tremunpiercing.com\/fr\/wp-json\/wp\/v2\/media?parent=13622"}],"wp:term":[{"taxonomy":"product_brand","embeddable":true,"href":"https:\/\/tremunpiercing.com\/fr\/wp-json\/wp\/v2\/product_brand?post=13622"},{"taxonomy":"product_cat","embeddable":true,"href":"https:\/\/tremunpiercing.com\/fr\/wp-json\/wp\/v2\/product_cat?post=13622"},{"taxonomy":"product_tag","embeddable":true,"href":"https:\/\/tremunpiercing.com\/fr\/wp-json\/wp\/v2\/product_tag?post=13622"}],"curies":[{"name":"wp","href":"https:\/\/api.w.org\/{rel}","templated":true}]}}