{"id":15607,"date":"2025-04-14T16:55:18","date_gmt":"2025-04-14T15:55:18","guid":{"rendered":"https:\/\/tremunpiercing.com\/?post_type=product&#038;p=15607"},"modified":"2026-03-23T12:17:17","modified_gmt":"2026-03-23T11:17:17","slug":"septum-clicker-tina-emerald","status":"publish","type":"product","link":"https:\/\/tremunpiercing.com\/fr\/product\/septum-clicker-tina-emerald\/","title":{"rendered":"Clicker de septum Tina Emerald"},"content":{"rendered":"<p>Le Tina Emerald Septum Clicker est un anneau cliquable \u00e9l\u00e9gant con\u00e7u pour les professionnels du piercing, les studios et les distributeurs en gros. Fabriqu\u00e9 en titane F-136 de qualit\u00e9 implantaire, il est hypoallerg\u00e9nique pour une s\u00e9curit\u00e9 tout au long de la dur\u00e9e de vie du piercing, et il durera plus longtemps sans risque de corrosion, ce qui en fait l'option id\u00e9ale pour les clients \u00e0 la peau sensible.Le Tina Emerald a un diam\u00e8tre de 10 mm, un calibre 16G, une longueur de clicker de 7 mm, et est log\u00e9 avec une gemme en zircone cubique \u00e9meraude de 4 mm.<\/p>\n<p>La forme ressemble \u00e0 deux branches semi-circulaires formant un maillon. Il s'agit d'un mod\u00e8le de base pour les tenues professionnelles, dot\u00e9 d'un syst\u00e8me de fermeture r\u00e9put\u00e9, et qui constitue une bonne pi\u00e8ce de tous les jours. L'\u00e9clat de la zircone cubique \u00e9meraude ne passera pas inaper\u00e7u, cr\u00e9ant une belle touche de couleur qui attire le regard. Septum Clicker est un favori parmi les clients qui pr\u00e9f\u00e8rent des options plus bruyantes et plus \u00e9l\u00e9gantes, et il ne les d\u00e9cevra pas.<\/p>","protected":false},"excerpt":{"rendered":"<ul>\n<li>Anneau Clicker<\/li>\n<li>Mat\u00e9riau : Titane de qualit\u00e9 implantaire F-136<\/li>\n<li>Diam\u00e8tre : 10 mm<\/li>\n<li>Jauge : 16G<\/li>\n<li>Longueur du cliquet : 7mm<\/li>\n<li>Gemmes : Zircone cubique<\/li>\n<\/ul>","protected":false},"featured_media":16177,"comment_status":"closed","ping_status":"closed","template":"","meta":{"_acf_changed":false},"product_brand":[],"product_cat":[341,340],"product_tag":[192,193,202,179,180,194,188,189,195,196,226,190,183,184,197,198],"class_list":{"0":"post-15607","1":"product","2":"type-product","3":"status-publish","4":"has-post-thumbnail","6":"product_cat-rings-titanium-jewelry","7":"product_cat-titanium-jewelry","8":"product_tag-anillo","9":"product_tag-argolla","10":"product_tag-clicker","11":"product_tag-cristal","12":"product_tag-cz","13":"product_tag-daith","14":"product_tag-ear","15":"product_tag-helix","16":"product_tag-hinged-ring","17":"product_tag-nariz","18":"product_tag-opal","19":"product_tag-oreja","20":"product_tag-perforacion","21":"product_tag-piercing","22":"product_tag-ring","23":"product_tag-septum","25":"first","26":"instock","27":"taxable","28":"shipping-taxable","29":"purchasable","30":"product-type-simple"},"acf":[],"gallery_images":[27787,27788],"_links":{"self":[{"href":"https:\/\/tremunpiercing.com\/fr\/wp-json\/wp\/v2\/product\/15607","targetHints":{"allow":["GET"]}}],"collection":[{"href":"https:\/\/tremunpiercing.com\/fr\/wp-json\/wp\/v2\/product"}],"about":[{"href":"https:\/\/tremunpiercing.com\/fr\/wp-json\/wp\/v2\/types\/product"}],"replies":[{"embeddable":true,"href":"https:\/\/tremunpiercing.com\/fr\/wp-json\/wp\/v2\/comments?post=15607"}],"version-history":[{"count":1,"href":"https:\/\/tremunpiercing.com\/fr\/wp-json\/wp\/v2\/product\/15607\/revisions"}],"predecessor-version":[{"id":27789,"href":"https:\/\/tremunpiercing.com\/fr\/wp-json\/wp\/v2\/product\/15607\/revisions\/27789"}],"wp:featuredmedia":[{"embeddable":true,"href":"https:\/\/tremunpiercing.com\/fr\/wp-json\/wp\/v2\/media\/16177"}],"wp:attachment":[{"href":"https:\/\/tremunpiercing.com\/fr\/wp-json\/wp\/v2\/media?parent=15607"}],"wp:term":[{"taxonomy":"product_brand","embeddable":true,"href":"https:\/\/tremunpiercing.com\/fr\/wp-json\/wp\/v2\/product_brand?post=15607"},{"taxonomy":"product_cat","embeddable":true,"href":"https:\/\/tremunpiercing.com\/fr\/wp-json\/wp\/v2\/product_cat?post=15607"},{"taxonomy":"product_tag","embeddable":true,"href":"https:\/\/tremunpiercing.com\/fr\/wp-json\/wp\/v2\/product_tag?post=15607"}],"curies":[{"name":"wp","href":"https:\/\/api.w.org\/{rel}","templated":true}]}}