{"id":15609,"date":"2025-04-14T16:57:09","date_gmt":"2025-04-14T15:57:09","guid":{"rendered":"https:\/\/tremunpiercing.com\/?post_type=product&#038;p=15609"},"modified":"2026-03-31T20:02:51","modified_gmt":"2026-03-31T19:02:51","slug":"septum-clicker-tina-white","status":"publish","type":"product","link":"https:\/\/tremunpiercing.com\/fr\/product\/septum-clicker-tina-white\/","title":{"rendered":"Clicker pour le septum Tina White"},"content":{"rendered":"<p>Le Septum Clicker Tina White est un anneau clicker poli et convertible en titane F-136 de qualit\u00e9 implantaire. Avec un diam\u00e8tre de 10 mm dans un calibre 16G, la longueur totale du clicker est de 7 mm. Cette conception de clicker de qualit\u00e9 professionnelle permet un excellent ajustement du point de vue du studio\/de l'atelier de piercing. La zircone cubique blanche donne un \u00e9clat classique et traditionnel qui convient aux clients qui pr\u00e9f\u00e8rent un look classique. La fermeture \u00e0 cliquet est facile \u00e0 manipuler, tant pour le perceur que pour le client, ce qui facilite l'acc\u00e8s, le confort et la durabilit\u00e9 de l'ajustement.<\/p>","protected":false},"excerpt":{"rendered":"<ul>\n<li>Anneau Clicker<\/li>\n<li>Mat\u00e9riau : Titane de qualit\u00e9 implantaire F-136<\/li>\n<li>Diam\u00e8tre : 10 mm<\/li>\n<li>Jauge : 16G<\/li>\n<li>Longueur du cliquet : 7mm<\/li>\n<li>Gemmes : Zircone cubique<\/li>\n<\/ul>","protected":false},"featured_media":16175,"comment_status":"closed","ping_status":"closed","template":"","meta":{"_acf_changed":false},"product_brand":[],"product_cat":[341,340],"product_tag":[192,193,202,179,180,194,188,189,195,196,226,190,183,184,197,198],"class_list":{"0":"post-15609","1":"product","2":"type-product","3":"status-publish","4":"has-post-thumbnail","6":"product_cat-rings-titanium-jewelry","7":"product_cat-titanium-jewelry","8":"product_tag-anillo","9":"product_tag-argolla","10":"product_tag-clicker","11":"product_tag-cristal","12":"product_tag-cz","13":"product_tag-daith","14":"product_tag-ear","15":"product_tag-helix","16":"product_tag-hinged-ring","17":"product_tag-nariz","18":"product_tag-opal","19":"product_tag-oreja","20":"product_tag-perforacion","21":"product_tag-piercing","22":"product_tag-ring","23":"product_tag-septum","25":"first","26":"instock","27":"taxable","28":"shipping-taxable","29":"purchasable","30":"product-type-simple"},"acf":[],"gallery_images":[27795,27794],"_links":{"self":[{"href":"https:\/\/tremunpiercing.com\/fr\/wp-json\/wp\/v2\/product\/15609","targetHints":{"allow":["GET"]}}],"collection":[{"href":"https:\/\/tremunpiercing.com\/fr\/wp-json\/wp\/v2\/product"}],"about":[{"href":"https:\/\/tremunpiercing.com\/fr\/wp-json\/wp\/v2\/types\/product"}],"replies":[{"embeddable":true,"href":"https:\/\/tremunpiercing.com\/fr\/wp-json\/wp\/v2\/comments?post=15609"}],"version-history":[{"count":2,"href":"https:\/\/tremunpiercing.com\/fr\/wp-json\/wp\/v2\/product\/15609\/revisions"}],"predecessor-version":[{"id":27796,"href":"https:\/\/tremunpiercing.com\/fr\/wp-json\/wp\/v2\/product\/15609\/revisions\/27796"}],"wp:featuredmedia":[{"embeddable":true,"href":"https:\/\/tremunpiercing.com\/fr\/wp-json\/wp\/v2\/media\/16175"}],"wp:attachment":[{"href":"https:\/\/tremunpiercing.com\/fr\/wp-json\/wp\/v2\/media?parent=15609"}],"wp:term":[{"taxonomy":"product_brand","embeddable":true,"href":"https:\/\/tremunpiercing.com\/fr\/wp-json\/wp\/v2\/product_brand?post=15609"},{"taxonomy":"product_cat","embeddable":true,"href":"https:\/\/tremunpiercing.com\/fr\/wp-json\/wp\/v2\/product_cat?post=15609"},{"taxonomy":"product_tag","embeddable":true,"href":"https:\/\/tremunpiercing.com\/fr\/wp-json\/wp\/v2\/product_tag?post=15609"}],"curies":[{"name":"wp","href":"https:\/\/api.w.org\/{rel}","templated":true}]}}