{"id":15629,"date":"2025-04-14T17:48:40","date_gmt":"2025-04-14T16:48:40","guid":{"rendered":"https:\/\/tremunpiercing.com\/?post_type=product&#038;p=15629"},"modified":"2026-03-19T15:28:08","modified_gmt":"2026-03-19T14:28:08","slug":"athena-topaz-blue-cz","status":"publish","type":"product","link":"https:\/\/tremunpiercing.com\/fr\/product\/athena-topaz-blue-cz\/","title":{"rendered":"Athena Topaz Blue CZ"},"content":{"rendered":"<p>L'Athena Topaz Blue CZ est un bijou de piercing haut de gamme \u00e0 filetage interne con\u00e7u pour les studios professionnels, les d\u00e9taillants de piercing et les distributeurs. Fabriqu\u00e9 en titane F-136 de qualit\u00e9 implantaire, il est durable, s\u00fbr et hypoallerg\u00e9nique, ce qui est id\u00e9al pour nos clients sensibles. Le zircon cubique bleu topaze est d'une couleur vive et d'une grande brillance pour un maximum d'\u00e9clat, ce qui permet de faire ressortir un style vibrant et individuel. Toutes les pi\u00e8ces sont disponibles en calibre 16G standard avec une longueur de 16,12 mm, ce qui permet de se sentir bien et d'avoir des montures s\u00fbres \u00e0 porter tous les jours.<\/p>","protected":false},"excerpt":{"rendered":"<ul>\n<li>Filetage interne<\/li>\n<li>Mat\u00e9riau : Titane de qualit\u00e9 implantaire F-136<\/li>\n<li>Jauge : 16G<\/li>\n<li>Gemmes : Zircone cubique<\/li>\n<li>Longueur : 16,12mm<\/li>\n<\/ul>","protected":false},"featured_media":15630,"comment_status":"closed","ping_status":"closed","template":"","meta":{"_acf_changed":false},"product_brand":[],"product_cat":[340,343],"product_tag":[187,188,209,189,205,206,190,183,184,207],"class_list":{"0":"post-15629","1":"product","2":"type-product","3":"status-publish","4":"has-post-thumbnail","6":"product_cat-titanium-jewelry","7":"product_cat-tops-titanium-jewelry","8":"product_tag-conch","9":"product_tag-ear","10":"product_tag-faux-rook","11":"product_tag-helix","12":"product_tag-lobe","13":"product_tag-lobulo","14":"product_tag-oreja","15":"product_tag-perforacion","16":"product_tag-piercing","17":"product_tag-tragus","19":"first","20":"instock","21":"taxable","22":"shipping-taxable","23":"purchasable","24":"product-type-simple"},"acf":[],"gallery_images":[27640,27639],"_links":{"self":[{"href":"https:\/\/tremunpiercing.com\/fr\/wp-json\/wp\/v2\/product\/15629","targetHints":{"allow":["GET"]}}],"collection":[{"href":"https:\/\/tremunpiercing.com\/fr\/wp-json\/wp\/v2\/product"}],"about":[{"href":"https:\/\/tremunpiercing.com\/fr\/wp-json\/wp\/v2\/types\/product"}],"replies":[{"embeddable":true,"href":"https:\/\/tremunpiercing.com\/fr\/wp-json\/wp\/v2\/comments?post=15629"}],"version-history":[{"count":1,"href":"https:\/\/tremunpiercing.com\/fr\/wp-json\/wp\/v2\/product\/15629\/revisions"}],"predecessor-version":[{"id":27641,"href":"https:\/\/tremunpiercing.com\/fr\/wp-json\/wp\/v2\/product\/15629\/revisions\/27641"}],"wp:featuredmedia":[{"embeddable":true,"href":"https:\/\/tremunpiercing.com\/fr\/wp-json\/wp\/v2\/media\/15630"}],"wp:attachment":[{"href":"https:\/\/tremunpiercing.com\/fr\/wp-json\/wp\/v2\/media?parent=15629"}],"wp:term":[{"taxonomy":"product_brand","embeddable":true,"href":"https:\/\/tremunpiercing.com\/fr\/wp-json\/wp\/v2\/product_brand?post=15629"},{"taxonomy":"product_cat","embeddable":true,"href":"https:\/\/tremunpiercing.com\/fr\/wp-json\/wp\/v2\/product_cat?post=15629"},{"taxonomy":"product_tag","embeddable":true,"href":"https:\/\/tremunpiercing.com\/fr\/wp-json\/wp\/v2\/product_tag?post=15629"}],"curies":[{"name":"wp","href":"https:\/\/api.w.org\/{rel}","templated":true}]}}