{"id":15637,"date":"2025-04-14T18:00:32","date_gmt":"2025-04-14T17:00:32","guid":{"rendered":"https:\/\/tremunpiercing.com\/?post_type=product&#038;p=15637"},"modified":"2026-04-15T15:30:54","modified_gmt":"2026-04-15T14:30:54","slug":"lilbit-push-pin-amethyst","status":"publish","type":"product","link":"https:\/\/tremunpiercing.com\/fr\/product\/lilbit-push-pin-amethyst\/","title":{"rendered":"Epingle \u00e0 nourrice Lilbit Am\u00e9thyste"},"content":{"rendered":"<p>Le Lilbit Push Pin Amethyst est un magnifique bijou qui va cr\u00e9er une petite explosion de couleur pour rehausser toute collection de piercings avec une teinte riche et magnifique inspir\u00e9e des pierres pr\u00e9cieuses. Le design est cr\u00e9\u00e9 \u00e0 partir de titane F-136 de qualit\u00e9 m\u00e9dicale, ce qui signifie qu'il est s\u00fbr, hypoallerg\u00e9nique et tr\u00e8s durable. L'\u00e9tincelante zircone cubique am\u00e9thyste refl\u00e8te magnifiquement la lumi\u00e8re, ce qui en fait une pi\u00e8ce appr\u00e9ci\u00e9e des clients qui pr\u00e9f\u00e8rent les styles \u00e9l\u00e9gants mais brillants.<\/p>\n<p>Cette pi\u00e8ce ne peut \u00eatre utilis\u00e9e qu'avec des labrets \u00e0 tige poussoir et est disponible en plusieurs diam\u00e8tres (1,5 mm-3 mm), ce qui offre aux studios professionnels une polyvalence et une fiabilit\u00e9 pr\u00e9cieuses. Cette pi\u00e8ce est un ajout int\u00e9ressant de la part d'un fabricant digne de confiance et offre aux clients d'excellents bijoux qui r\u00e9pondent \u00e0 leur d\u00e9sir de s\u00e9curit\u00e9 et de style.<\/p>","protected":false},"excerpt":{"rendered":"<ul>\n<li>Accessoire de la goupille de pouss\u00e9e<\/li>\n<li>Compatible uniquement avec les labrets \u00e0 goupille de pouss\u00e9e<\/li>\n<li>Mat\u00e9riau : Titane de qualit\u00e9 implantaire F-136<\/li>\n<li>Calibre : 25G<\/li>\n<li>Diam\u00e8tres : 1,5mm - 2mm - 2,5mm - 3mm<\/li>\n<li>Gemmes : Zircone cubique<\/li>\n<\/ul>","protected":false},"featured_media":15642,"comment_status":"closed","ping_status":"closed","template":"","meta":{"_acf_changed":false},"product_brand":[],"product_cat":[340,343],"product_tag":[218,295,296,187,188,189,205,206,212,190,183,213,184,297,294,207],"class_list":{"0":"post-15637","1":"product","2":"type-product","3":"status-publish","4":"has-post-thumbnail","6":"product_cat-titanium-jewelry","7":"product_cat-tops-titanium-jewelry","8":"product_tag-ball","9":"product_tag-bola","10":"product_tag-bolita","11":"product_tag-conch","12":"product_tag-ear","13":"product_tag-helix","14":"product_tag-lobe","15":"product_tag-lobulo","16":"product_tag-medusa","17":"product_tag-oreja","18":"product_tag-perforacion","19":"product_tag-philtrum","20":"product_tag-piercing","21":"product_tag-repuesto","22":"product_tag-spare","23":"product_tag-tragus","25":"first","26":"instock","27":"taxable","28":"shipping-taxable","29":"purchasable","30":"product-type-variable"},"acf":[],"gallery_images":[27772,27771],"_links":{"self":[{"href":"https:\/\/tremunpiercing.com\/fr\/wp-json\/wp\/v2\/product\/15637","targetHints":{"allow":["GET"]}}],"collection":[{"href":"https:\/\/tremunpiercing.com\/fr\/wp-json\/wp\/v2\/product"}],"about":[{"href":"https:\/\/tremunpiercing.com\/fr\/wp-json\/wp\/v2\/types\/product"}],"replies":[{"embeddable":true,"href":"https:\/\/tremunpiercing.com\/fr\/wp-json\/wp\/v2\/comments?post=15637"}],"version-history":[{"count":1,"href":"https:\/\/tremunpiercing.com\/fr\/wp-json\/wp\/v2\/product\/15637\/revisions"}],"predecessor-version":[{"id":27775,"href":"https:\/\/tremunpiercing.com\/fr\/wp-json\/wp\/v2\/product\/15637\/revisions\/27775"}],"wp:featuredmedia":[{"embeddable":true,"href":"https:\/\/tremunpiercing.com\/fr\/wp-json\/wp\/v2\/media\/15642"}],"wp:attachment":[{"href":"https:\/\/tremunpiercing.com\/fr\/wp-json\/wp\/v2\/media?parent=15637"}],"wp:term":[{"taxonomy":"product_brand","embeddable":true,"href":"https:\/\/tremunpiercing.com\/fr\/wp-json\/wp\/v2\/product_brand?post=15637"},{"taxonomy":"product_cat","embeddable":true,"href":"https:\/\/tremunpiercing.com\/fr\/wp-json\/wp\/v2\/product_cat?post=15637"},{"taxonomy":"product_tag","embeddable":true,"href":"https:\/\/tremunpiercing.com\/fr\/wp-json\/wp\/v2\/product_tag?post=15637"}],"curies":[{"name":"wp","href":"https:\/\/api.w.org\/{rel}","templated":true}]}}