{"id":15643,"date":"2025-04-14T18:02:20","date_gmt":"2025-04-14T17:02:20","guid":{"rendered":"https:\/\/tremunpiercing.com\/?post_type=product&#038;p=15643"},"modified":"2026-04-13T09:11:58","modified_gmt":"2026-04-13T08:11:58","slug":"lilbit-push-pin-topaz-blue","status":"publish","type":"product","link":"https:\/\/tremunpiercing.com\/fr\/product\/lilbit-push-pin-topaz-blue\/","title":{"rendered":"Epingle \u00e0 nourrice Lilbit Topaz Blue"},"content":{"rendered":"<p>L'\u00e9pingle \u00e0 pousser Lilbit Topaz Blue illuminera votre collection de bijoux de piercing avec une touche de couleur. Cette broche en titane F-136 de qualit\u00e9 implantaire est con\u00e7ue pour le confort, la s\u00e9curit\u00e9 et une brillance durable. La zircone cubique bleu topaze \u00e9blouissante ajoute une couleur fra\u00eeche et un accent visible que vos clients appr\u00e9cieront.<\/p>\n<p>Ce produit est disponible dans des diam\u00e8tres de 1,5 mm \u00e0 3 mm et n'est compatible qu'avec les goupilles de s\u00e9curit\u00e9. <a href=\"https:\/\/tremunpiercing.com\/product-category\/titanium-jewelry\/labret-titanium-jeawelry\/\">labrets<\/a>. Ainsi, vos clients peuvent le porter en toute s\u00e9curit\u00e9 et de mani\u00e8re professionnelle. Le Lilbit Push Pin Topaz Blue est parfait pour les fournisseurs de bijoux de piercing, les studios de tatouage et les distributeurs de bijoux corporels en gros. Les revendeurs appr\u00e9cieront de pouvoir proposer \u00e0 leurs clients des bijoux hypoallerg\u00e9niques de haute qualit\u00e9.<\/p>","protected":false},"excerpt":{"rendered":"<ul>\n<li>Accessoire de la goupille de pouss\u00e9e<\/li>\n<li>Compatible uniquement avec les labrets \u00e0 goupille de pouss\u00e9e<\/li>\n<li>Mat\u00e9riau : Titane de qualit\u00e9 implantaire F-136<\/li>\n<li>Calibre : 25G<\/li>\n<li>Diam\u00e8tres : 1,5mm - 2mm - 2,5mm - 3mm<\/li>\n<li>Gemmes : Zircone cubique<\/li>\n<\/ul>","protected":false},"featured_media":15648,"comment_status":"closed","ping_status":"closed","template":"","meta":{"_acf_changed":false},"product_brand":[],"product_cat":[340,343],"product_tag":[218,295,296,187,188,189,205,206,212,190,183,213,184,297,294,207],"class_list":{"0":"post-15643","1":"product","2":"type-product","3":"status-publish","4":"has-post-thumbnail","6":"product_cat-titanium-jewelry","7":"product_cat-tops-titanium-jewelry","8":"product_tag-ball","9":"product_tag-bola","10":"product_tag-bolita","11":"product_tag-conch","12":"product_tag-ear","13":"product_tag-helix","14":"product_tag-lobe","15":"product_tag-lobulo","16":"product_tag-medusa","17":"product_tag-oreja","18":"product_tag-perforacion","19":"product_tag-philtrum","20":"product_tag-piercing","21":"product_tag-repuesto","22":"product_tag-spare","23":"product_tag-tragus","25":"first","26":"instock","27":"taxable","28":"shipping-taxable","29":"purchasable","30":"product-type-variable"},"acf":[],"gallery_images":[27767,27768],"_links":{"self":[{"href":"https:\/\/tremunpiercing.com\/fr\/wp-json\/wp\/v2\/product\/15643","targetHints":{"allow":["GET"]}}],"collection":[{"href":"https:\/\/tremunpiercing.com\/fr\/wp-json\/wp\/v2\/product"}],"about":[{"href":"https:\/\/tremunpiercing.com\/fr\/wp-json\/wp\/v2\/types\/product"}],"replies":[{"embeddable":true,"href":"https:\/\/tremunpiercing.com\/fr\/wp-json\/wp\/v2\/comments?post=15643"}],"version-history":[{"count":1,"href":"https:\/\/tremunpiercing.com\/fr\/wp-json\/wp\/v2\/product\/15643\/revisions"}],"predecessor-version":[{"id":27773,"href":"https:\/\/tremunpiercing.com\/fr\/wp-json\/wp\/v2\/product\/15643\/revisions\/27773"}],"wp:featuredmedia":[{"embeddable":true,"href":"https:\/\/tremunpiercing.com\/fr\/wp-json\/wp\/v2\/media\/15648"}],"wp:attachment":[{"href":"https:\/\/tremunpiercing.com\/fr\/wp-json\/wp\/v2\/media?parent=15643"}],"wp:term":[{"taxonomy":"product_brand","embeddable":true,"href":"https:\/\/tremunpiercing.com\/fr\/wp-json\/wp\/v2\/product_brand?post=15643"},{"taxonomy":"product_cat","embeddable":true,"href":"https:\/\/tremunpiercing.com\/fr\/wp-json\/wp\/v2\/product_cat?post=15643"},{"taxonomy":"product_tag","embeddable":true,"href":"https:\/\/tremunpiercing.com\/fr\/wp-json\/wp\/v2\/product_tag?post=15643"}],"curies":[{"name":"wp","href":"https:\/\/api.w.org\/{rel}","templated":true}]}}