{"id":15649,"date":"2025-04-14T18:06:58","date_gmt":"2025-04-14T17:06:58","guid":{"rendered":"https:\/\/tremunpiercing.com\/?post_type=product&#038;p=15649"},"modified":"2026-04-19T16:14:27","modified_gmt":"2026-04-19T15:14:27","slug":"lilbit-push-pin-black","status":"publish","type":"product","link":"https:\/\/tremunpiercing.com\/fr\/product\/lilbit-push-pin-black\/","title":{"rendered":"Lilbit Push Pin Noir"},"content":{"rendered":"<p>La broche noire Lilbit est un accessoire classique et \u00e9l\u00e9gant con\u00e7u sp\u00e9cialement pour les studios de piercing professionnels et les d\u00e9taillants de piercing. L'\u00e9pingle est fabriqu\u00e9e en titane F-136 de qualit\u00e9 implantaire, ce qui garantit qu'elle est s\u00fbre, durable et absolument hypoallerg\u00e9nique pour les pierceurs instinctifs ! La pi\u00e8ce est orn\u00e9e d'une zircone cubique noire qui s'harmonise avec les clients qui recherchent un look moderne et audacieux. Con\u00e7u pour \u00eatre utilis\u00e9 avec une \u00e9pingle \u00e0 nourrice <a href=\"https:\/\/tremunpiercing.com\/product-category\/titanium-jewelry\/labret-titanium-jeawelry\/\">labrets<\/a> Il est disponible en plusieurs diam\u00e8tres de d\u00e9part (1,5 mm-3 mm) pour r\u00e9pondre \u00e0 vos besoins en mati\u00e8re de piercing. Achetez vos bijoux de piercing en ligne en toute confiance ; en tant que fabricant r\u00e9put\u00e9 et reconnu, nous pouvons faire passer votre studio de l'\u00e9tat d\u00e9contract\u00e9 \u00e0 l'\u00e9tat professionnel !<\/p>","protected":false},"excerpt":{"rendered":"<ul>\n<li>Accessoire de la goupille de pouss\u00e9e<\/li>\n<li>Compatible uniquement avec les labrets \u00e0 goupille de pouss\u00e9e<\/li>\n<li>Mat\u00e9riau : Titane de qualit\u00e9 implantaire F-136<\/li>\n<li>Calibre : 25G<\/li>\n<li>Diam\u00e8tres : 1,5mm - 2mm - 2,5mm - 3mm<\/li>\n<li>Gemmes : Zircone cubique<\/li>\n<\/ul>","protected":false},"featured_media":15654,"comment_status":"closed","ping_status":"closed","template":"","meta":{"_acf_changed":false},"product_brand":[],"product_cat":[340,343],"product_tag":[218,295,296,187,188,189,205,206,212,190,183,213,184,297,294,207],"class_list":{"0":"post-15649","1":"product","2":"type-product","3":"status-publish","4":"has-post-thumbnail","6":"product_cat-titanium-jewelry","7":"product_cat-tops-titanium-jewelry","8":"product_tag-ball","9":"product_tag-bola","10":"product_tag-bolita","11":"product_tag-conch","12":"product_tag-ear","13":"product_tag-helix","14":"product_tag-lobe","15":"product_tag-lobulo","16":"product_tag-medusa","17":"product_tag-oreja","18":"product_tag-perforacion","19":"product_tag-philtrum","20":"product_tag-piercing","21":"product_tag-repuesto","22":"product_tag-spare","23":"product_tag-tragus","25":"first","26":"instock","27":"taxable","28":"shipping-taxable","29":"purchasable","30":"product-type-variable"},"acf":[],"gallery_images":[27770,27769],"_links":{"self":[{"href":"https:\/\/tremunpiercing.com\/fr\/wp-json\/wp\/v2\/product\/15649","targetHints":{"allow":["GET"]}}],"collection":[{"href":"https:\/\/tremunpiercing.com\/fr\/wp-json\/wp\/v2\/product"}],"about":[{"href":"https:\/\/tremunpiercing.com\/fr\/wp-json\/wp\/v2\/types\/product"}],"replies":[{"embeddable":true,"href":"https:\/\/tremunpiercing.com\/fr\/wp-json\/wp\/v2\/comments?post=15649"}],"version-history":[{"count":1,"href":"https:\/\/tremunpiercing.com\/fr\/wp-json\/wp\/v2\/product\/15649\/revisions"}],"predecessor-version":[{"id":27774,"href":"https:\/\/tremunpiercing.com\/fr\/wp-json\/wp\/v2\/product\/15649\/revisions\/27774"}],"wp:featuredmedia":[{"embeddable":true,"href":"https:\/\/tremunpiercing.com\/fr\/wp-json\/wp\/v2\/media\/15654"}],"wp:attachment":[{"href":"https:\/\/tremunpiercing.com\/fr\/wp-json\/wp\/v2\/media?parent=15649"}],"wp:term":[{"taxonomy":"product_brand","embeddable":true,"href":"https:\/\/tremunpiercing.com\/fr\/wp-json\/wp\/v2\/product_brand?post=15649"},{"taxonomy":"product_cat","embeddable":true,"href":"https:\/\/tremunpiercing.com\/fr\/wp-json\/wp\/v2\/product_cat?post=15649"},{"taxonomy":"product_tag","embeddable":true,"href":"https:\/\/tremunpiercing.com\/fr\/wp-json\/wp\/v2\/product_tag?post=15649"}],"curies":[{"name":"wp","href":"https:\/\/api.w.org\/{rel}","templated":true}]}}