{"id":15673,"date":"2025-04-14T18:19:31","date_gmt":"2025-04-14T17:19:31","guid":{"rendered":"https:\/\/tremunpiercing.com\/?post_type=product&#038;p=15673"},"modified":"2026-04-18T10:25:48","modified_gmt":"2026-04-18T09:25:48","slug":"lilbit-push-pin-sapphire-blue","status":"publish","type":"product","link":"https:\/\/tremunpiercing.com\/fr\/product\/lilbit-push-pin-sapphire-blue\/","title":{"rendered":"\u00c9pingle \u00e0 pousser Lilbit Bleu saphir"},"content":{"rendered":"<p>Le Lilbit Push Pin Sapphire Blue est un petit bijou de piercing non filet\u00e9 color\u00e9 qui convient \u00e0 un usage professionnel. Cette pi\u00e8ce de piercing non filet\u00e9e est fabriqu\u00e9e en titane F-136 de qualit\u00e9 implantaire et pr\u00e9sente les trois attributs d'un bon bijou corporel : elle est l\u00e9g\u00e8re, durable comme dans l'\u00e8re spatiale et hypoallerg\u00e9nique (100%).<\/p>\n<p>Le Lilbit Push Pin Sapphire Blue ne peut \u00eatre port\u00e9 qu'avec des labrets push pin de calibre 25 et est disponible en 1,5 mm, 2 mm, 2,5 mm ou 3 mm de diam\u00e8tre, ce qui permet une grande vari\u00e9t\u00e9 de placements. La pi\u00e8ce met en valeur une pierre pr\u00e9cieuse en zircone cubique bleu saphir \u00e9tonnante, brillante et \u00e9tincelante, permettant un \u00e9clat color\u00e9 et audacieux pour tous les cartilages, les lobes ou les oreilles. <a href=\"https:\/\/tremunpiercing.com\/product-category\/titanium-jewelry\/nose-titanium-jewelry\/\">piercings au nez<\/a>.<\/p>\n<p>Heureusement, nos clients des studios de piercing et de tatouage \u00e0 travers l'Europe font confiance \u00e0 notre approvisionnement en bijoux corporels s\u00fbrs et \u00e0 notre fabrication de bijoux de piercing. Nous sommes fiers d'\u00eatre un fournisseur de bijoux de piercing en gros de qualit\u00e9 m\u00e9dicale aux \u00c9tats-Unis, au Royaume-Uni et en Espagne. Si vous commandez le Lilbit Push Pin bleu saphir et l'ajoutez \u00e0 votre collection de bijoux de corps en gros, vous fournirez \u00e0 vos clients une option de mode relativement s\u00e9curis\u00e9e qui incarne \u00e0 la fois la qualit\u00e9 et le professionnalisme.<\/p>","protected":false},"excerpt":{"rendered":"<ul>\n<li>Accessoire de la goupille de pouss\u00e9e<\/li>\n<li>Compatible uniquement avec les labrets \u00e0 goupille de pouss\u00e9e<\/li>\n<li>Mat\u00e9riau : Titane de qualit\u00e9 implantaire F-136<\/li>\n<li>Calibre : 25G<\/li>\n<li>Diam\u00e8tres : 1,5mm - 2mm - 2,5mm - 3mm<\/li>\n<li>Gemmes : Zircone cubique<\/li>\n<\/ul>","protected":false},"featured_media":15678,"comment_status":"closed","ping_status":"closed","template":"","meta":{"_acf_changed":false},"product_brand":[],"product_cat":[340,343],"product_tag":[218,295,296,187,188,189,205,206,212,190,183,213,184,297,294,207],"class_list":{"0":"post-15673","1":"product","2":"type-product","3":"status-publish","4":"has-post-thumbnail","6":"product_cat-titanium-jewelry","7":"product_cat-tops-titanium-jewelry","8":"product_tag-ball","9":"product_tag-bola","10":"product_tag-bolita","11":"product_tag-conch","12":"product_tag-ear","13":"product_tag-helix","14":"product_tag-lobe","15":"product_tag-lobulo","16":"product_tag-medusa","17":"product_tag-oreja","18":"product_tag-perforacion","19":"product_tag-philtrum","20":"product_tag-piercing","21":"product_tag-repuesto","22":"product_tag-spare","23":"product_tag-tragus","25":"first","26":"instock","27":"taxable","28":"shipping-taxable","29":"purchasable","30":"product-type-variable"},"acf":[],"gallery_images":[27736,27737],"_links":{"self":[{"href":"https:\/\/tremunpiercing.com\/fr\/wp-json\/wp\/v2\/product\/15673","targetHints":{"allow":["GET"]}}],"collection":[{"href":"https:\/\/tremunpiercing.com\/fr\/wp-json\/wp\/v2\/product"}],"about":[{"href":"https:\/\/tremunpiercing.com\/fr\/wp-json\/wp\/v2\/types\/product"}],"replies":[{"embeddable":true,"href":"https:\/\/tremunpiercing.com\/fr\/wp-json\/wp\/v2\/comments?post=15673"}],"version-history":[{"count":1,"href":"https:\/\/tremunpiercing.com\/fr\/wp-json\/wp\/v2\/product\/15673\/revisions"}],"predecessor-version":[{"id":27738,"href":"https:\/\/tremunpiercing.com\/fr\/wp-json\/wp\/v2\/product\/15673\/revisions\/27738"}],"wp:featuredmedia":[{"embeddable":true,"href":"https:\/\/tremunpiercing.com\/fr\/wp-json\/wp\/v2\/media\/15678"}],"wp:attachment":[{"href":"https:\/\/tremunpiercing.com\/fr\/wp-json\/wp\/v2\/media?parent=15673"}],"wp:term":[{"taxonomy":"product_brand","embeddable":true,"href":"https:\/\/tremunpiercing.com\/fr\/wp-json\/wp\/v2\/product_brand?post=15673"},{"taxonomy":"product_cat","embeddable":true,"href":"https:\/\/tremunpiercing.com\/fr\/wp-json\/wp\/v2\/product_cat?post=15673"},{"taxonomy":"product_tag","embeddable":true,"href":"https:\/\/tremunpiercing.com\/fr\/wp-json\/wp\/v2\/product_tag?post=15673"}],"curies":[{"name":"wp","href":"https:\/\/api.w.org\/{rel}","templated":true}]}}