{"id":15862,"date":"2025-04-15T22:09:47","date_gmt":"2025-04-15T21:09:47","guid":{"rendered":"https:\/\/tremunpiercing.com\/?post_type=product&#038;p=15862"},"modified":"2026-04-17T17:06:28","modified_gmt":"2026-04-17T16:06:28","slug":"dermal-top-sw-crystal-light-peach","status":"publish","type":"product","link":"https:\/\/tremunpiercing.com\/fr\/product\/dermal-top-sw-crystal-light-peach\/","title":{"rendered":"Dermal Top - SW Crystal Light Peach"},"content":{"rendered":"<p>Le Dermal Top SW Crystal Light Peach ajoute un peu de sophistication et de douceur aux lignes de bijoux de piercing professionnels. Fabriqu\u00e9 en titane F-136 de qualit\u00e9 implantaire, cet embout dermique est \u00e0 filetage interne et con\u00e7u pour \u00eatre s\u00fbr, hypoallerg\u00e9nique et port\u00e9 \u00e0 long terme. Ce top dermique est disponible en diam\u00e8tres 2,5 mm, 3 mm, 4 mm ou 5 mm et en calibres 16G - 14G, ce qui permet de le porter confortablement et en toute s\u00e9curit\u00e9 pour une multitude de placements. Le cristal Light Peach SW offre une brillance douce, \u00e9l\u00e9gante mais discr\u00e8te, une demande fr\u00e9quente de nos clients qui pr\u00e9f\u00e8rent des tons de pierres moins \u00e9vidents. L'ajout d'un si beau cristal dermique <a href=\"https:\/\/tremunpiercing.com\/product-category\/titanium-jewelry\/tops-titanium-jewelry\/\">sommet<\/a> dans votre magasin de bijoux corporels en gros offrira \u00e0 vos clients un niveau suppl\u00e9mentaire de s\u00e9curit\u00e9 et de beaut\u00e9, fusionn\u00e9 en un seul bijou professionnel.<\/p>\n<p>&nbsp;<\/p>","protected":false},"excerpt":{"rendered":"<ul>\n<li>Filetage interne<\/li>\n<li>Mat\u00e9riau : Titane de qualit\u00e9 implantaire F-136<\/li>\n<li>Diam\u00e8tre : 2,5mm - 3mm - 4mm - 5mm<\/li>\n<li>Jauge : 16G - 14G<\/li>\n<\/ul>","protected":false},"featured_media":15870,"comment_status":"closed","ping_status":"closed","template":"","meta":{"_acf_changed":false},"product_brand":[],"product_cat":[442,340,343],"product_tag":[187,215,216,188,189,210,211,212,190,183,213,184,207],"class_list":{"0":"post-15862","1":"product","2":"type-product","3":"status-publish","4":"has-post-thumbnail","6":"product_cat-sw","7":"product_cat-titanium-jewelry","8":"product_cat-tops-titanium-jewelry","9":"product_tag-conch","10":"product_tag-dermal-top","11":"product_tag-disc","12":"product_tag-ear","13":"product_tag-helix","14":"product_tag-labret","15":"product_tag-lip","16":"product_tag-medusa","17":"product_tag-oreja","18":"product_tag-perforacion","19":"product_tag-philtrum","20":"product_tag-piercing","21":"product_tag-tragus","23":"first","24":"instock","25":"taxable","26":"shipping-taxable","27":"purchasable","28":"product-type-variable"},"acf":[],"gallery_images":[27706,27705],"_links":{"self":[{"href":"https:\/\/tremunpiercing.com\/fr\/wp-json\/wp\/v2\/product\/15862","targetHints":{"allow":["GET"]}}],"collection":[{"href":"https:\/\/tremunpiercing.com\/fr\/wp-json\/wp\/v2\/product"}],"about":[{"href":"https:\/\/tremunpiercing.com\/fr\/wp-json\/wp\/v2\/types\/product"}],"replies":[{"embeddable":true,"href":"https:\/\/tremunpiercing.com\/fr\/wp-json\/wp\/v2\/comments?post=15862"}],"version-history":[{"count":1,"href":"https:\/\/tremunpiercing.com\/fr\/wp-json\/wp\/v2\/product\/15862\/revisions"}],"predecessor-version":[{"id":27709,"href":"https:\/\/tremunpiercing.com\/fr\/wp-json\/wp\/v2\/product\/15862\/revisions\/27709"}],"wp:featuredmedia":[{"embeddable":true,"href":"https:\/\/tremunpiercing.com\/fr\/wp-json\/wp\/v2\/media\/15870"}],"wp:attachment":[{"href":"https:\/\/tremunpiercing.com\/fr\/wp-json\/wp\/v2\/media?parent=15862"}],"wp:term":[{"taxonomy":"product_brand","embeddable":true,"href":"https:\/\/tremunpiercing.com\/fr\/wp-json\/wp\/v2\/product_brand?post=15862"},{"taxonomy":"product_cat","embeddable":true,"href":"https:\/\/tremunpiercing.com\/fr\/wp-json\/wp\/v2\/product_cat?post=15862"},{"taxonomy":"product_tag","embeddable":true,"href":"https:\/\/tremunpiercing.com\/fr\/wp-json\/wp\/v2\/product_tag?post=15862"}],"curies":[{"name":"wp","href":"https:\/\/api.w.org\/{rel}","templated":true}]}}