{"id":17798,"date":"2025-06-05T17:32:26","date_gmt":"2025-06-05T16:32:26","guid":{"rendered":"https:\/\/tremunpiercing.com\/?post_type=product&#038;p=17798"},"modified":"2026-04-15T20:44:10","modified_gmt":"2026-04-15T19:44:10","slug":"sunstone-cabochon","status":"publish","type":"product","link":"https:\/\/tremunpiercing.com\/fr\/product\/sunstone-cabochon\/","title":{"rendered":"Cabochon de pierre de soleil"},"content":{"rendered":"<p>D\u00e9couvrez la beaut\u00e9 naturelle dans votre inventaire de piercings avec le cabochon Sunstone, fabriqu\u00e9 en titane F-136 de qualit\u00e9 implantaire pour maximiser la s\u00e9curit\u00e9 et la durabilit\u00e9. Disponible dans une gamme de tailles allant de 3 mm \u00e0 6 mm et dans une gamme de calibres allant de 16G \u00e0 14G, cette pi\u00e8ce est con\u00e7ue pour les perceurs professionnels qui privil\u00e9gient la qualit\u00e9. Dot\u00e9e d'une pierre de soleil chaude et \u00e9tincelante qui \u00e9met une belle lueur, cette pierre pr\u00e9cieuse s'accorde aussi bien avec les piercings subtils qu'avec les piercings surdimensionn\u00e9s.<\/p>\n<p>Tremun Piercing garantit que chaque bijou de piercing que nous fournissons est hypoallerg\u00e9nique, dot\u00e9 d'un filetage interne et adapt\u00e9 \u00e0 un usage \u00e0 long terme. Tremun Piercing est vendu \u00e0 des studios de piercing, des magasins de tatouage et des distributeurs de bijoux dans le monde entier. La sp\u00e9cificit\u00e9 de la forme du cabochon fonctionnera extr\u00eamement bien pour chaque commande en gros, et Tremun Piercing appr\u00e9cie le soutien des d\u00e9taillants et des vendeurs de bijoux corporels \u00e0 travers toute l'Europe, les \u00c9tats-Unis et le Royaume-Uni qui cherchent \u00e0 fournir \u00e0 leurs clients des bijoux de piercing en pierres pr\u00e9cieuses de qualit\u00e9. Ne manquez pas de vous approvisionner en pierres pr\u00e9cieuses, <strong>bijoux corporels en gros de qualit\u00e9 m\u00e9dicale<\/strong> et offrez \u00e0 vos clients une pierre pr\u00e9cieuse qui se distinguera par son style classique. <a href=\"https:\/\/tremunpiercing.com\/registration\/\">R\u00e9sister en tant que perceur professionnel<\/a><\/p>","protected":false},"excerpt":{"rendered":"<ul>\n<li>Filetage interne<\/li>\n<li>Mat\u00e9riau : Titane de qualit\u00e9 implantaire F-136<\/li>\n<li>Diam\u00e8tre : 3mm - 4mm - 5mm - 6mm<\/li>\n<li>Jauge : 16G - 14G<\/li>\n<li>Gemmes : Pierre de soleil<\/li>\n<\/ul>","protected":false},"featured_media":17805,"comment_status":"closed","ping_status":"closed","template":"","meta":{"_acf_changed":false},"product_brand":[],"product_cat":[340,343],"product_tag":[192,193,202,179,180,194,188,189,195,196,226,190,183,184,197,198],"class_list":{"0":"post-17798","1":"product","2":"type-product","3":"status-publish","4":"has-post-thumbnail","6":"product_cat-titanium-jewelry","7":"product_cat-tops-titanium-jewelry","8":"product_tag-anillo","9":"product_tag-argolla","10":"product_tag-clicker","11":"product_tag-cristal","12":"product_tag-cz","13":"product_tag-daith","14":"product_tag-ear","15":"product_tag-helix","16":"product_tag-hinged-ring","17":"product_tag-nariz","18":"product_tag-opal","19":"product_tag-oreja","20":"product_tag-perforacion","21":"product_tag-piercing","22":"product_tag-ring","23":"product_tag-septum","25":"first","26":"instock","27":"taxable","28":"shipping-taxable","29":"purchasable","30":"product-type-variable"},"acf":[],"gallery_images":[17804,27666,27667],"_links":{"self":[{"href":"https:\/\/tremunpiercing.com\/fr\/wp-json\/wp\/v2\/product\/17798","targetHints":{"allow":["GET"]}}],"collection":[{"href":"https:\/\/tremunpiercing.com\/fr\/wp-json\/wp\/v2\/product"}],"about":[{"href":"https:\/\/tremunpiercing.com\/fr\/wp-json\/wp\/v2\/types\/product"}],"replies":[{"embeddable":true,"href":"https:\/\/tremunpiercing.com\/fr\/wp-json\/wp\/v2\/comments?post=17798"}],"version-history":[{"count":2,"href":"https:\/\/tremunpiercing.com\/fr\/wp-json\/wp\/v2\/product\/17798\/revisions"}],"predecessor-version":[{"id":27668,"href":"https:\/\/tremunpiercing.com\/fr\/wp-json\/wp\/v2\/product\/17798\/revisions\/27668"}],"wp:featuredmedia":[{"embeddable":true,"href":"https:\/\/tremunpiercing.com\/fr\/wp-json\/wp\/v2\/media\/17805"}],"wp:attachment":[{"href":"https:\/\/tremunpiercing.com\/fr\/wp-json\/wp\/v2\/media?parent=17798"}],"wp:term":[{"taxonomy":"product_brand","embeddable":true,"href":"https:\/\/tremunpiercing.com\/fr\/wp-json\/wp\/v2\/product_brand?post=17798"},{"taxonomy":"product_cat","embeddable":true,"href":"https:\/\/tremunpiercing.com\/fr\/wp-json\/wp\/v2\/product_cat?post=17798"},{"taxonomy":"product_tag","embeddable":true,"href":"https:\/\/tremunpiercing.com\/fr\/wp-json\/wp\/v2\/product_tag?post=17798"}],"curies":[{"name":"wp","href":"https:\/\/api.w.org\/{rel}","templated":true}]}}