{"id":20783,"date":"2025-09-01T15:52:00","date_gmt":"2025-09-01T14:52:00","guid":{"rendered":"https:\/\/tremunpiercing.com\/?post_type=product&#038;p=20783"},"modified":"2026-04-09T14:56:30","modified_gmt":"2026-04-09T13:56:30","slug":"katia-moissanite-green","status":"publish","type":"product","link":"https:\/\/tremunpiercing.com\/fr\/product\/katia-moissanite-green\/","title":{"rendered":"Katia Moissanite Green"},"content":{"rendered":"<p>Le Katia Moissanite Green red\u00e9finit le luxe des bijoux de piercing, avec des pierres brillantes et vibrantes. La pierre moissanite est d'un vert vif et apporte une \u00e9nergie de modernit\u00e9 ; elle est fabriqu\u00e9e en or jaune 14k massif.<\/p>\n<p>Le tenon 14G (7 mm), \u00e0 filetage interne, contient la pr\u00e9cision du designer, la s\u00e9curit\u00e9 et la facilit\u00e9 de changement de bijou ; il est id\u00e9al pour les piercings conques, h\u00e9lix ou plats. Le Katia Moissanite Green est tr\u00e8s appr\u00e9ci\u00e9 par les professionnels des studios, car il ajoute de la sophistication et de la couleur \u00e0 une riche pr\u00e9sentation de bijoux corporels contemporains. La Katia Moissanite Green est con\u00e7ue pour la long\u00e9vit\u00e9 et la brillance, ce qui en fait un choix de premier ordre pour les studios de piercing et les fournisseurs de bijoux \u00e0 la recherche de pi\u00e8ces uniques, pr\u00e9cieuses et de grande valeur.<\/p>","protected":false},"excerpt":{"rendered":"<ul>\n<li>Filetage int\u00e9rieur<\/li>\n<li>Jauge : 14G<\/li>\n<li>Diam\u00e8tre : 7 mm<\/li>\n<li>Mati\u00e8re : Or jaune 14k<\/li>\n<li>Gem : Moissanite verte<\/li>\n<\/ul>","protected":false},"featured_media":20972,"comment_status":"closed","ping_status":"closed","template":"","meta":{"_acf_changed":false},"product_brand":[],"product_cat":[400,337,463],"product_tag":[187,188,189,205,206,190,183,184,207],"class_list":{"0":"post-20783","1":"product","2":"type-product","3":"status-publish","4":"has-post-thumbnail","6":"product_cat-tremun","7":"product_cat-gold-jewelry","8":"product_cat-tops-gold-tremun","9":"product_tag-conch","10":"product_tag-ear","11":"product_tag-helix","12":"product_tag-lobe","13":"product_tag-lobulo","14":"product_tag-oreja","15":"product_tag-perforacion","16":"product_tag-piercing","17":"product_tag-tragus","19":"first","20":"instock","21":"taxable","22":"shipping-taxable","23":"purchasable","24":"product-type-simple"},"acf":[],"gallery_images":[29296,29295],"_links":{"self":[{"href":"https:\/\/tremunpiercing.com\/fr\/wp-json\/wp\/v2\/product\/20783","targetHints":{"allow":["GET"]}}],"collection":[{"href":"https:\/\/tremunpiercing.com\/fr\/wp-json\/wp\/v2\/product"}],"about":[{"href":"https:\/\/tremunpiercing.com\/fr\/wp-json\/wp\/v2\/types\/product"}],"replies":[{"embeddable":true,"href":"https:\/\/tremunpiercing.com\/fr\/wp-json\/wp\/v2\/comments?post=20783"}],"version-history":[{"count":1,"href":"https:\/\/tremunpiercing.com\/fr\/wp-json\/wp\/v2\/product\/20783\/revisions"}],"predecessor-version":[{"id":29299,"href":"https:\/\/tremunpiercing.com\/fr\/wp-json\/wp\/v2\/product\/20783\/revisions\/29299"}],"wp:featuredmedia":[{"embeddable":true,"href":"https:\/\/tremunpiercing.com\/fr\/wp-json\/wp\/v2\/media\/20972"}],"wp:attachment":[{"href":"https:\/\/tremunpiercing.com\/fr\/wp-json\/wp\/v2\/media?parent=20783"}],"wp:term":[{"taxonomy":"product_brand","embeddable":true,"href":"https:\/\/tremunpiercing.com\/fr\/wp-json\/wp\/v2\/product_brand?post=20783"},{"taxonomy":"product_cat","embeddable":true,"href":"https:\/\/tremunpiercing.com\/fr\/wp-json\/wp\/v2\/product_cat?post=20783"},{"taxonomy":"product_tag","embeddable":true,"href":"https:\/\/tremunpiercing.com\/fr\/wp-json\/wp\/v2\/product_tag?post=20783"}],"curies":[{"name":"wp","href":"https:\/\/api.w.org\/{rel}","templated":true}]}}