{"id":21286,"date":"2025-09-08T15:37:04","date_gmt":"2025-09-08T14:37:04","guid":{"rendered":"https:\/\/tremunpiercing.com\/?post_type=product&#038;p=21286"},"modified":"2026-04-09T10:36:23","modified_gmt":"2026-04-09T09:36:23","slug":"margot-swiss-blue-topaz","status":"publish","type":"product","link":"https:\/\/tremunpiercing.com\/fr\/product\/margot-swiss-blue-topaz\/","title":{"rendered":"Margot - Topaze bleue suisse"},"content":{"rendered":"<h2 data-start=\"5461\" data-end=\"5516\">Margot Swiss Blue Topaz (Push Pin Accessory)<\/h2>\n<p>L'accessoire Margot Swiss Blue Topaz Push Pin ajoute \u00e0 la beaut\u00e9 de votre collection de piercings professionnels. La pi\u00e8ce est compos\u00e9e d'or jaune 14 carats et met en valeur la clart\u00e9 spectaculaire de la topaze bleue suisse, et le Swarovski blanc ajoute un \u00e9clat sophistiqu\u00e9 \u00e0 c\u00f4t\u00e9 de la pierre. La couleur bleue classique est un choix intemporel, moderne, et peut \u00eatre m\u00e9lang\u00e9e et assortie facilement dans une oreille con\u00e7ue et conserv\u00e9e.<\/p>\n<p>L'accessoire est de 25G, s'ajuste bien et sert de goupille de pouss\u00e9e, donnant une pi\u00e8ce s\u00fbre pour les perceurs avec la facilit\u00e9 de pouvoir l'installer. C'est un excellent moyen pour votre studio ou votre fournisseur de bijoux d'offrir un cycle de vie de luxe avec un design de bijoux corporels confortable \u00e0 porter pour les clients qui aiment les pierres pr\u00e9cieuses fines. Le Margot Swiss Blue Topaz est une pi\u00e8ce \u00e9tonnante de savoir-faire et de couleur audacieuse ; cet accessoire se remarque dans la gamme de tous les piercings.<\/p>","protected":false},"excerpt":{"rendered":"<ul>\n<li>Accessoire de la goupille de pouss\u00e9e<\/li>\n<li>Calibre : 25G<\/li>\n<li>Mati\u00e8re : Or jaune 14k<\/li>\n<li>Gemmes : Topaze bleue suisse + SW White<\/li>\n<\/ul>","protected":false},"featured_media":21287,"comment_status":"closed","ping_status":"closed","template":"","meta":{"_acf_changed":false},"product_brand":[],"product_cat":[400,337,463],"product_tag":[187,188,189,205,206,190,183,184,207],"class_list":{"0":"post-21286","1":"product","2":"type-product","3":"status-publish","4":"has-post-thumbnail","6":"product_cat-tremun","7":"product_cat-gold-jewelry","8":"product_cat-tops-gold-tremun","9":"product_tag-conch","10":"product_tag-ear","11":"product_tag-helix","12":"product_tag-lobe","13":"product_tag-lobulo","14":"product_tag-oreja","15":"product_tag-perforacion","16":"product_tag-piercing","17":"product_tag-tragus","19":"first","20":"instock","21":"taxable","22":"shipping-taxable","23":"purchasable","24":"product-type-simple"},"acf":[],"gallery_images":[29213,29214],"_links":{"self":[{"href":"https:\/\/tremunpiercing.com\/fr\/wp-json\/wp\/v2\/product\/21286","targetHints":{"allow":["GET"]}}],"collection":[{"href":"https:\/\/tremunpiercing.com\/fr\/wp-json\/wp\/v2\/product"}],"about":[{"href":"https:\/\/tremunpiercing.com\/fr\/wp-json\/wp\/v2\/types\/product"}],"replies":[{"embeddable":true,"href":"https:\/\/tremunpiercing.com\/fr\/wp-json\/wp\/v2\/comments?post=21286"}],"version-history":[{"count":1,"href":"https:\/\/tremunpiercing.com\/fr\/wp-json\/wp\/v2\/product\/21286\/revisions"}],"predecessor-version":[{"id":29215,"href":"https:\/\/tremunpiercing.com\/fr\/wp-json\/wp\/v2\/product\/21286\/revisions\/29215"}],"wp:featuredmedia":[{"embeddable":true,"href":"https:\/\/tremunpiercing.com\/fr\/wp-json\/wp\/v2\/media\/21287"}],"wp:attachment":[{"href":"https:\/\/tremunpiercing.com\/fr\/wp-json\/wp\/v2\/media?parent=21286"}],"wp:term":[{"taxonomy":"product_brand","embeddable":true,"href":"https:\/\/tremunpiercing.com\/fr\/wp-json\/wp\/v2\/product_brand?post=21286"},{"taxonomy":"product_cat","embeddable":true,"href":"https:\/\/tremunpiercing.com\/fr\/wp-json\/wp\/v2\/product_cat?post=21286"},{"taxonomy":"product_tag","embeddable":true,"href":"https:\/\/tremunpiercing.com\/fr\/wp-json\/wp\/v2\/product_tag?post=21286"}],"curies":[{"name":"wp","href":"https:\/\/api.w.org\/{rel}","templated":true}]}}