{"id":21295,"date":"2025-09-08T16:02:55","date_gmt":"2025-09-08T15:02:55","guid":{"rendered":"https:\/\/tremunpiercing.com\/?post_type=product&#038;p=21295"},"modified":"2026-04-09T10:18:15","modified_gmt":"2026-04-09T09:18:15","slug":"margot-moss-agate","status":"publish","type":"product","link":"https:\/\/tremunpiercing.com\/fr\/product\/margot-moss-agate\/","title":{"rendered":"Margot - Agate mousse"},"content":{"rendered":"<h2>Margot Moss Agate (accessoire \u00e0 broche)<\/h2>\n<p>L'accessoire Margot Moss Agate Push Pin est un bijou corporel sophistiqu\u00e9 en or jaune 14 carats, destin\u00e9 \u00e0 mettre en valeur l'art du piercing contemporain. Le travail artisanal souligne la forme organique de l'agate mousse tout en mettant en valeur la beaut\u00e9 organique de la gemme : les inclusions vertes naturelles qui donnent du caract\u00e8re \u00e0 la pierre. Pour aller plus loin, les accents Swarovski White ajoutent la quantit\u00e9 parfaite d'\u00e9clat tout en restant doux et facile \u00e0 porter. Avec son calibre de pr\u00e9cision 25G, l'accessoire est confortable et con\u00e7u pour une utilisation professionnelle dans les diff\u00e9rentes positions de per\u00e7age de l'oreille.<\/p>\n<p>Gr\u00e2ce \u00e0 des caract\u00e9ristiques telles que la fermeture \u00e0 goupille naturelle, ce bijou offre une combinaison id\u00e9ale de s\u00e9curit\u00e9 tout en \u00e9tant assur\u00e9 de pouvoir \u00eatre port\u00e9 tous les jours en sachant qu'il subira les rigueurs d'un accessoire. Il s'agit d'une offre id\u00e9ale pour les studios de piercing ou les d\u00e9taillants de bijoux. L'agate Margot Moss est le reflet parfait de la rencontre entre l'art luxueux et le charme organique. Cette offre est s\u00fbre de ravir vos clients et de devenir leur premier choix pour offrir une sensation de sophistication terreuse sur toute la ligne. L'accessoire s'int\u00e9grera dans n'importe quel projet d'oreille curative et offrira les \u00e9l\u00e9ments uniques qui feront de l'accessoire Margot Moss Agate Push pin un ajout essentiel \u00e0 toute collection professionnelle ou de mise en sc\u00e8ne.<\/p>","protected":false},"excerpt":{"rendered":"<ul>\n<li>Accessoire de la goupille de pouss\u00e9e<\/li>\n<li>Calibre : 25G<\/li>\n<li>Mati\u00e8re : Or jaune 14k<\/li>\n<li>Gemmes : Agate mousse + SW blanc<\/li>\n<\/ul>","protected":false},"featured_media":21296,"comment_status":"closed","ping_status":"closed","template":"","meta":{"_acf_changed":false},"product_brand":[],"product_cat":[400,337,463],"product_tag":[187,188,189,205,206,190,183,184,207],"class_list":{"0":"post-21295","1":"product","2":"type-product","3":"status-publish","4":"has-post-thumbnail","6":"product_cat-tremun","7":"product_cat-gold-jewelry","8":"product_cat-tops-gold-tremun","9":"product_tag-conch","10":"product_tag-ear","11":"product_tag-helix","12":"product_tag-lobe","13":"product_tag-lobulo","14":"product_tag-oreja","15":"product_tag-perforacion","16":"product_tag-piercing","17":"product_tag-tragus","19":"first","20":"instock","21":"taxable","22":"shipping-taxable","23":"purchasable","24":"product-type-simple"},"acf":[],"gallery_images":[29207,29208],"_links":{"self":[{"href":"https:\/\/tremunpiercing.com\/fr\/wp-json\/wp\/v2\/product\/21295","targetHints":{"allow":["GET"]}}],"collection":[{"href":"https:\/\/tremunpiercing.com\/fr\/wp-json\/wp\/v2\/product"}],"about":[{"href":"https:\/\/tremunpiercing.com\/fr\/wp-json\/wp\/v2\/types\/product"}],"replies":[{"embeddable":true,"href":"https:\/\/tremunpiercing.com\/fr\/wp-json\/wp\/v2\/comments?post=21295"}],"version-history":[{"count":1,"href":"https:\/\/tremunpiercing.com\/fr\/wp-json\/wp\/v2\/product\/21295\/revisions"}],"predecessor-version":[{"id":29209,"href":"https:\/\/tremunpiercing.com\/fr\/wp-json\/wp\/v2\/product\/21295\/revisions\/29209"}],"wp:featuredmedia":[{"embeddable":true,"href":"https:\/\/tremunpiercing.com\/fr\/wp-json\/wp\/v2\/media\/21296"}],"wp:attachment":[{"href":"https:\/\/tremunpiercing.com\/fr\/wp-json\/wp\/v2\/media?parent=21295"}],"wp:term":[{"taxonomy":"product_brand","embeddable":true,"href":"https:\/\/tremunpiercing.com\/fr\/wp-json\/wp\/v2\/product_brand?post=21295"},{"taxonomy":"product_cat","embeddable":true,"href":"https:\/\/tremunpiercing.com\/fr\/wp-json\/wp\/v2\/product_cat?post=21295"},{"taxonomy":"product_tag","embeddable":true,"href":"https:\/\/tremunpiercing.com\/fr\/wp-json\/wp\/v2\/product_tag?post=21295"}],"curies":[{"name":"wp","href":"https:\/\/api.w.org\/{rel}","templated":true}]}}