{"id":21988,"date":"2025-09-17T19:20:38","date_gmt":"2025-09-17T18:20:38","guid":{"rendered":"https:\/\/tremunpiercing.com\/?post_type=product&#038;p=21988"},"modified":"2026-03-18T17:08:43","modified_gmt":"2026-03-18T16:08:43","slug":"lena-sw-lavender","status":"publish","type":"product","link":"https:\/\/tremunpiercing.com\/fr\/product\/lena-sw-lavender\/","title":{"rendered":"Lena - SW Lavande"},"content":{"rendered":"<p>Le Lena SW Lavender offre un style sans effort et une sophistication discr\u00e8te. Cette boucle d'oreille \u00e0 filetage interne de 3 mm, 16G, fabriqu\u00e9e en titane F-136 de qualit\u00e9 implantaire, met en valeur un d\u00e9licat cristal Swarovski Lavender qui \u00e9met de douces tonalit\u00e9s pastel. Elle est id\u00e9ale pour les piercings du labret, du tragus, de l'h\u00e9lix et du lobe.<\/p>\n<p>Il s'installe facilement tout en offrant un confort optimal et une grande s\u00e9curit\u00e9 pour la peau. Il est parfait pour les perceurs de pr\u00e9cision, car il constitue un bijou fiable et sophistiqu\u00e9. L'\u00e9clat apaisant de la couleur lavande est un choix parfait pour les clients qui recherchent la beaut\u00e9 d'un luxe discret dans les bijoux de tous les jours.<\/p>","protected":false},"excerpt":{"rendered":"<ul>\n<li>Filetage interne<\/li>\n<li>Mat\u00e9riau : Titane de qualit\u00e9 implantaire F-136<\/li>\n<li>Taille : 3 mm<\/li>\n<li>Pierre pr\u00e9cieuse : Cristal de Swarovski<\/li>\n<li>Jauge : 16G<\/li>\n<\/ul>","protected":false},"featured_media":21989,"comment_status":"closed","ping_status":"closed","template":"","meta":{"_acf_changed":false},"product_brand":[],"product_cat":[442,340,343],"product_tag":[187,188,189,210,211,199,190,183,184],"class_list":{"0":"post-21988","1":"product","2":"type-product","3":"status-publish","4":"has-post-thumbnail","6":"product_cat-sw","7":"product_cat-titanium-jewelry","8":"product_cat-tops-titanium-jewelry","9":"product_tag-conch","10":"product_tag-ear","11":"product_tag-helix","12":"product_tag-labret","13":"product_tag-lip","14":"product_tag-nostril","15":"product_tag-oreja","16":"product_tag-perforacion","17":"product_tag-piercing","19":"first","20":"instock","21":"taxable","22":"shipping-taxable","23":"purchasable","24":"product-type-simple"},"acf":[],"gallery_images":[27515,27514],"_links":{"self":[{"href":"https:\/\/tremunpiercing.com\/fr\/wp-json\/wp\/v2\/product\/21988","targetHints":{"allow":["GET"]}}],"collection":[{"href":"https:\/\/tremunpiercing.com\/fr\/wp-json\/wp\/v2\/product"}],"about":[{"href":"https:\/\/tremunpiercing.com\/fr\/wp-json\/wp\/v2\/types\/product"}],"replies":[{"embeddable":true,"href":"https:\/\/tremunpiercing.com\/fr\/wp-json\/wp\/v2\/comments?post=21988"}],"version-history":[{"count":1,"href":"https:\/\/tremunpiercing.com\/fr\/wp-json\/wp\/v2\/product\/21988\/revisions"}],"predecessor-version":[{"id":27517,"href":"https:\/\/tremunpiercing.com\/fr\/wp-json\/wp\/v2\/product\/21988\/revisions\/27517"}],"wp:featuredmedia":[{"embeddable":true,"href":"https:\/\/tremunpiercing.com\/fr\/wp-json\/wp\/v2\/media\/21989"}],"wp:attachment":[{"href":"https:\/\/tremunpiercing.com\/fr\/wp-json\/wp\/v2\/media?parent=21988"}],"wp:term":[{"taxonomy":"product_brand","embeddable":true,"href":"https:\/\/tremunpiercing.com\/fr\/wp-json\/wp\/v2\/product_brand?post=21988"},{"taxonomy":"product_cat","embeddable":true,"href":"https:\/\/tremunpiercing.com\/fr\/wp-json\/wp\/v2\/product_cat?post=21988"},{"taxonomy":"product_tag","embeddable":true,"href":"https:\/\/tremunpiercing.com\/fr\/wp-json\/wp\/v2\/product_tag?post=21988"}],"curies":[{"name":"wp","href":"https:\/\/api.w.org\/{rel}","templated":true}]}}